{"id":165,"date":"2020-02-18T07:34:41","date_gmt":"2020-02-18T07:34:41","guid":{"rendered":"https:\/\/demosites.io\/fitness-gb\/?page_id=165"},"modified":"2026-01-27T01:42:11","modified_gmt":"2026-01-26T23:42:11","slug":"taukopaikka","status":"publish","type":"page","link":"https:\/\/kymenpaviljonki.fi\/en\/taukopaikka\/","title":{"rendered":"Resting place"},"content":{"rendered":"<div data-elementor-type=\"wp-page\" data-elementor-id=\"165\" class=\"elementor elementor-165\">\n\t\t\t\t\t\t<section class=\"elementor-section elementor-top-section elementor-element elementor-element-7d6c4e2 elementor-section-full_width elementor-section-height-min-height elementor-section-height-default elementor-section-items-middle\" data-id=\"7d6c4e2\" data-element_type=\"section\" data-e-type=\"section\" data-settings=\"{&quot;animation&quot;:&quot;none&quot;}\">\n\t\t\t\t\t\t\t<div class=\"elementor-background-overlay\"><\/div>\n\t\t\t\t\t\t\t<div class=\"elementor-container elementor-column-gap-default\">\n\t\t\t\t\t<div class=\"elementor-column elementor-col-100 elementor-top-column elementor-element elementor-element-370354b\" data-id=\"370354b\" data-element_type=\"column\" data-e-type=\"column\">\n\t\t\t<div class=\"elementor-widget-wrap elementor-element-populated\">\n\t\t\t\t\t\t<div class=\"elementor-element elementor-element-a0b210b elementor-widget elementor-widget-heading\" data-id=\"a0b210b\" data-element_type=\"widget\" data-e-type=\"widget\" data-widget_type=\"heading.default\">\n\t\t\t\t<div class=\"elementor-widget-container\">\n\t\t\t\t\t<h2 class=\"elementor-heading-title elementor-size-default\">Resting place\n<\/h2>\t\t\t\t<\/div>\n\t\t\t\t<\/div>\n\t\t\t\t\t<\/div>\n\t\t<\/div>\n\t\t\t\t\t<\/div>\n\t\t<\/section>\n\t\t\t\t<section class=\"elementor-section elementor-top-section elementor-element elementor-element-1ddd2 elementor-section-boxed elementor-section-height-default elementor-section-height-default\" data-id=\"1ddd2\" data-element_type=\"section\" data-e-type=\"section\">\n\t\t\t\t\t\t<div class=\"elementor-container elementor-column-gap-default\">\n\t\t\t\t\t<div class=\"elementor-column elementor-col-100 elementor-top-column elementor-element elementor-element-596d07c6\" data-id=\"596d07c6\" data-element_type=\"column\" data-e-type=\"column\">\n\t\t\t<div class=\"elementor-widget-wrap elementor-element-populated\">\n\t\t\t\t\t\t<section class=\"elementor-section elementor-inner-section elementor-element elementor-element-9ae13bd elementor-section-boxed elementor-section-height-default elementor-section-height-default\" data-id=\"9ae13bd\" data-element_type=\"section\" data-e-type=\"section\">\n\t\t\t\t\t\t<div class=\"elementor-container elementor-column-gap-default\">\n\t\t\t\t\t<div class=\"elementor-column elementor-col-50 elementor-inner-column elementor-element elementor-element-4c7d0a8\" data-id=\"4c7d0a8\" data-element_type=\"column\" data-e-type=\"column\">\n\t\t\t<div class=\"elementor-widget-wrap elementor-element-populated\">\n\t\t\t\t\t\t<div class=\"elementor-element elementor-element-f7293d1 elementor-widget elementor-widget-text-editor\" data-id=\"f7293d1\" data-element_type=\"widget\" data-e-type=\"widget\" data-widget_type=\"text-editor.default\">\n\t\t\t\t<div class=\"elementor-widget-container\">\n\t\t\t\t\t\t\t\t\t<h3>Dog-friendly break area<\/h3><p style=\"letter-spacing: normal; font-family: Poppins, var(--nv-fallback-ff); color: #1f1f20;\"><span style=\"font-size: 16px;\">Furry paws are welcome here too! Dogs and other pets are allowed in the checkout areas, toilets and the pet-friendly area inside. <\/span><span style=\"font-size: 16px;\">Both of our terraces are also open to people with animals, so you can take a break for a quiet coffee or a longer stop at your own pace. A small wooded area opens up in our backyard where dogs can be exercised during the break.\u00a0<\/span><\/p>\t\t\t\t\t\t\t\t<\/div>\n\t\t\t\t<\/div>\n\t\t\t\t<div class=\"elementor-element elementor-element-b1c9d14 elementor-widget elementor-widget-text-editor\" data-id=\"b1c9d14\" data-element_type=\"widget\" data-e-type=\"widget\" data-widget_type=\"text-editor.default\">\n\t\t\t\t<div class=\"elementor-widget-container\">\n\t\t\t\t\t\t\t\t\t<h3>Tasty home-cooked food from a buffet<\/h3><p>The Kymen Pavilion is a different, versatile and cosy place to take a break on the six-lane road right next to the Kymijoki River. Our products come straight from the kitchen, we make all the sweet and savoury delicacies in the line-up ourselves, from dry cakes to ear cakes. A double-sided buffet and spacious premises allow for quick dining for groups of all sizes. We've created a special menu just for bus groups, <a href=\"https:\/\/kymenpaviljonki.fi\/wp-content\/uploads\/2023\/02\/2023bussiryhmille.pdf\">you can see it from here<\/a><\/p><p>In addition to the usual payment methods, we accept Smartumpay, ePassport and Eazybreak.<\/p><p>The toilets are large and comfortable and there is plenty of space for parking.<\/p>\t\t\t\t\t\t\t\t<\/div>\n\t\t\t\t<\/div>\n\t\t\t\t<div class=\"elementor-element elementor-element-43605b7 elementor-widget elementor-widget-text-editor\" data-id=\"43605b7\" data-element_type=\"widget\" data-e-type=\"widget\" data-widget_type=\"text-editor.default\">\n\t\t\t\t<div class=\"elementor-widget-container\">\n\t\t\t\t\t\t\t\t\t<h3>Other treats and pastries<\/h3><p>Come and pick up homemade treats and baked goods from our bakery - from tasty dry cakes to delicious gluten-free products. We have a very wide range of our own products, sure to put a smile on your face.<\/p><p>We also have\u00a0<b>Brunbergs, Kouvolan Laku's, Lakumesta's<\/b>\u00a0and\u00a0<b>Runeberg's<\/b>\u00a0products for sale.<\/p><p>In our Kymenlaakso delicacies shop you will find a wide range of products from local producers.<\/p>\t\t\t\t\t\t\t\t<\/div>\n\t\t\t\t<\/div>\n\t\t\t\t<div class=\"elementor-element elementor-element-a071555 elementor-position-left elementor-vertical-align-middle elementor-widget elementor-widget-image-box\" data-id=\"a071555\" data-element_type=\"widget\" data-e-type=\"widget\" data-widget_type=\"image-box.default\">\n\t\t\t\t<div class=\"elementor-widget-container\">\n\t\t\t\t\t<div class=\"elementor-image-box-wrapper\"><figure class=\"elementor-image-box-img\"><a href=\"https:\/\/www.pentik.com\/\" tabindex=\"-1\"><img fetchpriority=\"high\" decoding=\"async\" width=\"250\" height=\"200\" src=\"https:\/\/kymenpaviljonki.fi\/wp-content\/uploads\/2021\/03\/pentik.jpg\" class=\"elementor-animation-grow attachment-full size-full wp-image-531\" alt=\"\" \/><\/a><\/figure><div class=\"elementor-image-box-content\"><h3 class=\"elementor-image-box-title\"><a href=\"https:\/\/www.pentik.com\/\">Pentik Gallery and Outlet<\/a><\/h3><p class=\"elementor-image-box-description\">Pentik Gallery is located in our property. Pentik-outlet offers wide range of ceramic products aswell as products not in season and seconds of the substandard products.<\/p><\/div><\/div>\t\t\t\t<\/div>\n\t\t\t\t<\/div>\n\t\t\t\t\t<\/div>\n\t\t<\/div>\n\t\t\t\t<div class=\"elementor-column elementor-col-50 elementor-inner-column elementor-element elementor-element-6d6a9b7\" data-id=\"6d6a9b7\" data-element_type=\"column\" data-e-type=\"column\">\n\t\t\t<div class=\"elementor-widget-wrap elementor-element-populated\">\n\t\t\t\t\t\t<div class=\"elementor-element elementor-element-cdaac3b elementor-widget elementor-widget-text-editor\" data-id=\"cdaac3b\" data-element_type=\"widget\" data-e-type=\"widget\" data-widget_type=\"text-editor.default\">\n\t\t\t\t<div class=\"elementor-widget-container\">\n\t\t\t\t\t\t\t\t\t<h3>What can you do at the Kymen Pavilion?<\/h3><p style=\"font-size: 18px; letter-spacing: 0.4px;\">Kymen Paviljonki is a break place that wants to offer a little more than just what you need. In addition to our cosy interiors, we have also invested in our environment. Here you can stroll through our gardens surrounded by water features and flower beds, explore the tranquil grove area or relax by the water on our pier.\u00a0<\/p><p style=\"letter-spacing: normal; font-family: Poppins, var(--nv-fallback-ff); color: #1f1f20;\"><span style=\"font-size: 18px; letter-spacing: 0.4px; font-family: Roboto, sans-serif;\">In the summer you can also pet goats and chickens. We bake most of the products in our line ourselves.<\/span><span style=\"font-size: 16px;\">\u00a0<\/span><\/p>\t\t\t\t\t\t\t\t<\/div>\n\t\t\t\t<\/div>\n\t\t\t\t<div class=\"elementor-element elementor-element-c191c83 elementor-position-left elementor-vertical-align-middle elementor-widget elementor-widget-image-box\" data-id=\"c191c83\" data-element_type=\"widget\" data-e-type=\"widget\" data-widget_type=\"image-box.default\">\n\t\t\t\t<div class=\"elementor-widget-container\">\n\t\t\t\t\t<div class=\"elementor-image-box-wrapper\"><figure class=\"elementor-image-box-img\"><img decoding=\"async\" src=\"https:\/\/kymenpaviljonki.fi\/wp-content\/uploads\/elementor\/thumbs\/IMG_20200530_123708-ppabp25q3gca9cacz4mn1s7jl8rhhnqpr32664er0k.jpg\" title=\"IMG_20200530_123708\" alt=\"IMG_20200530_123708\" class=\"elementor-animation-grow\" loading=\"lazy\" \/><\/figure><div class=\"elementor-image-box-content\"><h3 class=\"elementor-image-box-title\">Pets<\/h3><p class=\"elementor-image-box-description\">Come and see, scratch and feed the animals with the whole family. During the summer months there are goats living in the Pavilion and chickens in the backyard.<\/p><\/div><\/div>\t\t\t\t<\/div>\n\t\t\t\t<\/div>\n\t\t\t\t<div class=\"elementor-element elementor-element-543e819 elementor-position-left elementor-vertical-align-middle elementor-widget elementor-widget-image-box\" data-id=\"543e819\" data-element_type=\"widget\" data-e-type=\"widget\" data-widget_type=\"image-box.default\">\n\t\t\t\t<div class=\"elementor-widget-container\">\n\t\t\t\t\t<div class=\"elementor-image-box-wrapper\"><figure class=\"elementor-image-box-img\"><img decoding=\"async\" src=\"https:\/\/kymenpaviljonki.fi\/wp-content\/uploads\/elementor\/thumbs\/DSC_0340-scaled-ppac51eya27rmp2ro1abfr1n5204cf6fy6bbvgpt8k.jpg\" title=\"DSC_0340\" alt=\"DSC_0340\" class=\"elementor-animation-grow\" loading=\"lazy\" \/><\/figure><div class=\"elementor-image-box-content\"><h3 class=\"elementor-image-box-title\">Along the Kymijoki River<\/h3><p class=\"elementor-image-box-description\">Take a little nature trip with the kids near the mighty Kymijoki River. From the terrace you can take the stairs down to the shore, where you can also moor your boat.<\/p><\/div><\/div>\t\t\t\t<\/div>\n\t\t\t\t<\/div>\n\t\t\t\t<div class=\"elementor-element elementor-element-c812f46 elementor-position-left elementor-vertical-align-middle elementor-widget elementor-widget-image-box\" data-id=\"c812f46\" data-element_type=\"widget\" data-e-type=\"widget\" data-widget_type=\"image-box.default\">\n\t\t\t\t<div class=\"elementor-widget-container\">\n\t\t\t\t\t<div class=\"elementor-image-box-wrapper\"><figure class=\"elementor-image-box-img\"><img decoding=\"async\" src=\"https:\/\/kymenpaviljonki.fi\/wp-content\/uploads\/elementor\/thumbs\/Terassi-kesalla-scaled-ppaceimd6x6up5b5bmrw2uxyrxacyjt0934l2wnwhw.jpg\" title=\"Terrace in summer\" alt=\"Terassi kes\u00e4ll\u00e4\" class=\"elementor-animation-grow\" loading=\"lazy\" \/><\/figure><div class=\"elementor-image-box-content\"><h3 class=\"elementor-image-box-title\">Terrace and herb garden<\/h3><p class=\"elementor-image-box-description\">Our spacious and sunny terrace can accommodate a larger group to enjoy the summer days! You can also discover and taste different herbs directly from our herb garden.<\/p><\/div><\/div>\t\t\t\t<\/div>\n\t\t\t\t<\/div>\n\t\t\t\t\t<\/div>\n\t\t<\/div>\n\t\t\t\t\t<\/div>\n\t\t<\/section>\n\t\t\t\t\t<\/div>\n\t\t<\/div>\n\t\t\t\t\t<\/div>\n\t\t<\/section>\n\t\t\t\t<\/div>","protected":false},"excerpt":{"rendered":"<p>Taukopaikka Koirayst\u00e4v\u00e4llinen taukopaikka Meille ovat karvatassutkin tervetulleita! Koirien sek\u00e4 muiden lemmikkiel\u00e4inten kanssa saa tulla kassatiloihin, wc-tiloihin sek\u00e4 sis\u00e4ll\u00e4 sijaitsevalle lemmikkiyst\u00e4v\u00e4lliselle alueelle. My\u00f6s molemmat terassimme ovat avoinna el\u00e4inten kanssa liikkuville, joten tauko voi olla rauhallinen kahvihetki tai pidempi pys\u00e4hdys oman aikataulun mukaan. Takapihallamme aukeaa pieni metsikk\u00f6, jossa koiria voi k\u00e4ytt\u00e4\u00e4 tauon aikana.\u00a0 Maukasta kotiruokaa noutop\u00f6yd\u00e4st\u00e4 Kymen&hellip;&nbsp;<a href=\"https:\/\/kymenpaviljonki.fi\/en\/taukopaikka\/\" class=\"\" rel=\"bookmark\">Read More \"<span class=\"screen-reader-text\">Resting place<\/span><\/a><\/p>","protected":false},"author":1,"featured_media":0,"parent":0,"menu_order":0,"comment_status":"closed","ping_status":"closed","template":"page-templates\/template-pagebuilder-full-width.php","meta":{"inline_featured_image":false,"neve_meta_sidebar":"full-width","neve_meta_container":"","neve_meta_enable_content_width":"on","neve_meta_content_width":100,"neve_meta_title_alignment":"","neve_meta_author_avatar":"","neve_post_elements_order":"","neve_meta_disable_header":"","neve_meta_disable_footer":"","neve_meta_disable_title":"","footnotes":""},"class_list":["post-165","page","type-page","status-publish","hentry"],"yoast_head":"<!-- This site is optimized with the Yoast SEO plugin v24.8.1 - https:\/\/yoast.com\/wordpress\/plugins\/seo\/ -->\n<title>Taukopaikka - Kymen Paviljonki<\/title>\n<meta name=\"description\" content=\"Kymen Paviljonki on taukopaikka, joka haluaa tarjota sen kaiken tarpeellisen lis\u00e4ksi viel\u00e4 hieman enemm\u00e4n.\" \/>\n<meta name=\"robots\" content=\"index, follow, max-snippet:-1, max-image-preview:large, max-video-preview:-1\" \/>\n<link rel=\"canonical\" href=\"https:\/\/kymenpaviljonki.fi\/en\/taukopaikka\/\" \/>\n<meta property=\"og:locale\" content=\"en_GB\" \/>\n<meta property=\"og:type\" content=\"article\" \/>\n<meta property=\"og:title\" content=\"Taukopaikka - Kymen Paviljonki\" \/>\n<meta property=\"og:description\" content=\"Kymen Paviljonki on taukopaikka, joka haluaa tarjota sen kaiken tarpeellisen lis\u00e4ksi viel\u00e4 hieman enemm\u00e4n.\" \/>\n<meta property=\"og:url\" content=\"https:\/\/kymenpaviljonki.fi\/en\/taukopaikka\/\" \/>\n<meta property=\"og:site_name\" content=\"Kymen Paviljonki\" \/>\n<meta property=\"article:modified_time\" content=\"2026-01-26T23:42:11+00:00\" \/>\n<meta property=\"og:image\" content=\"https:\/\/kymenpaviljonki.fi\/wp-content\/uploads\/2021\/03\/pentik.jpg\" \/>\n\t<meta property=\"og:image:width\" content=\"250\" \/>\n\t<meta property=\"og:image:height\" content=\"200\" \/>\n\t<meta property=\"og:image:type\" content=\"image\/jpeg\" \/>\n<meta name=\"twitter:card\" content=\"summary_large_image\" \/>\n<meta name=\"twitter:label1\" content=\"Estimated reading time\" \/>\n\t<meta name=\"twitter:data1\" content=\"3 minutes\" \/>\n<script type=\"application\/ld+json\" class=\"yoast-schema-graph\">{\"@context\":\"https:\/\/schema.org\",\"@graph\":[{\"@type\":\"WebPage\",\"@id\":\"https:\/\/kymenpaviljonki.fi\/taukopaikka\/\",\"url\":\"https:\/\/kymenpaviljonki.fi\/taukopaikka\/\",\"name\":\"Taukopaikka - Kymen Paviljonki\",\"isPartOf\":{\"@id\":\"https:\/\/kymenpaviljonki.fi\/#website\"},\"primaryImageOfPage\":{\"@id\":\"https:\/\/kymenpaviljonki.fi\/taukopaikka\/#primaryimage\"},\"image\":{\"@id\":\"https:\/\/kymenpaviljonki.fi\/taukopaikka\/#primaryimage\"},\"thumbnailUrl\":\"https:\/\/kymenpaviljonki.fi\/wp-content\/uploads\/2021\/03\/pentik.jpg\",\"datePublished\":\"2020-02-18T07:34:41+00:00\",\"dateModified\":\"2026-01-26T23:42:11+00:00\",\"description\":\"Kymen Paviljonki on taukopaikka, joka haluaa tarjota sen kaiken tarpeellisen lis\u00e4ksi viel\u00e4 hieman enemm\u00e4n.\",\"breadcrumb\":{\"@id\":\"https:\/\/kymenpaviljonki.fi\/taukopaikka\/#breadcrumb\"},\"inLanguage\":\"en-GB\",\"potentialAction\":[{\"@type\":\"ReadAction\",\"target\":[\"https:\/\/kymenpaviljonki.fi\/taukopaikka\/\"]}]},{\"@type\":\"ImageObject\",\"inLanguage\":\"en-GB\",\"@id\":\"https:\/\/kymenpaviljonki.fi\/taukopaikka\/#primaryimage\",\"url\":\"https:\/\/kymenpaviljonki.fi\/wp-content\/uploads\/2021\/03\/pentik.jpg\",\"contentUrl\":\"https:\/\/kymenpaviljonki.fi\/wp-content\/uploads\/2021\/03\/pentik.jpg\"},{\"@type\":\"BreadcrumbList\",\"@id\":\"https:\/\/kymenpaviljonki.fi\/taukopaikka\/#breadcrumb\",\"itemListElement\":[{\"@type\":\"ListItem\",\"position\":1,\"name\":\"Etusivu\",\"item\":\"https:\/\/kymenpaviljonki.fi\/\"},{\"@type\":\"ListItem\",\"position\":2,\"name\":\"Taukopaikka\"}]},{\"@type\":\"WebSite\",\"@id\":\"https:\/\/kymenpaviljonki.fi\/#website\",\"url\":\"https:\/\/kymenpaviljonki.fi\/\",\"name\":\"Kymen Paviljonki\",\"description\":\"Kymen Paviljonki\",\"publisher\":{\"@id\":\"https:\/\/kymenpaviljonki.fi\/#organization\"},\"potentialAction\":[{\"@type\":\"SearchAction\",\"target\":{\"@type\":\"EntryPoint\",\"urlTemplate\":\"https:\/\/kymenpaviljonki.fi\/?s={search_term_string}\"},\"query-input\":{\"@type\":\"PropertyValueSpecification\",\"valueRequired\":true,\"valueName\":\"search_term_string\"}}],\"inLanguage\":\"en-GB\"},{\"@type\":\"Organization\",\"@id\":\"https:\/\/kymenpaviljonki.fi\/#organization\",\"name\":\"Kymen Paviljonki\",\"url\":\"https:\/\/kymenpaviljonki.fi\/\",\"logo\":{\"@type\":\"ImageObject\",\"inLanguage\":\"en-GB\",\"@id\":\"https:\/\/kymenpaviljonki.fi\/#\/schema\/logo\/image\/\",\"url\":\"https:\/\/kymenpaviljonki.fi\/wp-content\/uploads\/2022\/05\/cropped-Pavil-logo-valkoinen-vaaka2.png\",\"contentUrl\":\"https:\/\/kymenpaviljonki.fi\/wp-content\/uploads\/2022\/05\/cropped-Pavil-logo-valkoinen-vaaka2.png\",\"width\":1671,\"height\":225,\"caption\":\"Kymen Paviljonki\"},\"image\":{\"@id\":\"https:\/\/kymenpaviljonki.fi\/#\/schema\/logo\/image\/\"}}]}<\/script>\n<!-- \/ Yoast SEO plugin. -->","yoast_head_json":{"title":"Where to stop - Kymen Pavilion","description":"Kymen Paviljonki is a break place that wants to offer a little more than just what you need.","robots":{"index":"index","follow":"follow","max-snippet":"max-snippet:-1","max-image-preview":"max-image-preview:large","max-video-preview":"max-video-preview:-1"},"canonical":"https:\/\/kymenpaviljonki.fi\/en\/taukopaikka\/","og_locale":"en_GB","og_type":"article","og_title":"Taukopaikka - Kymen Paviljonki","og_description":"Kymen Paviljonki on taukopaikka, joka haluaa tarjota sen kaiken tarpeellisen lis\u00e4ksi viel\u00e4 hieman enemm\u00e4n.","og_url":"https:\/\/kymenpaviljonki.fi\/en\/taukopaikka\/","og_site_name":"Kymen Paviljonki","article_modified_time":"2026-01-26T23:42:11+00:00","og_image":[{"width":250,"height":200,"url":"https:\/\/kymenpaviljonki.fi\/wp-content\/uploads\/2021\/03\/pentik.jpg","type":"image\/jpeg"}],"twitter_card":"summary_large_image","twitter_misc":{"Estimated reading time":"3 minutes"},"schema":{"@context":"https:\/\/schema.org","@graph":[{"@type":"WebPage","@id":"https:\/\/kymenpaviljonki.fi\/taukopaikka\/","url":"https:\/\/kymenpaviljonki.fi\/taukopaikka\/","name":"Where to stop - Kymen Pavilion","isPartOf":{"@id":"https:\/\/kymenpaviljonki.fi\/#website"},"primaryImageOfPage":{"@id":"https:\/\/kymenpaviljonki.fi\/taukopaikka\/#primaryimage"},"image":{"@id":"https:\/\/kymenpaviljonki.fi\/taukopaikka\/#primaryimage"},"thumbnailUrl":"https:\/\/kymenpaviljonki.fi\/wp-content\/uploads\/2021\/03\/pentik.jpg","datePublished":"2020-02-18T07:34:41+00:00","dateModified":"2026-01-26T23:42:11+00:00","description":"Kymen Paviljonki is a break place that wants to offer a little more than just what you need.","breadcrumb":{"@id":"https:\/\/kymenpaviljonki.fi\/taukopaikka\/#breadcrumb"},"inLanguage":"en-GB","potentialAction":[{"@type":"ReadAction","target":["https:\/\/kymenpaviljonki.fi\/taukopaikka\/"]}]},{"@type":"ImageObject","inLanguage":"en-GB","@id":"https:\/\/kymenpaviljonki.fi\/taukopaikka\/#primaryimage","url":"https:\/\/kymenpaviljonki.fi\/wp-content\/uploads\/2021\/03\/pentik.jpg","contentUrl":"https:\/\/kymenpaviljonki.fi\/wp-content\/uploads\/2021\/03\/pentik.jpg"},{"@type":"BreadcrumbList","@id":"https:\/\/kymenpaviljonki.fi\/taukopaikka\/#breadcrumb","itemListElement":[{"@type":"ListItem","position":1,"name":"Etusivu","item":"https:\/\/kymenpaviljonki.fi\/"},{"@type":"ListItem","position":2,"name":"Taukopaikka"}]},{"@type":"WebSite","@id":"https:\/\/kymenpaviljonki.fi\/#website","url":"https:\/\/kymenpaviljonki.fi\/","name":"Kymen Pavilion","description":"Kymen Pavilion","publisher":{"@id":"https:\/\/kymenpaviljonki.fi\/#organization"},"potentialAction":[{"@type":"SearchAction","target":{"@type":"EntryPoint","urlTemplate":"https:\/\/kymenpaviljonki.fi\/?s={search_term_string}"},"query-input":{"@type":"PropertyValueSpecification","valueRequired":true,"valueName":"search_term_string"}}],"inLanguage":"en-GB"},{"@type":"Organization","@id":"https:\/\/kymenpaviljonki.fi\/#organization","name":"Kymen Pavilion","url":"https:\/\/kymenpaviljonki.fi\/","logo":{"@type":"ImageObject","inLanguage":"en-GB","@id":"https:\/\/kymenpaviljonki.fi\/#\/schema\/logo\/image\/","url":"https:\/\/kymenpaviljonki.fi\/wp-content\/uploads\/2022\/05\/cropped-Pavil-logo-valkoinen-vaaka2.png","contentUrl":"https:\/\/kymenpaviljonki.fi\/wp-content\/uploads\/2022\/05\/cropped-Pavil-logo-valkoinen-vaaka2.png","width":1671,"height":225,"caption":"Kymen Paviljonki"},"image":{"@id":"https:\/\/kymenpaviljonki.fi\/#\/schema\/logo\/image\/"}}]}},"_links":{"self":[{"href":"https:\/\/kymenpaviljonki.fi\/en\/wp-json\/wp\/v2\/pages\/165","targetHints":{"allow":["GET"]}}],"collection":[{"href":"https:\/\/kymenpaviljonki.fi\/en\/wp-json\/wp\/v2\/pages"}],"about":[{"href":"https:\/\/kymenpaviljonki.fi\/en\/wp-json\/wp\/v2\/types\/page"}],"author":[{"embeddable":true,"href":"https:\/\/kymenpaviljonki.fi\/en\/wp-json\/wp\/v2\/users\/1"}],"replies":[{"embeddable":true,"href":"https:\/\/kymenpaviljonki.fi\/en\/wp-json\/wp\/v2\/comments?post=165"}],"version-history":[{"count":267,"href":"https:\/\/kymenpaviljonki.fi\/en\/wp-json\/wp\/v2\/pages\/165\/revisions"}],"predecessor-version":[{"id":8138,"href":"https:\/\/kymenpaviljonki.fi\/en\/wp-json\/wp\/v2\/pages\/165\/revisions\/8138"}],"wp:attachment":[{"href":"https:\/\/kymenpaviljonki.fi\/en\/wp-json\/wp\/v2\/media?parent=165"}],"curies":[{"name":"wp","href":"https:\/\/api.w.org\/{rel}","templated":true}]}}