{"id":2589,"date":"2022-05-27T09:37:39","date_gmt":"2022-05-27T06:37:39","guid":{"rendered":"https:\/\/kymenpaviljonki.fi\/?page_id=2589"},"modified":"2025-11-04T21:10:20","modified_gmt":"2025-11-04T19:10:20","slug":"meista","status":"publish","type":"page","link":"https:\/\/kymenpaviljonki.fi\/en\/meista\/","title":{"rendered":"About us"},"content":{"rendered":"<div data-elementor-type=\"wp-page\" data-elementor-id=\"2589\" class=\"elementor elementor-2589\">\n\t\t\t\t\t\t<section class=\"elementor-section elementor-top-section elementor-element elementor-element-a548930 elementor-section-full_width elementor-section-height-min-height elementor-section-height-default elementor-section-items-middle\" data-id=\"a548930\" data-element_type=\"section\" data-e-type=\"section\" data-settings=\"{&quot;animation&quot;:&quot;none&quot;}\">\n\t\t\t\t\t\t\t<div class=\"elementor-background-overlay\"><\/div>\n\t\t\t\t\t\t\t<div class=\"elementor-container elementor-column-gap-default\">\n\t\t\t\t\t<div class=\"elementor-column elementor-col-100 elementor-top-column elementor-element elementor-element-4627cfb\" data-id=\"4627cfb\" data-element_type=\"column\" data-e-type=\"column\">\n\t\t\t<div class=\"elementor-widget-wrap elementor-element-populated\">\n\t\t\t\t\t\t<div class=\"elementor-element elementor-element-b82e6ab elementor-widget elementor-widget-heading\" data-id=\"b82e6ab\" data-element_type=\"widget\" data-e-type=\"widget\" data-widget_type=\"heading.default\">\n\t\t\t\t<div class=\"elementor-widget-container\">\n\t\t\t\t\t<h2 class=\"elementor-heading-title elementor-size-default\">About us<\/h2>\t\t\t\t<\/div>\n\t\t\t\t<\/div>\n\t\t\t\t\t<\/div>\n\t\t<\/div>\n\t\t\t\t\t<\/div>\n\t\t<\/section>\n\t\t\t\t<section class=\"elementor-section elementor-top-section elementor-element elementor-element-7eb2bef elementor-section-boxed elementor-section-height-default elementor-section-height-default\" data-id=\"7eb2bef\" data-element_type=\"section\" data-e-type=\"section\">\n\t\t\t\t\t\t<div class=\"elementor-container elementor-column-gap-default\">\n\t\t\t\t\t<div class=\"elementor-column elementor-col-100 elementor-top-column elementor-element elementor-element-465caa5\" data-id=\"465caa5\" data-element_type=\"column\" data-e-type=\"column\">\n\t\t\t<div class=\"elementor-widget-wrap elementor-element-populated\">\n\t\t\t\t\t\t<div class=\"elementor-element elementor-element-e136c38 elementor-widget elementor-widget-text-editor\" data-id=\"e136c38\" data-element_type=\"widget\" data-e-type=\"widget\" data-widget_type=\"text-editor.default\">\n\t\t\t\t<div class=\"elementor-widget-container\">\n\t\t\t\t\t\t\t\t\t<div dir=\"ltr\"><div dir=\"auto\"><h1 dir=\"ltr\"><strong>A family business with a big heart<\/strong><\/h1><p dir=\"ltr\">Our story begins in 1990, when Anu Pentik, a ceramic artist from Posio, set up a caf\u00e9-restaurant in her home town of Kuusankoski, along the Kymijoki River, with the support of the town of Kuusankoski. Our first name is Kurjenmiekka, after the regional flower of Kymenlaakso. The history is still evoked by the curcuma sculpture in the front yard and the architecture of the building, which is shaped after the same plant.<\/p><p dir=\"ltr\">There will be a competition between two restaurants, after which we will continue our journey as Pentik Pavilion. Anu Pentik's hand is still very much in evidence in the interior and design of our house. In 1991, Finland's only paper art gallery (1991-2009) was opened in our premises as a tribute to the flourishing paper industry in Kuusankoski. Today, art and culture are strongly visible in our building in the form of the Pentik Gallery, artworks in the yard and the Verso Gallery by young artists.<\/p><p dir=\"ltr\">In 1996, our paths crossed with the current entrepreneurial family, the Leskinen family, and the name of the house became Kymen Paviljonki. Matti Leskinen buys the property and the caf\u00e9-restaurant, and the Pentik shop continues under the same roof as a tenant. Matti will continue as an entrepreneur until 2020, after which it will be time to hand over to the next generation, his son Lauri Leskinen.<span data-ogsb=\"rgb(255, 255, 255)\">\u00a0<\/span><\/p><p dir=\"ltr\"><span data-ogsb=\"rgb(255, 255, 255)\">Sometimes you can still see Mati visiting behind the counter, and he's not the only one who's stayed in our house for a long time. We are proud that many of our employees have a long-term commitment to the house: a large number of our employees have more than 10 and even 20 years of service with us.<\/span><\/p><p dir=\"ltr\">Our journey finally brings us to the present day, when the Kymen Pavilion serves as a versatile resting place, excursion destination and meeting and banqueting facility. Our aim is to stand out from other roadside venues and party services with our welcoming environment, homemade products and flexible customer service.\u00a0<\/p><p dir=\"ltr\">We offer a wide range of services, culture and art, as well as products from local producers. In the summer, you will find an herb garden, works of art and farm animals in our courtyard, as well as the idyllic scenery of the Kymijoki River. In addition to our varied lunch and takeaway dishes, our kitchen also prepares the savoury and sweet dishes of the caf\u00e9 itself. In keeping with tradition, the house's delicious ear cheeses and doughnuts are baked fresh every morning to serve.<\/p><p dir=\"ltr\">So we welcome you to stop, breathe, relax, enjoy, meet and celebrate along the Kymijoki River at the Kymen Pavilion. Come and leave your mark on the history of the Kymijoki River!<\/p><\/div><\/div>\t\t\t\t\t\t\t\t<\/div>\n\t\t\t\t<\/div>\n\t\t\t\t\t<\/div>\n\t\t<\/div>\n\t\t\t\t\t<\/div>\n\t\t<\/section>\n\t\t\t\t<section class=\"elementor-section elementor-top-section elementor-element elementor-element-2bed42c elementor-section-boxed elementor-section-height-default elementor-section-height-default\" data-id=\"2bed42c\" data-element_type=\"section\" data-e-type=\"section\">\n\t\t\t\t\t\t<div class=\"elementor-container elementor-column-gap-default\">\n\t\t\t\t\t<div class=\"elementor-column elementor-col-100 elementor-top-column elementor-element elementor-element-4d4e39d\" data-id=\"4d4e39d\" data-element_type=\"column\" data-e-type=\"column\">\n\t\t\t<div class=\"elementor-widget-wrap elementor-element-populated\">\n\t\t\t\t\t\t<div class=\"elementor-element elementor-element-b4e0ebd elementor-arrows-position-outside elementor-widget elementor-widget-image-carousel\" data-id=\"b4e0ebd\" data-element_type=\"widget\" data-e-type=\"widget\" data-settings=\"{&quot;slides_to_show&quot;:&quot;1&quot;,&quot;navigation&quot;:&quot;arrows&quot;,&quot;effect&quot;:&quot;fade&quot;,&quot;autoplay_speed&quot;:4000,&quot;autoplay&quot;:&quot;yes&quot;,&quot;speed&quot;:500}\" data-widget_type=\"image-carousel.default\">\n\t\t\t\t<div class=\"elementor-widget-container\">\n\t\t\t\t\t\t\t<div class=\"elementor-image-carousel-wrapper swiper\" role=\"region\" aria-roledescription=\"carousel\" aria-label=\"Photo carousel\" dir=\"ltr\">\n\t\t\t<div class=\"elementor-image-carousel swiper-wrapper\" aria-live=\"off\">\n\t\t\t\t\t\t\t\t<div class=\"swiper-slide\" role=\"group\" aria-roledescription=\"slide\" aria-label=\"1 of 6\" data-no-translation-aria-label=\"\"><figure class=\"swiper-slide-inner\"><img decoding=\"async\" class=\"swiper-slide-image\" src=\"https:\/\/kymenpaviljonki.fi\/wp-content\/uploads\/2025\/08\/PaviljonkiIsanpaiva113-768x512.jpg\" alt=\"PaviljonkiIs\u00e4np\u00e4iv\u00e4113\" \/><\/figure><\/div><div class=\"swiper-slide\" role=\"group\" aria-roledescription=\"slide\" aria-label=\"2 of 6\" data-no-translation-aria-label=\"\"><figure class=\"swiper-slide-inner\"><img decoding=\"async\" class=\"swiper-slide-image\" src=\"https:\/\/kymenpaviljonki.fi\/wp-content\/uploads\/2025\/11\/Matti-Leskinen_3-768x511.jpg\" alt=\"Matti Leskinen_3\" \/><\/figure><\/div><div class=\"swiper-slide\" role=\"group\" aria-roledescription=\"slide\" aria-label=\"3 of 6\" data-no-translation-aria-label=\"\"><figure class=\"swiper-slide-inner\"><img decoding=\"async\" class=\"swiper-slide-image\" src=\"https:\/\/kymenpaviljonki.fi\/wp-content\/uploads\/2025\/08\/PaviljonkiIsanpaiva114-768x512.jpg\" alt=\"PaviljonkiIs\u00e4np\u00e4iv\u00e4114\" \/><\/figure><\/div><div class=\"swiper-slide\" role=\"group\" aria-roledescription=\"slide\" aria-label=\"4 of 6\" data-no-translation-aria-label=\"\"><figure class=\"swiper-slide-inner\"><img decoding=\"async\" class=\"swiper-slide-image\" src=\"https:\/\/kymenpaviljonki.fi\/wp-content\/uploads\/2025\/08\/DSC5431-e1755530210572-768x495.jpg\" alt=\"_DSC5431\" \/><\/figure><\/div><div class=\"swiper-slide\" role=\"group\" aria-roledescription=\"slide\" aria-label=\"5 of 6\" data-no-translation-aria-label=\"\"><figure class=\"swiper-slide-inner\"><img decoding=\"async\" class=\"swiper-slide-image\" src=\"https:\/\/kymenpaviljonki.fi\/wp-content\/uploads\/2025\/08\/PaviljonkiIsanpaiva117-768x512.jpg\" alt=\"PaviljonkiIs\u00e4np\u00e4iv\u00e4117\" \/><\/figure><\/div><div class=\"swiper-slide\" role=\"group\" aria-roledescription=\"slide\" aria-label=\"6 of 6\" data-no-translation-aria-label=\"\"><figure class=\"swiper-slide-inner\"><img decoding=\"async\" class=\"swiper-slide-image\" src=\"https:\/\/kymenpaviljonki.fi\/wp-content\/uploads\/2025\/11\/lauri-ja-matti-768x511.jpg\" alt=\"lauri ja matti\" \/><\/figure><\/div>\t\t\t<\/div>\n\t\t\t\t\t\t\t\t\t\t\t\t<div class=\"elementor-swiper-button elementor-swiper-button-prev\" role=\"button\" tabindex=\"0\">\n\t\t\t\t\t\t<i aria-hidden=\"true\" class=\"eicon-chevron-left\"><\/i>\t\t\t\t\t<\/div>\n\t\t\t\t\t<div class=\"elementor-swiper-button elementor-swiper-button-next\" role=\"button\" tabindex=\"0\">\n\t\t\t\t\t\t<i aria-hidden=\"true\" class=\"eicon-chevron-right\"><\/i>\t\t\t\t\t<\/div>\n\t\t\t\t\n\t\t\t\t\t\t\t\t\t<\/div>\n\t\t\t\t\t\t<\/div>\n\t\t\t\t<\/div>\n\t\t\t\t\t<\/div>\n\t\t<\/div>\n\t\t\t\t\t<\/div>\n\t\t<\/section>\n\t\t\t\t<section class=\"elementor-section elementor-top-section elementor-element elementor-element-da9e0f9 elementor-section-boxed elementor-section-height-default elementor-section-height-default\" data-id=\"da9e0f9\" data-element_type=\"section\" data-e-type=\"section\">\n\t\t\t\t\t\t<div class=\"elementor-container elementor-column-gap-default\">\n\t\t\t\t\t<div class=\"elementor-column elementor-col-100 elementor-top-column elementor-element elementor-element-ab39eff\" data-id=\"ab39eff\" data-element_type=\"column\" data-e-type=\"column\">\n\t\t\t<div class=\"elementor-widget-wrap\">\n\t\t\t\t\t\t\t<\/div>\n\t\t<\/div>\n\t\t\t\t\t<\/div>\n\t\t<\/section>\n\t\t\t\t<\/div>","protected":false},"excerpt":{"rendered":"<p>About Us A Family Business with a Big Heart Our story begins in 1990 when Posio-based ceramic artist Anu Pentik establishes a caf\u00e9-restaurant in her home region of Kuusankoski, along the Kymijoki river, with the support of the town of Kuusankoski. Our initial name is Kurjenmiekka, after the provincial flower of Kymenlaakso. The iris sculpture in the front yard and the architecture of the building, which is designed like the same plant, still serve as reminders of our history. A name competition is held between the two restaurants, after which our journey continues as Pentik Paviljonki\u2026&nbsp;<a href=\"https:\/\/kymenpaviljonki.fi\/en\/meista\/\" class=\"\" rel=\"bookmark\">Read More \"<span class=\"screen-reader-text\">About us<\/span><\/a><\/p>","protected":false},"author":1,"featured_media":0,"parent":0,"menu_order":0,"comment_status":"closed","ping_status":"closed","template":"elementor_header_footer","meta":{"inline_featured_image":false,"neve_meta_sidebar":"full-width","neve_meta_container":"","neve_meta_enable_content_width":"on","neve_meta_content_width":100,"neve_meta_title_alignment":"","neve_meta_author_avatar":"","neve_post_elements_order":"","neve_meta_disable_header":"","neve_meta_disable_footer":"","neve_meta_disable_title":"","footnotes":""},"class_list":["post-2589","page","type-page","status-publish","hentry"],"yoast_head":"<!-- This site is optimized with the Yoast SEO plugin v24.8.1 - https:\/\/yoast.com\/wordpress\/plugins\/seo\/ -->\n<title>Meid\u00e4n tarina<\/title>\n<meta name=\"description\" content=\"Kymen Paviljonki on ennen kaikkea tarina perheyritt\u00e4jyydest\u00e4, joka Paviljongilla alkaa vuonna 1996. Pienest\u00e4 liiketoiminnasta on kasvettu nyky\u00e4\u00e4n kes\u00e4isin yli 20 henke\u00e4 ty\u00f6llist\u00e4v\u00e4ksi tunnetuksi taukopaikaksi.\" \/>\n<meta name=\"robots\" content=\"index, follow, max-snippet:-1, max-image-preview:large, max-video-preview:-1\" \/>\n<link rel=\"canonical\" href=\"https:\/\/kymenpaviljonki.fi\/en\/meista\/\" \/>\n<meta property=\"og:locale\" content=\"en_GB\" \/>\n<meta property=\"og:type\" content=\"article\" \/>\n<meta property=\"og:title\" content=\"Meid\u00e4n tarina\" \/>\n<meta property=\"og:description\" content=\"Kymen Paviljonki on ennen kaikkea tarina perheyritt\u00e4jyydest\u00e4, joka Paviljongilla alkaa vuonna 1996. Pienest\u00e4 liiketoiminnasta on kasvettu nyky\u00e4\u00e4n kes\u00e4isin yli 20 henke\u00e4 ty\u00f6llist\u00e4v\u00e4ksi tunnetuksi taukopaikaksi.\" \/>\n<meta property=\"og:url\" content=\"https:\/\/kymenpaviljonki.fi\/en\/meista\/\" \/>\n<meta property=\"og:site_name\" content=\"Kymen Paviljonki\" \/>\n<meta property=\"article:modified_time\" content=\"2025-11-04T19:10:20+00:00\" \/>\n<meta property=\"og:image\" content=\"https:\/\/kymenpaviljonki.fi\/wp-content\/uploads\/2025\/08\/PaviljonkiIsanpaiva113-768x512.jpg\" \/>\n<meta name=\"twitter:card\" content=\"summary_large_image\" \/>\n<meta name=\"twitter:label1\" content=\"Estimated reading time\" \/>\n\t<meta name=\"twitter:data1\" content=\"3 minutes\" \/>\n<script type=\"application\/ld+json\" class=\"yoast-schema-graph\">{\"@context\":\"https:\/\/schema.org\",\"@graph\":[{\"@type\":\"WebPage\",\"@id\":\"https:\/\/kymenpaviljonki.fi\/meista\/\",\"url\":\"https:\/\/kymenpaviljonki.fi\/meista\/\",\"name\":\"Meid\u00e4n tarina\",\"isPartOf\":{\"@id\":\"https:\/\/kymenpaviljonki.fi\/#website\"},\"primaryImageOfPage\":{\"@id\":\"https:\/\/kymenpaviljonki.fi\/meista\/#primaryimage\"},\"image\":{\"@id\":\"https:\/\/kymenpaviljonki.fi\/meista\/#primaryimage\"},\"thumbnailUrl\":\"https:\/\/kymenpaviljonki.fi\/wp-content\/uploads\/2025\/08\/PaviljonkiIsanpaiva113-768x512.jpg\",\"datePublished\":\"2022-05-27T06:37:39+00:00\",\"dateModified\":\"2025-11-04T19:10:20+00:00\",\"description\":\"Kymen Paviljonki on ennen kaikkea tarina perheyritt\u00e4jyydest\u00e4, joka Paviljongilla alkaa vuonna 1996. Pienest\u00e4 liiketoiminnasta on kasvettu nyky\u00e4\u00e4n kes\u00e4isin yli 20 henke\u00e4 ty\u00f6llist\u00e4v\u00e4ksi tunnetuksi taukopaikaksi.\",\"breadcrumb\":{\"@id\":\"https:\/\/kymenpaviljonki.fi\/meista\/#breadcrumb\"},\"inLanguage\":\"en-GB\",\"potentialAction\":[{\"@type\":\"ReadAction\",\"target\":[\"https:\/\/kymenpaviljonki.fi\/meista\/\"]}]},{\"@type\":\"ImageObject\",\"inLanguage\":\"en-GB\",\"@id\":\"https:\/\/kymenpaviljonki.fi\/meista\/#primaryimage\",\"url\":\"https:\/\/kymenpaviljonki.fi\/wp-content\/uploads\/2025\/08\/PaviljonkiIsanpaiva113-768x512.jpg\",\"contentUrl\":\"https:\/\/kymenpaviljonki.fi\/wp-content\/uploads\/2025\/08\/PaviljonkiIsanpaiva113-768x512.jpg\"},{\"@type\":\"BreadcrumbList\",\"@id\":\"https:\/\/kymenpaviljonki.fi\/meista\/#breadcrumb\",\"itemListElement\":[{\"@type\":\"ListItem\",\"position\":1,\"name\":\"Etusivu\",\"item\":\"https:\/\/kymenpaviljonki.fi\/\"},{\"@type\":\"ListItem\",\"position\":2,\"name\":\"Meist\u00e4\"}]},{\"@type\":\"WebSite\",\"@id\":\"https:\/\/kymenpaviljonki.fi\/#website\",\"url\":\"https:\/\/kymenpaviljonki.fi\/\",\"name\":\"Kymen Paviljonki\",\"description\":\"Kymen Paviljonki\",\"publisher\":{\"@id\":\"https:\/\/kymenpaviljonki.fi\/#organization\"},\"potentialAction\":[{\"@type\":\"SearchAction\",\"target\":{\"@type\":\"EntryPoint\",\"urlTemplate\":\"https:\/\/kymenpaviljonki.fi\/?s={search_term_string}\"},\"query-input\":{\"@type\":\"PropertyValueSpecification\",\"valueRequired\":true,\"valueName\":\"search_term_string\"}}],\"inLanguage\":\"en-GB\"},{\"@type\":\"Organization\",\"@id\":\"https:\/\/kymenpaviljonki.fi\/#organization\",\"name\":\"Kymen Paviljonki\",\"url\":\"https:\/\/kymenpaviljonki.fi\/\",\"logo\":{\"@type\":\"ImageObject\",\"inLanguage\":\"en-GB\",\"@id\":\"https:\/\/kymenpaviljonki.fi\/#\/schema\/logo\/image\/\",\"url\":\"https:\/\/kymenpaviljonki.fi\/wp-content\/uploads\/2022\/05\/cropped-Pavil-logo-valkoinen-vaaka2.png\",\"contentUrl\":\"https:\/\/kymenpaviljonki.fi\/wp-content\/uploads\/2022\/05\/cropped-Pavil-logo-valkoinen-vaaka2.png\",\"width\":1671,\"height\":225,\"caption\":\"Kymen Paviljonki\"},\"image\":{\"@id\":\"https:\/\/kymenpaviljonki.fi\/#\/schema\/logo\/image\/\"}}]}<\/script>\n<!-- \/ Yoast SEO plugin. -->","yoast_head_json":{"title":"Our story","description":"Kymen Paviljonki is first and foremost a story of family entrepreneurship, which began at the Pavilion in 1996. From a small business, it has grown into a well-known break place that employs more than 20 people in the summer.","robots":{"index":"index","follow":"follow","max-snippet":"max-snippet:-1","max-image-preview":"max-image-preview:large","max-video-preview":"max-video-preview:-1"},"canonical":"https:\/\/kymenpaviljonki.fi\/en\/meista\/","og_locale":"en_GB","og_type":"article","og_title":"Meid\u00e4n tarina","og_description":"Kymen Paviljonki on ennen kaikkea tarina perheyritt\u00e4jyydest\u00e4, joka Paviljongilla alkaa vuonna 1996. Pienest\u00e4 liiketoiminnasta on kasvettu nyky\u00e4\u00e4n kes\u00e4isin yli 20 henke\u00e4 ty\u00f6llist\u00e4v\u00e4ksi tunnetuksi taukopaikaksi.","og_url":"https:\/\/kymenpaviljonki.fi\/en\/meista\/","og_site_name":"Kymen Paviljonki","article_modified_time":"2025-11-04T19:10:20+00:00","og_image":[{"url":"https:\/\/kymenpaviljonki.fi\/wp-content\/uploads\/2025\/08\/PaviljonkiIsanpaiva113-768x512.jpg","type":"","width":"","height":""}],"twitter_card":"summary_large_image","twitter_misc":{"Estimated reading time":"3 minutes"},"schema":{"@context":"https:\/\/schema.org","@graph":[{"@type":"WebPage","@id":"https:\/\/kymenpaviljonki.fi\/meista\/","url":"https:\/\/kymenpaviljonki.fi\/meista\/","name":"Our story","isPartOf":{"@id":"https:\/\/kymenpaviljonki.fi\/#website"},"primaryImageOfPage":{"@id":"https:\/\/kymenpaviljonki.fi\/meista\/#primaryimage"},"image":{"@id":"https:\/\/kymenpaviljonki.fi\/meista\/#primaryimage"},"thumbnailUrl":"https:\/\/kymenpaviljonki.fi\/wp-content\/uploads\/2025\/08\/PaviljonkiIsanpaiva113-768x512.jpg","datePublished":"2022-05-27T06:37:39+00:00","dateModified":"2025-11-04T19:10:20+00:00","description":"Kymen Paviljonki is first and foremost a story of family entrepreneurship, which began at the Pavilion in 1996. From a small business, it has grown into a well-known break place that employs more than 20 people in the summer.","breadcrumb":{"@id":"https:\/\/kymenpaviljonki.fi\/meista\/#breadcrumb"},"inLanguage":"en-GB","potentialAction":[{"@type":"ReadAction","target":["https:\/\/kymenpaviljonki.fi\/meista\/"]}]},{"@type":"ImageObject","inLanguage":"en-GB","@id":"https:\/\/kymenpaviljonki.fi\/meista\/#primaryimage","url":"https:\/\/kymenpaviljonki.fi\/wp-content\/uploads\/2025\/08\/PaviljonkiIsanpaiva113-768x512.jpg","contentUrl":"https:\/\/kymenpaviljonki.fi\/wp-content\/uploads\/2025\/08\/PaviljonkiIsanpaiva113-768x512.jpg"},{"@type":"BreadcrumbList","@id":"https:\/\/kymenpaviljonki.fi\/meista\/#breadcrumb","itemListElement":[{"@type":"ListItem","position":1,"name":"Etusivu","item":"https:\/\/kymenpaviljonki.fi\/"},{"@type":"ListItem","position":2,"name":"Meist\u00e4"}]},{"@type":"WebSite","@id":"https:\/\/kymenpaviljonki.fi\/#website","url":"https:\/\/kymenpaviljonki.fi\/","name":"Kymen Pavilion","description":"Kymen Pavilion","publisher":{"@id":"https:\/\/kymenpaviljonki.fi\/#organization"},"potentialAction":[{"@type":"SearchAction","target":{"@type":"EntryPoint","urlTemplate":"https:\/\/kymenpaviljonki.fi\/?s={search_term_string}"},"query-input":{"@type":"PropertyValueSpecification","valueRequired":true,"valueName":"search_term_string"}}],"inLanguage":"en-GB"},{"@type":"Organization","@id":"https:\/\/kymenpaviljonki.fi\/#organization","name":"Kymen Pavilion","url":"https:\/\/kymenpaviljonki.fi\/","logo":{"@type":"ImageObject","inLanguage":"en-GB","@id":"https:\/\/kymenpaviljonki.fi\/#\/schema\/logo\/image\/","url":"https:\/\/kymenpaviljonki.fi\/wp-content\/uploads\/2022\/05\/cropped-Pavil-logo-valkoinen-vaaka2.png","contentUrl":"https:\/\/kymenpaviljonki.fi\/wp-content\/uploads\/2022\/05\/cropped-Pavil-logo-valkoinen-vaaka2.png","width":1671,"height":225,"caption":"Kymen Paviljonki"},"image":{"@id":"https:\/\/kymenpaviljonki.fi\/#\/schema\/logo\/image\/"}}]}},"_links":{"self":[{"href":"https:\/\/kymenpaviljonki.fi\/en\/wp-json\/wp\/v2\/pages\/2589","targetHints":{"allow":["GET"]}}],"collection":[{"href":"https:\/\/kymenpaviljonki.fi\/en\/wp-json\/wp\/v2\/pages"}],"about":[{"href":"https:\/\/kymenpaviljonki.fi\/en\/wp-json\/wp\/v2\/types\/page"}],"author":[{"embeddable":true,"href":"https:\/\/kymenpaviljonki.fi\/en\/wp-json\/wp\/v2\/users\/1"}],"replies":[{"embeddable":true,"href":"https:\/\/kymenpaviljonki.fi\/en\/wp-json\/wp\/v2\/comments?post=2589"}],"version-history":[{"count":92,"href":"https:\/\/kymenpaviljonki.fi\/en\/wp-json\/wp\/v2\/pages\/2589\/revisions"}],"predecessor-version":[{"id":7927,"href":"https:\/\/kymenpaviljonki.fi\/en\/wp-json\/wp\/v2\/pages\/2589\/revisions\/7927"}],"wp:attachment":[{"href":"https:\/\/kymenpaviljonki.fi\/en\/wp-json\/wp\/v2\/media?parent=2589"}],"curies":[{"name":"wp","href":"https:\/\/api.w.org\/{rel}","templated":true}]}}