{"id":410,"date":"2021-03-02T12:48:06","date_gmt":"2021-03-02T10:48:06","guid":{"rendered":"https:\/\/kypa.juhodesign.fi\/?page_id=410"},"modified":"2024-08-23T16:35:17","modified_gmt":"2024-08-23T13:35:17","slug":"ruoka-ja-juoma","status":"publish","type":"page","link":"https:\/\/kymenpaviljonki.fi\/en\/tilaisuudet\/ruoka-ja-juoma\/","title":{"rendered":"Food and drink"},"content":{"rendered":"<div data-elementor-type=\"wp-page\" data-elementor-id=\"410\" class=\"elementor elementor-410\">\n\t\t\t\t\t\t<section class=\"elementor-section elementor-top-section elementor-element elementor-element-480b455 elementor-reverse-mobile elementor-section-boxed elementor-section-height-default elementor-section-height-default\" data-id=\"480b455\" data-element_type=\"section\" data-e-type=\"section\">\n\t\t\t\t\t\t<div class=\"elementor-container elementor-column-gap-default\">\n\t\t\t\t\t<div class=\"elementor-column elementor-col-33 elementor-top-column elementor-element elementor-element-286c644\" data-id=\"286c644\" data-element_type=\"column\" data-e-type=\"column\">\n\t\t\t<div class=\"elementor-widget-wrap elementor-element-populated\">\n\t\t\t\t\t\t<div class=\"elementor-element elementor-element-e1d9870 elementor-widget elementor-widget-wp-widget-nav_menu\" data-id=\"e1d9870\" data-element_type=\"widget\" data-e-type=\"widget\" data-widget_type=\"wp-widget-nav_menu.default\">\n\t\t\t\t<div class=\"elementor-widget-container\">\n\t\t\t\t\t<h5>Party services<\/h5><div class=\"menu-juhlapalvelut-container\"><ul id=\"menu-juhlapalvelut\" class=\"menu\"><li id=\"menu-item-416\" class=\"menu-item menu-item-type-post_type menu-item-object-page menu-item-416\"><a href=\"https:\/\/kymenpaviljonki.fi\/en\/tilaisuudet\/poydat-ja-kattaus\/\">Tables and table setting<\/a><\/li>\n<li id=\"menu-item-415\" class=\"menu-item menu-item-type-post_type menu-item-object-page menu-item-has-children menu-item-415\"><a href=\"https:\/\/kymenpaviljonki.fi\/en\/tilaisuudet\/ruoka-ja-juoma\/\">Food and drink<\/a>\n<ul class=\"sub-menu\">\n\t<li id=\"menu-item-414\" class=\"menu-item menu-item-type-post_type menu-item-object-page menu-item-414\"><a href=\"https:\/\/kymenpaviljonki.fi\/en\/tilaisuudet\/menuvaihtoehdot\/\">Menus<\/a><\/li>\n\t<li id=\"menu-item-427\" class=\"menu-item menu-item-type-post_type menu-item-object-page menu-item-427\"><a href=\"https:\/\/kymenpaviljonki.fi\/en\/tilaisuudet\/saunaillat-ja-illanistujaiset-yms\/\">Sauna evenings and dinners, etc.<\/a><\/li>\n\t<li id=\"menu-item-428\" class=\"menu-item menu-item-type-post_type menu-item-object-page menu-item-428\"><a href=\"https:\/\/kymenpaviljonki.fi\/en\/tilaisuudet\/tarjoiluvaihtoehtoja-kokouksiin\/\">Serving options for meetings<\/a><\/li>\n\t<li id=\"menu-item-429\" class=\"menu-item menu-item-type-post_type menu-item-object-page menu-item-429\"><a href=\"https:\/\/kymenpaviljonki.fi\/en\/tilaisuudet\/juomalista\/\">Drinks<\/a><\/li>\n\t<li id=\"menu-item-430\" class=\"menu-item menu-item-type-post_type menu-item-object-page menu-item-430\"><a href=\"https:\/\/kymenpaviljonki.fi\/en\/tilaisuudet\/noutopoytavaihtoehdot\/\">Buffet options for events<\/a><\/li>\n\t<li id=\"menu-item-1262\" class=\"menu-item menu-item-type-custom menu-item-object-custom menu-item-1262\"><a>Sesong menus<\/a><\/li>\n<\/ul>\n<\/li>\n<\/ul><\/div>\t\t\t\t<\/div>\n\t\t\t\t<\/div>\n\t\t\t\t<div class=\"elementor-element elementor-element-0d7cb38 elementor-widget-divider--view-line elementor-widget elementor-widget-divider\" data-id=\"0d7cb38\" data-element_type=\"widget\" data-e-type=\"widget\" data-widget_type=\"divider.default\">\n\t\t\t\t<div class=\"elementor-widget-container\">\n\t\t\t\t\t\t\t<div class=\"elementor-divider\">\n\t\t\t<span class=\"elementor-divider-separator\">\n\t\t\t\t\t\t<\/span>\n\t\t<\/div>\n\t\t\t\t\t\t<\/div>\n\t\t\t\t<\/div>\n\t\t\t\t<div class=\"elementor-element elementor-element-db14006 elementor-widget elementor-widget-wp-widget-nav_menu\" data-id=\"db14006\" data-element_type=\"widget\" data-e-type=\"widget\" data-widget_type=\"wp-widget-nav_menu.default\">\n\t\t\t\t<div class=\"elementor-widget-container\">\n\t\t\t\t\t<h5>Print versions (PDF, JPG)<\/h5><div class=\"menu-pdf-container\"><ul id=\"menu-pdf\" class=\"menu\"><li id=\"menu-item-432\" class=\"menu-item menu-item-type-custom menu-item-object-custom menu-item-432\"><a href=\"https:\/\/kymenpaviljonki.fi\/wp-content\/uploads\/2021\/03\/tilat.pdf\">Facilities<\/a><\/li>\n<li id=\"menu-item-433\" class=\"menu-item menu-item-type-custom menu-item-object-custom menu-item-433\"><a href=\"https:\/\/kymenpaviljonki.fi\/wp-content\/uploads\/2021\/03\/poytaliinat.pdf\">Table setting, tablecloths and table designs<\/a><\/li>\n<li id=\"menu-item-434\" class=\"menu-item menu-item-type-custom menu-item-object-custom menu-item-434\"><a href=\"https:\/\/kymenpaviljonki.fi\/wp-content\/uploads\/2021\/03\/pohjapiirros.jpg\">Floor plan<\/a><\/li>\n<li id=\"menu-item-435\" class=\"menu-item menu-item-type-custom menu-item-object-custom menu-item-435\"><a href=\"https:\/\/kymenpaviljonki.fi\/wp-content\/uploads\/2022\/04\/2022Noutopoytavaihtoehtoja-juhliin.pdf\">Buffet options for events<\/a><\/li>\n<li id=\"menu-item-436\" class=\"menu-item menu-item-type-custom menu-item-object-custom menu-item-436\"><a href=\"https:\/\/kymenpaviljonki.fi\/wp-content\/uploads\/2022\/04\/2022menu.pdf\">Menus<\/a><\/li>\n<li id=\"menu-item-437\" class=\"menu-item menu-item-type-custom menu-item-object-custom menu-item-437\"><a href=\"https:\/\/kymenpaviljonki.fi\/wp-content\/uploads\/2022\/04\/2022juomia-juhliin.pdf\">Drinks<\/a><\/li>\n<li id=\"menu-item-438\" class=\"menu-item menu-item-type-custom menu-item-object-custom menu-item-438\"><a href=\"https:\/\/kymenpaviljonki.fi\/wp-content\/uploads\/2022\/02\/bussiryhmille20.pdf\">For bus groups<\/a><\/li>\n<li id=\"menu-item-439\" class=\"menu-item menu-item-type-custom menu-item-object-custom menu-item-439\"><a href=\"https:\/\/kymenpaviljonki.fi\/wp-content\/uploads\/2022\/04\/2022Tarjoiluvaihtoehtoja-kokouksiin.pdf\">Meetings<\/a><\/li>\n<li id=\"menu-item-440\" class=\"menu-item menu-item-type-custom menu-item-object-custom menu-item-440\"><a href=\"https:\/\/kymenpaviljonki.fi\/wp-content\/uploads\/2022\/03\/saunalista.pdf\">Sauna evenings and dinner parties<\/a><\/li>\n<li id=\"menu-item-1263\" class=\"menu-item menu-item-type-custom menu-item-object-custom menu-item-1263\"><a>Sesong menus<\/a><\/li>\n<\/ul><\/div>\t\t\t\t<\/div>\n\t\t\t\t<\/div>\n\t\t\t\t\t<\/div>\n\t\t<\/div>\n\t\t\t\t<div class=\"elementor-column elementor-col-66 elementor-top-column elementor-element elementor-element-6699976\" data-id=\"6699976\" data-element_type=\"column\" data-e-type=\"column\">\n\t\t\t<div class=\"elementor-widget-wrap elementor-element-populated\">\n\t\t\t\t\t\t<div class=\"elementor-element elementor-element-8cfe493 elementor-widget elementor-widget-text-editor\" data-id=\"8cfe493\" data-element_type=\"widget\" data-e-type=\"widget\" data-widget_type=\"text-editor.default\">\n\t\t\t\t<div class=\"elementor-widget-container\">\n\t\t\t\t\t\t\t\t\t<header>\n<header>\n<header>\n<header>\n<h2>Food and drink<\/h2>\n<p>Serving options<\/p>\n<p><a href=\"https:\/\/kymenpaviljonki.fi\/wp-content\/uploads\/2021\/03\/kakku.jpg\"><img decoding=\"async\" class=\"alignnone size-medium wp-image-493\" src=\"https:\/\/kymenpaviljonki.fi\/wp-content\/uploads\/2021\/03\/kakku-300x84.jpg\" alt=\"\" width=\"300\" height=\"84\" srcset=\"https:\/\/kymenpaviljonki.fi\/wp-content\/uploads\/2021\/03\/kakku-300x84.jpg 300w, https:\/\/kymenpaviljonki.fi\/wp-content\/uploads\/2021\/03\/kakku-1024x288.jpg 1024w, https:\/\/kymenpaviljonki.fi\/wp-content\/uploads\/2021\/03\/kakku-768x216.jpg 768w, https:\/\/kymenpaviljonki.fi\/wp-content\/uploads\/2021\/03\/kakku-1536x432.jpg 1536w, https:\/\/kymenpaviljonki.fi\/wp-content\/uploads\/2021\/03\/kakku.jpg 1600w\" sizes=\"(max-width: 300px) 100vw, 300px\" \/><\/a><\/p>\n<\/header>\n<p>We have made ready-made catering options for different occasions. If our ready-made options do not meet your needs, we can also create a customised catering plan, according to your wishes. We also offer seasonal dishes, such as delicious game dishes in autumn and a Christmas snack.<br><br><\/p>\n<h3><a href=\"\/en\/juhlapalvelut\/noutopoytavaihtoehdot\/\">Buffet options for events<\/a><\/h3>\n<h3><a href=\"\/en\/juhlapalvelut\/menuvaihtoehdot\/\">Menus<\/a><\/h3>\n<h3><a href=\"\/en\/juhlapalvelut\/juomalista\/\">Drinks<\/a><\/h3>\n<h3><a href=\"\/en\/juhlapalvelut\/tarjoiluvaihtoehtoja-kokouksiin\/\">Serving options for meetings<\/a><\/h3>\n<h3><a href=\"\/en\/juhlapalvelut\/saunaillat-ja-illanistujaiset-yms\/\">Sauna and dinner party<\/a><\/h3>\n<\/header>\n<\/header>\n<\/header>\t\t\t\t\t\t\t\t<\/div>\n\t\t\t\t<\/div>\n\t\t\t\t\t<\/div>\n\t\t<\/div>\n\t\t\t\t\t<\/div>\n\t\t<\/section>\n\t\t\t\t<\/div>","protected":false},"excerpt":{"rendered":"<p>Ruoka ja juoma Tarjoiluvaihtoehdot Olemme tehneet valmiita tarjoiluvaihtoehtoja erilaisiin tilaisuuksiin. Mik\u00e4li valmiista vaihtoehdoistamme ei l\u00f6ydy juuri tarpeisiisi sopivaa, voimme laatia my\u00f6s yksil\u00f6llisen tarjoilun, toiveidenne mukaisesti. Tarjoamme my\u00f6s sesongeittain vaihtuvia ruokia, esim. syksyisin herkullista riistaruokaa ja joulun alla pikkujoulumenun. Noutop\u00f6yt\u00e4vaihtoehdot Menuvaihtoehdot Juomalista Tarjoiluvaihtoehtoja kokouksiin Saunailta ja illanistujaiset<\/p>","protected":false},"author":1,"featured_media":0,"parent":141,"menu_order":0,"comment_status":"closed","ping_status":"closed","template":"elementor_header_footer","meta":{"inline_featured_image":false,"neve_meta_sidebar":"full-width","neve_meta_container":"","neve_meta_enable_content_width":"on","neve_meta_content_width":100,"neve_meta_title_alignment":"","neve_meta_author_avatar":"","neve_post_elements_order":"","neve_meta_disable_header":"","neve_meta_disable_footer":"","neve_meta_disable_title":"","footnotes":""},"class_list":["post-410","page","type-page","status-publish","hentry"],"yoast_head":"<!-- This site is optimized with the Yoast SEO plugin v24.8.1 - https:\/\/yoast.com\/wordpress\/plugins\/seo\/ -->\n<title>Ruoka ja juoma - Avain onnistuneeseen tilaisuuteen<\/title>\n<meta name=\"description\" content=\"Mik\u00e4li valmista vaihtoehdoistamme ei l\u00f6ydy juuri tarpeisiisi sopivaa, voimme laatia my\u00f6s yksil\u00f6llisen tarjoilun, toiveidenne mukaisesti.\" \/>\n<meta name=\"robots\" content=\"index, follow, max-snippet:-1, max-image-preview:large, max-video-preview:-1\" \/>\n<link rel=\"canonical\" href=\"https:\/\/kymenpaviljonki.fi\/en\/tilaisuudet\/ruoka-ja-juoma\/\" \/>\n<meta property=\"og:locale\" content=\"en_GB\" \/>\n<meta property=\"og:type\" content=\"article\" \/>\n<meta property=\"og:title\" content=\"Ruoka ja juoma - Avain onnistuneeseen tilaisuuteen\" \/>\n<meta property=\"og:description\" content=\"Mik\u00e4li valmista vaihtoehdoistamme ei l\u00f6ydy juuri tarpeisiisi sopivaa, voimme laatia my\u00f6s yksil\u00f6llisen tarjoilun, toiveidenne mukaisesti.\" \/>\n<meta property=\"og:url\" content=\"https:\/\/kymenpaviljonki.fi\/en\/tilaisuudet\/ruoka-ja-juoma\/\" \/>\n<meta property=\"og:site_name\" content=\"Kymen Paviljonki\" \/>\n<meta property=\"article:modified_time\" content=\"2024-08-23T13:35:17+00:00\" \/>\n<meta property=\"og:image\" content=\"https:\/\/kymenpaviljonki.fi\/wp-content\/uploads\/2021\/03\/kakku-300x84.jpg\" \/>\n<meta name=\"twitter:card\" content=\"summary_large_image\" \/>\n<meta name=\"twitter:label1\" content=\"Estimated reading time\" \/>\n\t<meta name=\"twitter:data1\" content=\"1 minute\" \/>\n<script type=\"application\/ld+json\" class=\"yoast-schema-graph\">{\"@context\":\"https:\/\/schema.org\",\"@graph\":[{\"@type\":\"WebPage\",\"@id\":\"https:\/\/kymenpaviljonki.fi\/tilaisuudet\/ruoka-ja-juoma\/\",\"url\":\"https:\/\/kymenpaviljonki.fi\/tilaisuudet\/ruoka-ja-juoma\/\",\"name\":\"Ruoka ja juoma - Avain onnistuneeseen tilaisuuteen\",\"isPartOf\":{\"@id\":\"https:\/\/kymenpaviljonki.fi\/#website\"},\"primaryImageOfPage\":{\"@id\":\"https:\/\/kymenpaviljonki.fi\/tilaisuudet\/ruoka-ja-juoma\/#primaryimage\"},\"image\":{\"@id\":\"https:\/\/kymenpaviljonki.fi\/tilaisuudet\/ruoka-ja-juoma\/#primaryimage\"},\"thumbnailUrl\":\"https:\/\/kymenpaviljonki.fi\/wp-content\/uploads\/2021\/03\/kakku-300x84.jpg\",\"datePublished\":\"2021-03-02T10:48:06+00:00\",\"dateModified\":\"2024-08-23T13:35:17+00:00\",\"description\":\"Mik\u00e4li valmista vaihtoehdoistamme ei l\u00f6ydy juuri tarpeisiisi sopivaa, voimme laatia my\u00f6s yksil\u00f6llisen tarjoilun, toiveidenne mukaisesti.\",\"breadcrumb\":{\"@id\":\"https:\/\/kymenpaviljonki.fi\/tilaisuudet\/ruoka-ja-juoma\/#breadcrumb\"},\"inLanguage\":\"en-GB\",\"potentialAction\":[{\"@type\":\"ReadAction\",\"target\":[\"https:\/\/kymenpaviljonki.fi\/tilaisuudet\/ruoka-ja-juoma\/\"]}]},{\"@type\":\"ImageObject\",\"inLanguage\":\"en-GB\",\"@id\":\"https:\/\/kymenpaviljonki.fi\/tilaisuudet\/ruoka-ja-juoma\/#primaryimage\",\"url\":\"https:\/\/kymenpaviljonki.fi\/wp-content\/uploads\/2021\/03\/kakku-300x84.jpg\",\"contentUrl\":\"https:\/\/kymenpaviljonki.fi\/wp-content\/uploads\/2021\/03\/kakku-300x84.jpg\"},{\"@type\":\"BreadcrumbList\",\"@id\":\"https:\/\/kymenpaviljonki.fi\/tilaisuudet\/ruoka-ja-juoma\/#breadcrumb\",\"itemListElement\":[{\"@type\":\"ListItem\",\"position\":1,\"name\":\"Etusivu\",\"item\":\"https:\/\/kymenpaviljonki.fi\/\"},{\"@type\":\"ListItem\",\"position\":2,\"name\":\"Juhlapalvelu\",\"item\":\"https:\/\/kymenpaviljonki.fi\/tilaisuudet\/\"},{\"@type\":\"ListItem\",\"position\":3,\"name\":\"Ruoka ja juoma\"}]},{\"@type\":\"WebSite\",\"@id\":\"https:\/\/kymenpaviljonki.fi\/#website\",\"url\":\"https:\/\/kymenpaviljonki.fi\/\",\"name\":\"Kymen Paviljonki\",\"description\":\"Kymen Paviljonki\",\"publisher\":{\"@id\":\"https:\/\/kymenpaviljonki.fi\/#organization\"},\"potentialAction\":[{\"@type\":\"SearchAction\",\"target\":{\"@type\":\"EntryPoint\",\"urlTemplate\":\"https:\/\/kymenpaviljonki.fi\/?s={search_term_string}\"},\"query-input\":{\"@type\":\"PropertyValueSpecification\",\"valueRequired\":true,\"valueName\":\"search_term_string\"}}],\"inLanguage\":\"en-GB\"},{\"@type\":\"Organization\",\"@id\":\"https:\/\/kymenpaviljonki.fi\/#organization\",\"name\":\"Kymen Paviljonki\",\"url\":\"https:\/\/kymenpaviljonki.fi\/\",\"logo\":{\"@type\":\"ImageObject\",\"inLanguage\":\"en-GB\",\"@id\":\"https:\/\/kymenpaviljonki.fi\/#\/schema\/logo\/image\/\",\"url\":\"https:\/\/kymenpaviljonki.fi\/wp-content\/uploads\/2022\/05\/cropped-Pavil-logo-valkoinen-vaaka2.png\",\"contentUrl\":\"https:\/\/kymenpaviljonki.fi\/wp-content\/uploads\/2022\/05\/cropped-Pavil-logo-valkoinen-vaaka2.png\",\"width\":1671,\"height\":225,\"caption\":\"Kymen Paviljonki\"},\"image\":{\"@id\":\"https:\/\/kymenpaviljonki.fi\/#\/schema\/logo\/image\/\"}}]}<\/script>\n<!-- \/ Yoast SEO plugin. -->","yoast_head_json":{"title":"Ruoka ja juoma - Avain onnistuneeseen tilaisuuteen","description":"Mik\u00e4li valmista vaihtoehdoistamme ei l\u00f6ydy juuri tarpeisiisi sopivaa, voimme laatia my\u00f6s yksil\u00f6llisen tarjoilun, toiveidenne mukaisesti.","robots":{"index":"index","follow":"follow","max-snippet":"max-snippet:-1","max-image-preview":"max-image-preview:large","max-video-preview":"max-video-preview:-1"},"canonical":"https:\/\/kymenpaviljonki.fi\/en\/tilaisuudet\/ruoka-ja-juoma\/","og_locale":"en_GB","og_type":"article","og_title":"Ruoka ja juoma - Avain onnistuneeseen tilaisuuteen","og_description":"Mik\u00e4li valmista vaihtoehdoistamme ei l\u00f6ydy juuri tarpeisiisi sopivaa, voimme laatia my\u00f6s yksil\u00f6llisen tarjoilun, toiveidenne mukaisesti.","og_url":"https:\/\/kymenpaviljonki.fi\/en\/tilaisuudet\/ruoka-ja-juoma\/","og_site_name":"Kymen Paviljonki","article_modified_time":"2024-08-23T13:35:17+00:00","og_image":[{"url":"https:\/\/kymenpaviljonki.fi\/wp-content\/uploads\/2021\/03\/kakku-300x84.jpg","type":"","width":"","height":""}],"twitter_card":"summary_large_image","twitter_misc":{"Estimated reading time":"1 minute"},"schema":{"@context":"https:\/\/schema.org","@graph":[{"@type":"WebPage","@id":"https:\/\/kymenpaviljonki.fi\/tilaisuudet\/ruoka-ja-juoma\/","url":"https:\/\/kymenpaviljonki.fi\/tilaisuudet\/ruoka-ja-juoma\/","name":"Ruoka ja juoma - Avain onnistuneeseen tilaisuuteen","isPartOf":{"@id":"https:\/\/kymenpaviljonki.fi\/#website"},"primaryImageOfPage":{"@id":"https:\/\/kymenpaviljonki.fi\/tilaisuudet\/ruoka-ja-juoma\/#primaryimage"},"image":{"@id":"https:\/\/kymenpaviljonki.fi\/tilaisuudet\/ruoka-ja-juoma\/#primaryimage"},"thumbnailUrl":"https:\/\/kymenpaviljonki.fi\/wp-content\/uploads\/2021\/03\/kakku-300x84.jpg","datePublished":"2021-03-02T10:48:06+00:00","dateModified":"2024-08-23T13:35:17+00:00","description":"Mik\u00e4li valmista vaihtoehdoistamme ei l\u00f6ydy juuri tarpeisiisi sopivaa, voimme laatia my\u00f6s yksil\u00f6llisen tarjoilun, toiveidenne mukaisesti.","breadcrumb":{"@id":"https:\/\/kymenpaviljonki.fi\/tilaisuudet\/ruoka-ja-juoma\/#breadcrumb"},"inLanguage":"en-GB","potentialAction":[{"@type":"ReadAction","target":["https:\/\/kymenpaviljonki.fi\/tilaisuudet\/ruoka-ja-juoma\/"]}]},{"@type":"ImageObject","inLanguage":"en-GB","@id":"https:\/\/kymenpaviljonki.fi\/tilaisuudet\/ruoka-ja-juoma\/#primaryimage","url":"https:\/\/kymenpaviljonki.fi\/wp-content\/uploads\/2021\/03\/kakku-300x84.jpg","contentUrl":"https:\/\/kymenpaviljonki.fi\/wp-content\/uploads\/2021\/03\/kakku-300x84.jpg"},{"@type":"BreadcrumbList","@id":"https:\/\/kymenpaviljonki.fi\/tilaisuudet\/ruoka-ja-juoma\/#breadcrumb","itemListElement":[{"@type":"ListItem","position":1,"name":"Etusivu","item":"https:\/\/kymenpaviljonki.fi\/"},{"@type":"ListItem","position":2,"name":"Juhlapalvelu","item":"https:\/\/kymenpaviljonki.fi\/tilaisuudet\/"},{"@type":"ListItem","position":3,"name":"Ruoka ja juoma"}]},{"@type":"WebSite","@id":"https:\/\/kymenpaviljonki.fi\/#website","url":"https:\/\/kymenpaviljonki.fi\/","name":"Kymen Pavilion","description":"Kymen Pavilion","publisher":{"@id":"https:\/\/kymenpaviljonki.fi\/#organization"},"potentialAction":[{"@type":"SearchAction","target":{"@type":"EntryPoint","urlTemplate":"https:\/\/kymenpaviljonki.fi\/?s={search_term_string}"},"query-input":{"@type":"PropertyValueSpecification","valueRequired":true,"valueName":"search_term_string"}}],"inLanguage":"en-GB"},{"@type":"Organization","@id":"https:\/\/kymenpaviljonki.fi\/#organization","name":"Kymen Pavilion","url":"https:\/\/kymenpaviljonki.fi\/","logo":{"@type":"ImageObject","inLanguage":"en-GB","@id":"https:\/\/kymenpaviljonki.fi\/#\/schema\/logo\/image\/","url":"https:\/\/kymenpaviljonki.fi\/wp-content\/uploads\/2022\/05\/cropped-Pavil-logo-valkoinen-vaaka2.png","contentUrl":"https:\/\/kymenpaviljonki.fi\/wp-content\/uploads\/2022\/05\/cropped-Pavil-logo-valkoinen-vaaka2.png","width":1671,"height":225,"caption":"Kymen Paviljonki"},"image":{"@id":"https:\/\/kymenpaviljonki.fi\/#\/schema\/logo\/image\/"}}]}},"_links":{"self":[{"href":"https:\/\/kymenpaviljonki.fi\/en\/wp-json\/wp\/v2\/pages\/410","targetHints":{"allow":["GET"]}}],"collection":[{"href":"https:\/\/kymenpaviljonki.fi\/en\/wp-json\/wp\/v2\/pages"}],"about":[{"href":"https:\/\/kymenpaviljonki.fi\/en\/wp-json\/wp\/v2\/types\/page"}],"author":[{"embeddable":true,"href":"https:\/\/kymenpaviljonki.fi\/en\/wp-json\/wp\/v2\/users\/1"}],"replies":[{"embeddable":true,"href":"https:\/\/kymenpaviljonki.fi\/en\/wp-json\/wp\/v2\/comments?post=410"}],"version-history":[{"count":14,"href":"https:\/\/kymenpaviljonki.fi\/en\/wp-json\/wp\/v2\/pages\/410\/revisions"}],"predecessor-version":[{"id":1956,"href":"https:\/\/kymenpaviljonki.fi\/en\/wp-json\/wp\/v2\/pages\/410\/revisions\/1956"}],"up":[{"embeddable":true,"href":"https:\/\/kymenpaviljonki.fi\/en\/wp-json\/wp\/v2\/pages\/141"}],"wp:attachment":[{"href":"https:\/\/kymenpaviljonki.fi\/en\/wp-json\/wp\/v2\/media?parent=410"}],"curies":[{"name":"wp","href":"https:\/\/api.w.org\/{rel}","templated":true}]}}