{"id":412,"date":"2021-03-02T12:48:24","date_gmt":"2021-03-02T10:48:24","guid":{"rendered":"https:\/\/kypa.juhodesign.fi\/?page_id=412"},"modified":"2024-08-23T16:29:26","modified_gmt":"2024-08-23T13:29:26","slug":"menuvaihtoehdot","status":"publish","type":"page","link":"https:\/\/kymenpaviljonki.fi\/en\/tilaisuudet\/menuvaihtoehdot\/","title":{"rendered":"Menus"},"content":{"rendered":"<div data-elementor-type=\"wp-page\" data-elementor-id=\"412\" class=\"elementor elementor-412\">\n\t\t\t\t\t\t<section class=\"elementor-section elementor-top-section elementor-element elementor-element-2044810 elementor-reverse-mobile elementor-section-boxed elementor-section-height-default elementor-section-height-default\" data-id=\"2044810\" data-element_type=\"section\" data-e-type=\"section\">\n\t\t\t\t\t\t<div class=\"elementor-container elementor-column-gap-default\">\n\t\t\t\t\t<div class=\"elementor-column elementor-col-33 elementor-top-column elementor-element elementor-element-10aa34e\" data-id=\"10aa34e\" data-element_type=\"column\" data-e-type=\"column\">\n\t\t\t<div class=\"elementor-widget-wrap elementor-element-populated\">\n\t\t\t\t\t\t<div class=\"elementor-element elementor-element-8e608f7 elementor-widget elementor-widget-wp-widget-nav_menu\" data-id=\"8e608f7\" data-element_type=\"widget\" data-e-type=\"widget\" data-widget_type=\"wp-widget-nav_menu.default\">\n\t\t\t\t<div class=\"elementor-widget-container\">\n\t\t\t\t\t<h5>Party services<\/h5><div class=\"menu-juhlapalvelut-container\"><ul id=\"menu-juhlapalvelut\" class=\"menu\"><li id=\"menu-item-416\" class=\"menu-item menu-item-type-post_type menu-item-object-page menu-item-416\"><a href=\"https:\/\/kymenpaviljonki.fi\/en\/tilaisuudet\/poydat-ja-kattaus\/\">Tables and table setting<\/a><\/li>\n<li id=\"menu-item-415\" class=\"menu-item menu-item-type-post_type menu-item-object-page menu-item-has-children menu-item-415\"><a href=\"https:\/\/kymenpaviljonki.fi\/en\/tilaisuudet\/ruoka-ja-juoma\/\">Food and drink<\/a>\n<ul class=\"sub-menu\">\n\t<li id=\"menu-item-414\" class=\"menu-item menu-item-type-post_type menu-item-object-page menu-item-414\"><a href=\"https:\/\/kymenpaviljonki.fi\/en\/tilaisuudet\/menuvaihtoehdot\/\">Menus<\/a><\/li>\n\t<li id=\"menu-item-427\" class=\"menu-item menu-item-type-post_type menu-item-object-page menu-item-427\"><a href=\"https:\/\/kymenpaviljonki.fi\/en\/tilaisuudet\/saunaillat-ja-illanistujaiset-yms\/\">Sauna evenings and dinners, etc.<\/a><\/li>\n\t<li id=\"menu-item-428\" class=\"menu-item menu-item-type-post_type menu-item-object-page menu-item-428\"><a href=\"https:\/\/kymenpaviljonki.fi\/en\/tilaisuudet\/tarjoiluvaihtoehtoja-kokouksiin\/\">Serving options for meetings<\/a><\/li>\n\t<li id=\"menu-item-429\" class=\"menu-item menu-item-type-post_type menu-item-object-page menu-item-429\"><a href=\"https:\/\/kymenpaviljonki.fi\/en\/tilaisuudet\/juomalista\/\">Drinks<\/a><\/li>\n\t<li id=\"menu-item-430\" class=\"menu-item menu-item-type-post_type menu-item-object-page menu-item-430\"><a href=\"https:\/\/kymenpaviljonki.fi\/en\/tilaisuudet\/noutopoytavaihtoehdot\/\">Buffet options for events<\/a><\/li>\n\t<li id=\"menu-item-1262\" class=\"menu-item menu-item-type-custom menu-item-object-custom menu-item-1262\"><a>Sesong menus<\/a><\/li>\n<\/ul>\n<\/li>\n<\/ul><\/div>\t\t\t\t<\/div>\n\t\t\t\t<\/div>\n\t\t\t\t<div class=\"elementor-element elementor-element-ccb018a elementor-widget-divider--view-line elementor-widget elementor-widget-divider\" data-id=\"ccb018a\" data-element_type=\"widget\" data-e-type=\"widget\" data-widget_type=\"divider.default\">\n\t\t\t\t<div class=\"elementor-widget-container\">\n\t\t\t\t\t\t\t<div class=\"elementor-divider\">\n\t\t\t<span class=\"elementor-divider-separator\">\n\t\t\t\t\t\t<\/span>\n\t\t<\/div>\n\t\t\t\t\t\t<\/div>\n\t\t\t\t<\/div>\n\t\t\t\t<div class=\"elementor-element elementor-element-95be9ba elementor-widget elementor-widget-wp-widget-nav_menu\" data-id=\"95be9ba\" data-element_type=\"widget\" data-e-type=\"widget\" data-widget_type=\"wp-widget-nav_menu.default\">\n\t\t\t\t<div class=\"elementor-widget-container\">\n\t\t\t\t\t<h5>Print versions (PDF, JPG)<\/h5><div class=\"menu-pdf-container\"><ul id=\"menu-pdf\" class=\"menu\"><li id=\"menu-item-432\" class=\"menu-item menu-item-type-custom menu-item-object-custom menu-item-432\"><a href=\"https:\/\/kymenpaviljonki.fi\/wp-content\/uploads\/2021\/03\/tilat.pdf\">Facilities<\/a><\/li>\n<li id=\"menu-item-433\" class=\"menu-item menu-item-type-custom menu-item-object-custom menu-item-433\"><a href=\"https:\/\/kymenpaviljonki.fi\/wp-content\/uploads\/2021\/03\/poytaliinat.pdf\">Table setting, tablecloths and table designs<\/a><\/li>\n<li id=\"menu-item-434\" class=\"menu-item menu-item-type-custom menu-item-object-custom menu-item-434\"><a href=\"https:\/\/kymenpaviljonki.fi\/wp-content\/uploads\/2021\/03\/pohjapiirros.jpg\">Floor plan<\/a><\/li>\n<li id=\"menu-item-435\" class=\"menu-item menu-item-type-custom menu-item-object-custom menu-item-435\"><a href=\"https:\/\/kymenpaviljonki.fi\/wp-content\/uploads\/2022\/04\/2022Noutopoytavaihtoehtoja-juhliin.pdf\">Buffet options for events<\/a><\/li>\n<li id=\"menu-item-436\" class=\"menu-item menu-item-type-custom menu-item-object-custom menu-item-436\"><a href=\"https:\/\/kymenpaviljonki.fi\/wp-content\/uploads\/2022\/04\/2022menu.pdf\">Menus<\/a><\/li>\n<li id=\"menu-item-437\" class=\"menu-item menu-item-type-custom menu-item-object-custom menu-item-437\"><a href=\"https:\/\/kymenpaviljonki.fi\/wp-content\/uploads\/2022\/04\/2022juomia-juhliin.pdf\">Drinks<\/a><\/li>\n<li id=\"menu-item-438\" class=\"menu-item menu-item-type-custom menu-item-object-custom menu-item-438\"><a href=\"https:\/\/kymenpaviljonki.fi\/wp-content\/uploads\/2022\/02\/bussiryhmille20.pdf\">For bus groups<\/a><\/li>\n<li id=\"menu-item-439\" class=\"menu-item menu-item-type-custom menu-item-object-custom menu-item-439\"><a href=\"https:\/\/kymenpaviljonki.fi\/wp-content\/uploads\/2022\/04\/2022Tarjoiluvaihtoehtoja-kokouksiin.pdf\">Meetings<\/a><\/li>\n<li id=\"menu-item-440\" class=\"menu-item menu-item-type-custom menu-item-object-custom menu-item-440\"><a href=\"https:\/\/kymenpaviljonki.fi\/wp-content\/uploads\/2022\/03\/saunalista.pdf\">Sauna evenings and dinner parties<\/a><\/li>\n<li id=\"menu-item-1263\" class=\"menu-item menu-item-type-custom menu-item-object-custom menu-item-1263\"><a>Sesong menus<\/a><\/li>\n<\/ul><\/div>\t\t\t\t<\/div>\n\t\t\t\t<\/div>\n\t\t\t\t\t<\/div>\n\t\t<\/div>\n\t\t\t\t<div class=\"elementor-column elementor-col-66 elementor-top-column elementor-element elementor-element-9ae8178\" data-id=\"9ae8178\" data-element_type=\"column\" data-e-type=\"column\">\n\t\t\t<div class=\"elementor-widget-wrap elementor-element-populated\">\n\t\t\t\t\t\t<div class=\"elementor-element elementor-element-b94db56 elementor-widget elementor-widget-text-editor\" data-id=\"b94db56\" data-element_type=\"widget\" data-e-type=\"widget\" data-widget_type=\"text-editor.default\">\n\t\t\t\t<div class=\"elementor-widget-container\">\n\t\t\t\t\t\t\t\t\t<header>\n<header>\n<header>\n<header>\n<header>\n<h2>Menu<\/h2>\n<p><a href=\"https:\/\/kymenpaviljonki.fi\/wp-content\/uploads\/2021\/03\/nouto1-1.jpg\"><img decoding=\"async\" class=\"alignnone size-medium wp-image-504\" src=\"https:\/\/kymenpaviljonki.fi\/wp-content\/uploads\/2021\/03\/nouto1-1-300x84.jpg\" alt=\"\" width=\"300\" height=\"84\" srcset=\"https:\/\/kymenpaviljonki.fi\/wp-content\/uploads\/2021\/03\/nouto1-1-300x84.jpg 300w, https:\/\/kymenpaviljonki.fi\/wp-content\/uploads\/2021\/03\/nouto1-1-1024x288.jpg 1024w, https:\/\/kymenpaviljonki.fi\/wp-content\/uploads\/2021\/03\/nouto1-1-768x216.jpg 768w, https:\/\/kymenpaviljonki.fi\/wp-content\/uploads\/2021\/03\/nouto1-1-1536x432.jpg 1536w, https:\/\/kymenpaviljonki.fi\/wp-content\/uploads\/2021\/03\/nouto1-1.jpg 1600w\" sizes=\"(max-width: 300px) 100vw, 300px\" \/><\/a><\/p>\n<\/header>\n<table>\n<tbody>\n<tr>\n<th>&nbsp;<\/th>\n<th><b>Price<\/b><\/th>\n<\/tr>\n<tr>\n<td>\n<div class=\"piilo\">\n<p><b>1.<\/b>&nbsp;Green salad with tomato and Mozzarella, house dressing, crispy wheat bread and butter<br><\/p>\n<p>Delicious chicken pasta<\/p>\n<p>Fresh fruit salad and honey cream<\/p>\n<\/div>\n<\/td>\n<td><b>29,80<\/b><\/td>\n<\/tr>\n<tr>\n<td>\n<div class=\"piilo\">\n<p><b>2.<\/b>&nbsp;Carrot puree or tomato and basil soup and toasted bread<\/p>\n<p>Honey chicken breast, Bearnaise sauce, chopped potatoes, devil's jam and vegetables.<\/p>\n<p>Fresh berry ice cream and whipped cream.<\/p>\n<\/div>\n<\/td>\n<td><b>33,00<\/b><\/td>\n<\/tr>\n<tr>\n<td>\n<div class=\"piilo\">\n<p><b>3.<\/b>&nbsp;Soup of soupy waffle soup and toasted bread.<\/p>\n<p>Fried salmon tar-tar, dill potatoes, ratatouille<\/p>\n<p>Cranberry jelly and whipped cream<\/p>\n<\/div>\n<\/td>\n<td><b>39,50<\/b><\/td>\n<\/tr>\n<tr>\n<td>\n<div class=\"piilo\">\n<p><b>4.<\/b> Warm salmon salad with crispy green salad, tomato, cucumber, parmigrated salmon, poached egg and toasted rye bread.<\/p>\n<p>Pork tenderloin house style, chunky potatoes, herb and oyster root vegetables<\/p>\n<p>Ice cream with raspberries and caramel sauce.<\/p>\n<\/div>\n<\/td>\n<td><b>39,50<\/b><\/td>\n<\/tr>\n<tr>\n<td>\n<div class=\"piilo\">\n<p><b>5.<\/b> Salmonagen with island bread<br><\/p>\n<p>Steak tenderloin, red wine sauce, garlic potatoes, vegetables<\/p>\n<p>Lacquer panacotta<\/p>\n<\/div>\n<\/td>\n<td><b>45,00<\/b><\/td>\n<\/tr>\n<\/tbody>\n<\/table>\n<p>Dessert can be exchanged for a filling or cheesecake and coffee at an additional cost of 5\u20ac\/person.<\/p>\n<p>Prices include table service. We do not charge a separate rental fee for the space.<\/p>\n<p>All foods are lactose-free.<br>If necessary, we will also accommodate other special dietary requirements, depending on the situation, an additional fee of 15 % will be charged for special diets.<\/p>\n<\/header>\n<\/header>\n<\/header>\n<\/header>\t\t\t\t\t\t\t\t<\/div>\n\t\t\t\t<\/div>\n\t\t\t\t\t<\/div>\n\t\t<\/div>\n\t\t\t\t\t<\/div>\n\t\t<\/section>\n\t\t\t\t<\/div>","protected":false},"excerpt":{"rendered":"<p>Menu &nbsp; Hinta 1.&nbsp;Vihersalaattia tomaatin ja Mozzarellan kera, talon kastiketta, rapeaa vehn\u00e4leip\u00e4\u00e4 ja voita Herkullista broileripastaa Raikasta hedelm\u00e4salaattia ja hunajakermaa 29,80 2.&nbsp;Porkkanasose- tai tomaatti-basilikakeittoa ja paahdettua leip\u00e4\u00e4 Hunajaista broilerin rintaa, Bearnaisekastiketta, lohkoperunoita, paholaisen hilloa ja kasviksia. Tuoremarjakiisseli\u00e4 ja kermavaahtoa. 33,00 3.&nbsp;Suppilovahverokeittoa ja paahdettua leip\u00e4\u00e4. Paistettua kuhaa tar-tar, tilliperunat, ratatouille Karpaloj\u00e4\u00e4dykett\u00e4 ja kermavaahtoa 39,50 4. L\u00e4mmin&hellip;&nbsp;<a href=\"https:\/\/kymenpaviljonki.fi\/en\/tilaisuudet\/menuvaihtoehdot\/\" class=\"\" rel=\"bookmark\">Read More \"<span class=\"screen-reader-text\">Menus<\/span><\/a><\/p>","protected":false},"author":1,"featured_media":0,"parent":141,"menu_order":0,"comment_status":"closed","ping_status":"closed","template":"elementor_header_footer","meta":{"inline_featured_image":false,"neve_meta_sidebar":"full-width","neve_meta_container":"","neve_meta_enable_content_width":"on","neve_meta_content_width":100,"neve_meta_title_alignment":"","neve_meta_author_avatar":"","neve_post_elements_order":"","neve_meta_disable_header":"","neve_meta_disable_footer":"","neve_meta_disable_title":"","footnotes":""},"class_list":["post-412","page","type-page","status-publish","hentry"],"yoast_head":"<!-- This site is optimized with the Yoast SEO plugin v24.8.1 - https:\/\/yoast.com\/wordpress\/plugins\/seo\/ -->\n<title>Menuvaihtoehdot - Valmiit vaihtoehdot p\u00f6ytiin tarjoiluna<\/title>\n<meta name=\"description\" content=\"P\u00f6ytiin tarjoillut menu-vaihtoehdot on mietitty valmiiksi asiakkaalle. Usein pienempien juhlien valinta mutta onnistuu my\u00f6s suurempiin kinkereihin.\" \/>\n<meta name=\"robots\" content=\"index, follow, max-snippet:-1, max-image-preview:large, max-video-preview:-1\" \/>\n<link rel=\"canonical\" href=\"https:\/\/kymenpaviljonki.fi\/en\/tilaisuudet\/menuvaihtoehdot\/\" \/>\n<meta property=\"og:locale\" content=\"en_GB\" \/>\n<meta property=\"og:type\" content=\"article\" \/>\n<meta property=\"og:title\" content=\"Menuvaihtoehdot - Valmiit vaihtoehdot p\u00f6ytiin tarjoiluna\" \/>\n<meta property=\"og:description\" content=\"P\u00f6ytiin tarjoillut menu-vaihtoehdot on mietitty valmiiksi asiakkaalle. Usein pienempien juhlien valinta mutta onnistuu my\u00f6s suurempiin kinkereihin.\" \/>\n<meta property=\"og:url\" content=\"https:\/\/kymenpaviljonki.fi\/en\/tilaisuudet\/menuvaihtoehdot\/\" \/>\n<meta property=\"og:site_name\" content=\"Kymen Paviljonki\" \/>\n<meta property=\"article:modified_time\" content=\"2024-08-23T13:29:26+00:00\" \/>\n<meta property=\"og:image\" content=\"https:\/\/kymenpaviljonki.fi\/wp-content\/uploads\/2021\/03\/nouto1-1-300x84.jpg\" \/>\n<meta name=\"twitter:card\" content=\"summary_large_image\" \/>\n<meta name=\"twitter:label1\" content=\"Estimated reading time\" \/>\n\t<meta name=\"twitter:data1\" content=\"1 minute\" \/>\n<script type=\"application\/ld+json\" class=\"yoast-schema-graph\">{\"@context\":\"https:\/\/schema.org\",\"@graph\":[{\"@type\":\"WebPage\",\"@id\":\"https:\/\/kymenpaviljonki.fi\/tilaisuudet\/menuvaihtoehdot\/\",\"url\":\"https:\/\/kymenpaviljonki.fi\/tilaisuudet\/menuvaihtoehdot\/\",\"name\":\"Menuvaihtoehdot - Valmiit vaihtoehdot p\u00f6ytiin tarjoiluna\",\"isPartOf\":{\"@id\":\"https:\/\/kymenpaviljonki.fi\/#website\"},\"primaryImageOfPage\":{\"@id\":\"https:\/\/kymenpaviljonki.fi\/tilaisuudet\/menuvaihtoehdot\/#primaryimage\"},\"image\":{\"@id\":\"https:\/\/kymenpaviljonki.fi\/tilaisuudet\/menuvaihtoehdot\/#primaryimage\"},\"thumbnailUrl\":\"https:\/\/kymenpaviljonki.fi\/wp-content\/uploads\/2021\/03\/nouto1-1-300x84.jpg\",\"datePublished\":\"2021-03-02T10:48:24+00:00\",\"dateModified\":\"2024-08-23T13:29:26+00:00\",\"description\":\"P\u00f6ytiin tarjoillut menu-vaihtoehdot on mietitty valmiiksi asiakkaalle. Usein pienempien juhlien valinta mutta onnistuu my\u00f6s suurempiin kinkereihin.\",\"breadcrumb\":{\"@id\":\"https:\/\/kymenpaviljonki.fi\/tilaisuudet\/menuvaihtoehdot\/#breadcrumb\"},\"inLanguage\":\"en-GB\",\"potentialAction\":[{\"@type\":\"ReadAction\",\"target\":[\"https:\/\/kymenpaviljonki.fi\/tilaisuudet\/menuvaihtoehdot\/\"]}]},{\"@type\":\"ImageObject\",\"inLanguage\":\"en-GB\",\"@id\":\"https:\/\/kymenpaviljonki.fi\/tilaisuudet\/menuvaihtoehdot\/#primaryimage\",\"url\":\"https:\/\/kymenpaviljonki.fi\/wp-content\/uploads\/2021\/03\/nouto1-1-300x84.jpg\",\"contentUrl\":\"https:\/\/kymenpaviljonki.fi\/wp-content\/uploads\/2021\/03\/nouto1-1-300x84.jpg\"},{\"@type\":\"BreadcrumbList\",\"@id\":\"https:\/\/kymenpaviljonki.fi\/tilaisuudet\/menuvaihtoehdot\/#breadcrumb\",\"itemListElement\":[{\"@type\":\"ListItem\",\"position\":1,\"name\":\"Etusivu\",\"item\":\"https:\/\/kymenpaviljonki.fi\/\"},{\"@type\":\"ListItem\",\"position\":2,\"name\":\"Juhlapalvelu\",\"item\":\"https:\/\/kymenpaviljonki.fi\/tilaisuudet\/\"},{\"@type\":\"ListItem\",\"position\":3,\"name\":\"Menuvaihtoehdot\"}]},{\"@type\":\"WebSite\",\"@id\":\"https:\/\/kymenpaviljonki.fi\/#website\",\"url\":\"https:\/\/kymenpaviljonki.fi\/\",\"name\":\"Kymen Paviljonki\",\"description\":\"Kymen Paviljonki\",\"publisher\":{\"@id\":\"https:\/\/kymenpaviljonki.fi\/#organization\"},\"potentialAction\":[{\"@type\":\"SearchAction\",\"target\":{\"@type\":\"EntryPoint\",\"urlTemplate\":\"https:\/\/kymenpaviljonki.fi\/?s={search_term_string}\"},\"query-input\":{\"@type\":\"PropertyValueSpecification\",\"valueRequired\":true,\"valueName\":\"search_term_string\"}}],\"inLanguage\":\"en-GB\"},{\"@type\":\"Organization\",\"@id\":\"https:\/\/kymenpaviljonki.fi\/#organization\",\"name\":\"Kymen Paviljonki\",\"url\":\"https:\/\/kymenpaviljonki.fi\/\",\"logo\":{\"@type\":\"ImageObject\",\"inLanguage\":\"en-GB\",\"@id\":\"https:\/\/kymenpaviljonki.fi\/#\/schema\/logo\/image\/\",\"url\":\"https:\/\/kymenpaviljonki.fi\/wp-content\/uploads\/2022\/05\/cropped-Pavil-logo-valkoinen-vaaka2.png\",\"contentUrl\":\"https:\/\/kymenpaviljonki.fi\/wp-content\/uploads\/2022\/05\/cropped-Pavil-logo-valkoinen-vaaka2.png\",\"width\":1671,\"height\":225,\"caption\":\"Kymen Paviljonki\"},\"image\":{\"@id\":\"https:\/\/kymenpaviljonki.fi\/#\/schema\/logo\/image\/\"}}]}<\/script>\n<!-- \/ Yoast SEO plugin. -->","yoast_head_json":{"title":"Menuvaihtoehdot - Valmiit vaihtoehdot p\u00f6ytiin tarjoiluna","description":"P\u00f6ytiin tarjoillut menu-vaihtoehdot on mietitty valmiiksi asiakkaalle. Usein pienempien juhlien valinta mutta onnistuu my\u00f6s suurempiin kinkereihin.","robots":{"index":"index","follow":"follow","max-snippet":"max-snippet:-1","max-image-preview":"max-image-preview:large","max-video-preview":"max-video-preview:-1"},"canonical":"https:\/\/kymenpaviljonki.fi\/en\/tilaisuudet\/menuvaihtoehdot\/","og_locale":"en_GB","og_type":"article","og_title":"Menuvaihtoehdot - Valmiit vaihtoehdot p\u00f6ytiin tarjoiluna","og_description":"P\u00f6ytiin tarjoillut menu-vaihtoehdot on mietitty valmiiksi asiakkaalle. Usein pienempien juhlien valinta mutta onnistuu my\u00f6s suurempiin kinkereihin.","og_url":"https:\/\/kymenpaviljonki.fi\/en\/tilaisuudet\/menuvaihtoehdot\/","og_site_name":"Kymen Paviljonki","article_modified_time":"2024-08-23T13:29:26+00:00","og_image":[{"url":"https:\/\/kymenpaviljonki.fi\/wp-content\/uploads\/2021\/03\/nouto1-1-300x84.jpg","type":"","width":"","height":""}],"twitter_card":"summary_large_image","twitter_misc":{"Estimated reading time":"1 minute"},"schema":{"@context":"https:\/\/schema.org","@graph":[{"@type":"WebPage","@id":"https:\/\/kymenpaviljonki.fi\/tilaisuudet\/menuvaihtoehdot\/","url":"https:\/\/kymenpaviljonki.fi\/tilaisuudet\/menuvaihtoehdot\/","name":"Menuvaihtoehdot - Valmiit vaihtoehdot p\u00f6ytiin tarjoiluna","isPartOf":{"@id":"https:\/\/kymenpaviljonki.fi\/#website"},"primaryImageOfPage":{"@id":"https:\/\/kymenpaviljonki.fi\/tilaisuudet\/menuvaihtoehdot\/#primaryimage"},"image":{"@id":"https:\/\/kymenpaviljonki.fi\/tilaisuudet\/menuvaihtoehdot\/#primaryimage"},"thumbnailUrl":"https:\/\/kymenpaviljonki.fi\/wp-content\/uploads\/2021\/03\/nouto1-1-300x84.jpg","datePublished":"2021-03-02T10:48:24+00:00","dateModified":"2024-08-23T13:29:26+00:00","description":"P\u00f6ytiin tarjoillut menu-vaihtoehdot on mietitty valmiiksi asiakkaalle. Usein pienempien juhlien valinta mutta onnistuu my\u00f6s suurempiin kinkereihin.","breadcrumb":{"@id":"https:\/\/kymenpaviljonki.fi\/tilaisuudet\/menuvaihtoehdot\/#breadcrumb"},"inLanguage":"en-GB","potentialAction":[{"@type":"ReadAction","target":["https:\/\/kymenpaviljonki.fi\/tilaisuudet\/menuvaihtoehdot\/"]}]},{"@type":"ImageObject","inLanguage":"en-GB","@id":"https:\/\/kymenpaviljonki.fi\/tilaisuudet\/menuvaihtoehdot\/#primaryimage","url":"https:\/\/kymenpaviljonki.fi\/wp-content\/uploads\/2021\/03\/nouto1-1-300x84.jpg","contentUrl":"https:\/\/kymenpaviljonki.fi\/wp-content\/uploads\/2021\/03\/nouto1-1-300x84.jpg"},{"@type":"BreadcrumbList","@id":"https:\/\/kymenpaviljonki.fi\/tilaisuudet\/menuvaihtoehdot\/#breadcrumb","itemListElement":[{"@type":"ListItem","position":1,"name":"Etusivu","item":"https:\/\/kymenpaviljonki.fi\/"},{"@type":"ListItem","position":2,"name":"Juhlapalvelu","item":"https:\/\/kymenpaviljonki.fi\/tilaisuudet\/"},{"@type":"ListItem","position":3,"name":"Menuvaihtoehdot"}]},{"@type":"WebSite","@id":"https:\/\/kymenpaviljonki.fi\/#website","url":"https:\/\/kymenpaviljonki.fi\/","name":"Kymen Pavilion","description":"Kymen Pavilion","publisher":{"@id":"https:\/\/kymenpaviljonki.fi\/#organization"},"potentialAction":[{"@type":"SearchAction","target":{"@type":"EntryPoint","urlTemplate":"https:\/\/kymenpaviljonki.fi\/?s={search_term_string}"},"query-input":{"@type":"PropertyValueSpecification","valueRequired":true,"valueName":"search_term_string"}}],"inLanguage":"en-GB"},{"@type":"Organization","@id":"https:\/\/kymenpaviljonki.fi\/#organization","name":"Kymen Pavilion","url":"https:\/\/kymenpaviljonki.fi\/","logo":{"@type":"ImageObject","inLanguage":"en-GB","@id":"https:\/\/kymenpaviljonki.fi\/#\/schema\/logo\/image\/","url":"https:\/\/kymenpaviljonki.fi\/wp-content\/uploads\/2022\/05\/cropped-Pavil-logo-valkoinen-vaaka2.png","contentUrl":"https:\/\/kymenpaviljonki.fi\/wp-content\/uploads\/2022\/05\/cropped-Pavil-logo-valkoinen-vaaka2.png","width":1671,"height":225,"caption":"Kymen Paviljonki"},"image":{"@id":"https:\/\/kymenpaviljonki.fi\/#\/schema\/logo\/image\/"}}]}},"_links":{"self":[{"href":"https:\/\/kymenpaviljonki.fi\/en\/wp-json\/wp\/v2\/pages\/412","targetHints":{"allow":["GET"]}}],"collection":[{"href":"https:\/\/kymenpaviljonki.fi\/en\/wp-json\/wp\/v2\/pages"}],"about":[{"href":"https:\/\/kymenpaviljonki.fi\/en\/wp-json\/wp\/v2\/types\/page"}],"author":[{"embeddable":true,"href":"https:\/\/kymenpaviljonki.fi\/en\/wp-json\/wp\/v2\/users\/1"}],"replies":[{"embeddable":true,"href":"https:\/\/kymenpaviljonki.fi\/en\/wp-json\/wp\/v2\/comments?post=412"}],"version-history":[{"count":8,"href":"https:\/\/kymenpaviljonki.fi\/en\/wp-json\/wp\/v2\/pages\/412\/revisions"}],"predecessor-version":[{"id":1887,"href":"https:\/\/kymenpaviljonki.fi\/en\/wp-json\/wp\/v2\/pages\/412\/revisions\/1887"}],"up":[{"embeddable":true,"href":"https:\/\/kymenpaviljonki.fi\/en\/wp-json\/wp\/v2\/pages\/141"}],"wp:attachment":[{"href":"https:\/\/kymenpaviljonki.fi\/en\/wp-json\/wp\/v2\/media?parent=412"}],"curies":[{"name":"wp","href":"https:\/\/api.w.org\/{rel}","templated":true}]}}