{"id":419,"date":"2021-03-02T12:55:12","date_gmt":"2021-03-02T10:55:12","guid":{"rendered":"https:\/\/kypa.juhodesign.fi\/?page_id=419"},"modified":"2024-08-23T16:31:49","modified_gmt":"2024-08-23T13:31:49","slug":"noutopoytavaihtoehdot","status":"publish","type":"page","link":"https:\/\/kymenpaviljonki.fi\/en\/tilaisuudet\/noutopoytavaihtoehdot\/","title":{"rendered":"Buffet options for events"},"content":{"rendered":"<div data-elementor-type=\"wp-page\" data-elementor-id=\"419\" class=\"elementor elementor-419\">\n\t\t\t\t\t\t<section class=\"elementor-section elementor-top-section elementor-element elementor-element-4e93506 elementor-reverse-mobile elementor-section-boxed elementor-section-height-default elementor-section-height-default\" data-id=\"4e93506\" data-element_type=\"section\" data-e-type=\"section\">\n\t\t\t\t\t\t<div class=\"elementor-container elementor-column-gap-default\">\n\t\t\t\t\t<div class=\"elementor-column elementor-col-33 elementor-top-column elementor-element elementor-element-8d6b88b\" data-id=\"8d6b88b\" data-element_type=\"column\" data-e-type=\"column\">\n\t\t\t<div class=\"elementor-widget-wrap elementor-element-populated\">\n\t\t\t\t\t\t<div class=\"elementor-element elementor-element-4b19231 elementor-widget elementor-widget-wp-widget-nav_menu\" data-id=\"4b19231\" data-element_type=\"widget\" data-e-type=\"widget\" data-widget_type=\"wp-widget-nav_menu.default\">\n\t\t\t\t<div class=\"elementor-widget-container\">\n\t\t\t\t\t<h5>Party services<\/h5><div class=\"menu-juhlapalvelut-container\"><ul id=\"menu-juhlapalvelut\" class=\"menu\"><li id=\"menu-item-416\" class=\"menu-item menu-item-type-post_type menu-item-object-page menu-item-416\"><a href=\"https:\/\/kymenpaviljonki.fi\/en\/tilaisuudet\/poydat-ja-kattaus\/\">Tables and table setting<\/a><\/li>\n<li id=\"menu-item-415\" class=\"menu-item menu-item-type-post_type menu-item-object-page menu-item-has-children menu-item-415\"><a href=\"https:\/\/kymenpaviljonki.fi\/en\/tilaisuudet\/ruoka-ja-juoma\/\">Food and drink<\/a>\n<ul class=\"sub-menu\">\n\t<li id=\"menu-item-414\" class=\"menu-item menu-item-type-post_type menu-item-object-page menu-item-414\"><a href=\"https:\/\/kymenpaviljonki.fi\/en\/tilaisuudet\/menuvaihtoehdot\/\">Menus<\/a><\/li>\n\t<li id=\"menu-item-427\" class=\"menu-item menu-item-type-post_type menu-item-object-page menu-item-427\"><a href=\"https:\/\/kymenpaviljonki.fi\/en\/tilaisuudet\/saunaillat-ja-illanistujaiset-yms\/\">Sauna evenings and dinners, etc.<\/a><\/li>\n\t<li id=\"menu-item-428\" class=\"menu-item menu-item-type-post_type menu-item-object-page menu-item-428\"><a href=\"https:\/\/kymenpaviljonki.fi\/en\/tilaisuudet\/tarjoiluvaihtoehtoja-kokouksiin\/\">Serving options for meetings<\/a><\/li>\n\t<li id=\"menu-item-429\" class=\"menu-item menu-item-type-post_type menu-item-object-page menu-item-429\"><a href=\"https:\/\/kymenpaviljonki.fi\/en\/tilaisuudet\/juomalista\/\">Drinks<\/a><\/li>\n\t<li id=\"menu-item-430\" class=\"menu-item menu-item-type-post_type menu-item-object-page menu-item-430\"><a href=\"https:\/\/kymenpaviljonki.fi\/en\/tilaisuudet\/noutopoytavaihtoehdot\/\">Buffet options for events<\/a><\/li>\n\t<li id=\"menu-item-1262\" class=\"menu-item menu-item-type-custom menu-item-object-custom menu-item-1262\"><a>Sesong menus<\/a><\/li>\n<\/ul>\n<\/li>\n<\/ul><\/div>\t\t\t\t<\/div>\n\t\t\t\t<\/div>\n\t\t\t\t<div class=\"elementor-element elementor-element-4211eb0 elementor-widget-divider--view-line elementor-widget elementor-widget-divider\" data-id=\"4211eb0\" data-element_type=\"widget\" data-e-type=\"widget\" data-widget_type=\"divider.default\">\n\t\t\t\t<div class=\"elementor-widget-container\">\n\t\t\t\t\t\t\t<div class=\"elementor-divider\">\n\t\t\t<span class=\"elementor-divider-separator\">\n\t\t\t\t\t\t<\/span>\n\t\t<\/div>\n\t\t\t\t\t\t<\/div>\n\t\t\t\t<\/div>\n\t\t\t\t<div class=\"elementor-element elementor-element-8e5a2b0 elementor-widget elementor-widget-wp-widget-nav_menu\" data-id=\"8e5a2b0\" data-element_type=\"widget\" data-e-type=\"widget\" data-widget_type=\"wp-widget-nav_menu.default\">\n\t\t\t\t<div class=\"elementor-widget-container\">\n\t\t\t\t\t<h5>Print versions (PDF, JPG)<\/h5><div class=\"menu-pdf-container\"><ul id=\"menu-pdf\" class=\"menu\"><li id=\"menu-item-432\" class=\"menu-item menu-item-type-custom menu-item-object-custom menu-item-432\"><a href=\"https:\/\/kymenpaviljonki.fi\/wp-content\/uploads\/2021\/03\/tilat.pdf\">Facilities<\/a><\/li>\n<li id=\"menu-item-433\" class=\"menu-item menu-item-type-custom menu-item-object-custom menu-item-433\"><a href=\"https:\/\/kymenpaviljonki.fi\/wp-content\/uploads\/2021\/03\/poytaliinat.pdf\">Table setting, tablecloths and table designs<\/a><\/li>\n<li id=\"menu-item-434\" class=\"menu-item menu-item-type-custom menu-item-object-custom menu-item-434\"><a href=\"https:\/\/kymenpaviljonki.fi\/wp-content\/uploads\/2021\/03\/pohjapiirros.jpg\">Floor plan<\/a><\/li>\n<li id=\"menu-item-435\" class=\"menu-item menu-item-type-custom menu-item-object-custom menu-item-435\"><a href=\"https:\/\/kymenpaviljonki.fi\/wp-content\/uploads\/2022\/04\/2022Noutopoytavaihtoehtoja-juhliin.pdf\">Buffet options for events<\/a><\/li>\n<li id=\"menu-item-436\" class=\"menu-item menu-item-type-custom menu-item-object-custom menu-item-436\"><a href=\"https:\/\/kymenpaviljonki.fi\/wp-content\/uploads\/2022\/04\/2022menu.pdf\">Menus<\/a><\/li>\n<li id=\"menu-item-437\" class=\"menu-item menu-item-type-custom menu-item-object-custom menu-item-437\"><a href=\"https:\/\/kymenpaviljonki.fi\/wp-content\/uploads\/2022\/04\/2022juomia-juhliin.pdf\">Drinks<\/a><\/li>\n<li id=\"menu-item-438\" class=\"menu-item menu-item-type-custom menu-item-object-custom menu-item-438\"><a href=\"https:\/\/kymenpaviljonki.fi\/wp-content\/uploads\/2022\/02\/bussiryhmille20.pdf\">For bus groups<\/a><\/li>\n<li id=\"menu-item-439\" class=\"menu-item menu-item-type-custom menu-item-object-custom menu-item-439\"><a href=\"https:\/\/kymenpaviljonki.fi\/wp-content\/uploads\/2022\/04\/2022Tarjoiluvaihtoehtoja-kokouksiin.pdf\">Meetings<\/a><\/li>\n<li id=\"menu-item-440\" class=\"menu-item menu-item-type-custom menu-item-object-custom menu-item-440\"><a href=\"https:\/\/kymenpaviljonki.fi\/wp-content\/uploads\/2022\/03\/saunalista.pdf\">Sauna evenings and dinner parties<\/a><\/li>\n<li id=\"menu-item-1263\" class=\"menu-item menu-item-type-custom menu-item-object-custom menu-item-1263\"><a>Sesong menus<\/a><\/li>\n<\/ul><\/div>\t\t\t\t<\/div>\n\t\t\t\t<\/div>\n\t\t\t\t\t<\/div>\n\t\t<\/div>\n\t\t\t\t<div class=\"elementor-column elementor-col-66 elementor-top-column elementor-element elementor-element-7def276\" data-id=\"7def276\" data-element_type=\"column\" data-e-type=\"column\">\n\t\t\t<div class=\"elementor-widget-wrap elementor-element-populated\">\n\t\t\t\t\t\t<div class=\"elementor-element elementor-element-243bdda elementor-widget elementor-widget-text-editor\" data-id=\"243bdda\" data-element_type=\"widget\" data-e-type=\"widget\" data-widget_type=\"text-editor.default\">\n\t\t\t\t<div class=\"elementor-widget-container\">\n\t\t\t\t\t\t\t\t\t<header>\n<header>\n<header>\n<header>\n<header>\n<header>\n<h2>Buffet options for events<\/h2>\n<p><a href=\"https:\/\/kymenpaviljonki.fi\/wp-content\/uploads\/2021\/03\/noutopoyta.jpg\"><img decoding=\"async\" class=\"alignnone size-medium wp-image-509\" src=\"https:\/\/kymenpaviljonki.fi\/wp-content\/uploads\/2021\/03\/noutopoyta-300x84.jpg\" alt=\"\" width=\"300\" height=\"84\" srcset=\"https:\/\/kymenpaviljonki.fi\/wp-content\/uploads\/2021\/03\/noutopoyta-300x84.jpg 300w, https:\/\/kymenpaviljonki.fi\/wp-content\/uploads\/2021\/03\/noutopoyta-1024x288.jpg 1024w, https:\/\/kymenpaviljonki.fi\/wp-content\/uploads\/2021\/03\/noutopoyta-768x216.jpg 768w, https:\/\/kymenpaviljonki.fi\/wp-content\/uploads\/2021\/03\/noutopoyta-1536x432.jpg 1536w, https:\/\/kymenpaviljonki.fi\/wp-content\/uploads\/2021\/03\/noutopoyta.jpg 1600w\" sizes=\"(max-width: 300px) 100vw, 300px\" \/><\/a><\/p>\n<\/header>\n<table>\n<tbody>\n<tr>\n<th>&nbsp;<\/th>\n<th><b>Price<\/b><\/th>\n<\/tr>\n<tr>\n<td>\n<div class=\"piilo\">\n<p><b>1.<\/b>&nbsp;Fish and meat filled sandwich cakes<br>cocktail pies and egg butter or alternatively<br>smoked salmon and chicken quiche pie with green salad<\/p>\n<p>Mango cheesecake,a and coffee\/tea<\/p>\n<\/div>\n<\/td>\n<td><b>31,90\/person<\/b><\/td>\n<\/tr>\n<tr>\n<td>\n<div class=\"piilo\">\n<p><b>2.<\/b>Salad table (without hot food)<\/p>\n<p>Sun-dried cucumber meatballs, chicken salad, orange and fennel salad, green salad, feta cheese, tomato and onion salad, best broccoli salad, melon mash<\/p>\n<p>Filling cake and coffee\/tea<\/p>\n<p>Salad buffet Plus with the addition of smoked salmon or meatballs&nbsp;&nbsp; <strong>34,00\/person<\/strong><\/p>\n<\/div>\n<\/td>\n<td><b>29,50\/person<\/b><\/td>\n<\/tr>\n<tr>\n<td>\n<div class=\"piilo\">\n<p><b>3.<\/b>&nbsp;Salmon, potatoes, mustard sauce, green salad, wild mushroom and beetroot salad, chicken salad<\/p>\n<p>Shredded beef and potatoes, herb and egg root.<\/p>\n<p>Filling cake and coffee\/tea<\/p>\n<\/div>\n<\/td>\n<td><b>36,30\/person<\/b><\/td>\n<\/tr>\n<tr>\n<td>\n<div class=\"piilo\">\n<p><b>4.<\/b>&nbsp;Sauna-fried small potato pancakes, chicken salad, green salad, tomato and mozzarella salad, garlic tomato<\/p>\n<p>House creamy salmon soup and toasted rye bread.<\/p>\n<p>Filling cake and coffee\/tea<\/p>\n<p>This menu without starters&nbsp;&nbsp; <strong>31,50\/person<\/strong><\/p>\n<\/div>\n<\/td>\n<td><b>37,90\/person<\/b><\/td>\n<\/tr>\n<tr>\n<td>\n<div class=\"piilo\">\n<p><b>5.<\/b>&nbsp;House herring with potatoes, gravad salmon and mustard sauce, Korian Palvi served with roast beef, stuffed egg halves, green salad, beetroot salad and wild mushroom salad, tomato and mozzarella salad<\/p>\n<p>Ham and salmon sauce.<\/p>\n<p>Filling cake and coffee\/tea.<\/p>\n<\/div>\n<\/td>\n<td><b>38,50\/person<\/b><\/td>\n<\/tr>\n<tr>\n<td>\n<div class=\"piilo\">\n<p><b>6.<\/b>&nbsp;House herring, smoked salmon, gravad whitefish, potatoes, smoked eggs, green salad, wild mushroom salad, tomato and mozzarella salad.<\/p>\n<p>Karelian roast, potatoes, herb and egg beetroot and carrot salad or alternatively: steamed chicken breast with Bearnaise sauce, served with potato wedges and herb and egg beetroot.<\/p>\n<p>Filling cake and coffee\/tea.<\/p>\n<\/div>\n<\/td>\n<td><b>43,40\/person<\/b><\/td>\n<\/tr>\n<tr>\n<td>\n<div class=\"piilo\">\n<p><b>7.<\/b>&nbsp;Caviar and egg halves, gravy salmon and mustard sauce, smoked salmon, Korian Palvi ox roast and blackcurrant jelly, Korian Palvi saunapalvik ham-filled dumplings, green salad, chicken salad, M\u00e4kel\u00e4's Cheese Farm home cheese, melon curd, marinated mushrooms, vegetable selection, tomato and onion salad, boiled potatoes.<\/p>\n<p>Veal roast or pork tenderloin, cream sauce, baked potato wedges and herb-oven root vegetables.<\/p>\n<p>Filling cake and coffee\/tea. Stuffing packets.<\/p>\n<\/div>\n<\/td>\n<td><b>49,00\/person<\/b><\/td>\n<\/tr>\n<\/tbody>\n<\/table>\n<p>Children 3-11 years -50%.<br>Children under 3 years free of charge.<\/p>\n<p>All options include an ice water\/beer (plus juice\/milk for children) and a sandwich with butter.<\/p>\n<p>You can also make changes to the lists or suggest your own menu, we will calculate the price individually.<\/p>\n<p>If necessary, we will also accommodate other special dietary requirements, depending on the situation, an additional fee of 15 % will be charged for special diets.<\/p>\n<p>We charge according to the number of persons indicated. The number of persons must be indicated one week before the event.<br>You can still specify the number of persons, binding confirmation of the number of persons two days before the event. Minimum 15 adults for the buffet. Option 7 for a minimum of 25 people.<\/p>\n<p>Wedding confirmation 200\u20ac at least one month before the event.<\/p>\n<p>We accept cash, debit and credit cards. Billing surcharge 6,00.<\/p>\n<p>You can choose white, green-patterned (Marimekko Pineapple), grey-white (Pentik Flora) or floral (Pentik Eden) linen for your event (see pictures in the table designs). Flowers chosen by the house for the tables are included in the price. The flower device for the commemorative table is brought by the customer, if agreed, the device can be purchased on behalf of the house, in which case it will be invoiced separately. We do not charge a separate rental fee for the premises. The house reserves the right to change the room if, for example, the number of persons changes.<\/p>\n<p>All foods are lactose-free.<\/p>\n<p>You can discuss the details of the event with me!<\/p>\n<p><strong>Best regards: Jaana Honkonen, host<\/strong><\/p>\n<\/header>\n<\/header>\n<\/header>\n<\/header>\n<\/header>9\t\t\t\t\t\t\t\t<\/div>\n\t\t\t\t<\/div>\n\t\t\t\t\t<\/div>\n\t\t<\/div>\n\t\t\t\t\t<\/div>\n\t\t<\/section>\n\t\t\t\t<\/div>","protected":false},"excerpt":{"rendered":"<p>Takeaway options for parties Price 1. Fish and meat filled sandwich cakecoctail pies and egg butter or alternativelycaviar and chicken quiche pie and green salad Mango cheesecake,a and coffee\/tea 31,90\/person 2.Salad buffet (without hot food) Sun-dried cabbage dumplings, chicken salad, orange and fennel salad, green salad, feta cheese, tomato and onion salad, best broccoli lettuce, melon mash Filling cake and coffee\/tea Salad buffet Plus with additional smoked salmon or meatballs 34,00\/person 29,50\/person 3. Grey salmon, potatoes, mustard dressing, green salad, wild mushroom and beetroot salad,...&nbsp;<a href=\"https:\/\/kymenpaviljonki.fi\/en\/tilaisuudet\/noutopoytavaihtoehdot\/\" class=\"\" rel=\"bookmark\">Read More \"<span class=\"screen-reader-text\">Buffet options for events<\/span><\/a><\/p>","protected":false},"author":1,"featured_media":0,"parent":141,"menu_order":0,"comment_status":"closed","ping_status":"closed","template":"elementor_header_footer","meta":{"inline_featured_image":false,"neve_meta_sidebar":"full-width","neve_meta_container":"","neve_meta_enable_content_width":"on","neve_meta_content_width":100,"neve_meta_title_alignment":"","neve_meta_author_avatar":"","neve_post_elements_order":"","neve_meta_disable_header":"","neve_meta_disable_footer":"","neve_meta_disable_title":"","footnotes":""},"class_list":["post-419","page","type-page","status-publish","hentry"],"yoast_head":"<!-- This site is optimized with the Yoast SEO plugin v24.8.1 - https:\/\/yoast.com\/wordpress\/plugins\/seo\/ -->\n<title>Noutop\u00f6yt\u00e4vaihtoehdot juhliin<\/title>\n<meta name=\"description\" content=\"Valmiit noutop\u00f6yt\u00e4vaihtoehdot juhliin ja erilaisiin tilaisuuksiin. Vaihtoehtoina kevyemp\u00e4\u00e4 tai kattavampaa noutop\u00f6yt\u00e4\u00e4. Tilataan v\u00e4hint\u00e4\u00e4n 15 henkil\u00f6lle.\" \/>\n<meta name=\"robots\" content=\"index, follow, max-snippet:-1, max-image-preview:large, max-video-preview:-1\" \/>\n<link rel=\"canonical\" href=\"https:\/\/kymenpaviljonki.fi\/en\/tilaisuudet\/noutopoytavaihtoehdot\/\" \/>\n<meta property=\"og:locale\" content=\"en_GB\" \/>\n<meta property=\"og:type\" content=\"article\" \/>\n<meta property=\"og:title\" content=\"Noutop\u00f6yt\u00e4vaihtoehdot juhliin\" \/>\n<meta property=\"og:description\" content=\"Valmiit noutop\u00f6yt\u00e4vaihtoehdot juhliin ja erilaisiin tilaisuuksiin. Vaihtoehtoina kevyemp\u00e4\u00e4 tai kattavampaa noutop\u00f6yt\u00e4\u00e4. Tilataan v\u00e4hint\u00e4\u00e4n 15 henkil\u00f6lle.\" \/>\n<meta property=\"og:url\" content=\"https:\/\/kymenpaviljonki.fi\/en\/tilaisuudet\/noutopoytavaihtoehdot\/\" \/>\n<meta property=\"og:site_name\" content=\"Kymen Paviljonki\" \/>\n<meta property=\"article:modified_time\" content=\"2024-08-23T13:31:49+00:00\" \/>\n<meta property=\"og:image\" content=\"https:\/\/kymenpaviljonki.fi\/wp-content\/uploads\/2021\/03\/noutopoyta-300x84.jpg\" \/>\n<meta name=\"twitter:card\" content=\"summary_large_image\" \/>\n<meta name=\"twitter:label1\" content=\"Estimated reading time\" \/>\n\t<meta name=\"twitter:data1\" content=\"3 minutes\" \/>\n<script type=\"application\/ld+json\" class=\"yoast-schema-graph\">{\"@context\":\"https:\/\/schema.org\",\"@graph\":[{\"@type\":\"WebPage\",\"@id\":\"https:\/\/kymenpaviljonki.fi\/tilaisuudet\/noutopoytavaihtoehdot\/\",\"url\":\"https:\/\/kymenpaviljonki.fi\/tilaisuudet\/noutopoytavaihtoehdot\/\",\"name\":\"Noutop\u00f6yt\u00e4vaihtoehdot juhliin\",\"isPartOf\":{\"@id\":\"https:\/\/kymenpaviljonki.fi\/#website\"},\"primaryImageOfPage\":{\"@id\":\"https:\/\/kymenpaviljonki.fi\/tilaisuudet\/noutopoytavaihtoehdot\/#primaryimage\"},\"image\":{\"@id\":\"https:\/\/kymenpaviljonki.fi\/tilaisuudet\/noutopoytavaihtoehdot\/#primaryimage\"},\"thumbnailUrl\":\"https:\/\/kymenpaviljonki.fi\/wp-content\/uploads\/2021\/03\/noutopoyta-300x84.jpg\",\"datePublished\":\"2021-03-02T10:55:12+00:00\",\"dateModified\":\"2024-08-23T13:31:49+00:00\",\"description\":\"Valmiit noutop\u00f6yt\u00e4vaihtoehdot juhliin ja erilaisiin tilaisuuksiin. Vaihtoehtoina kevyemp\u00e4\u00e4 tai kattavampaa noutop\u00f6yt\u00e4\u00e4. Tilataan v\u00e4hint\u00e4\u00e4n 15 henkil\u00f6lle.\",\"breadcrumb\":{\"@id\":\"https:\/\/kymenpaviljonki.fi\/tilaisuudet\/noutopoytavaihtoehdot\/#breadcrumb\"},\"inLanguage\":\"en-GB\",\"potentialAction\":[{\"@type\":\"ReadAction\",\"target\":[\"https:\/\/kymenpaviljonki.fi\/tilaisuudet\/noutopoytavaihtoehdot\/\"]}]},{\"@type\":\"ImageObject\",\"inLanguage\":\"en-GB\",\"@id\":\"https:\/\/kymenpaviljonki.fi\/tilaisuudet\/noutopoytavaihtoehdot\/#primaryimage\",\"url\":\"https:\/\/kymenpaviljonki.fi\/wp-content\/uploads\/2021\/03\/noutopoyta-300x84.jpg\",\"contentUrl\":\"https:\/\/kymenpaviljonki.fi\/wp-content\/uploads\/2021\/03\/noutopoyta-300x84.jpg\"},{\"@type\":\"BreadcrumbList\",\"@id\":\"https:\/\/kymenpaviljonki.fi\/tilaisuudet\/noutopoytavaihtoehdot\/#breadcrumb\",\"itemListElement\":[{\"@type\":\"ListItem\",\"position\":1,\"name\":\"Etusivu\",\"item\":\"https:\/\/kymenpaviljonki.fi\/\"},{\"@type\":\"ListItem\",\"position\":2,\"name\":\"Juhlapalvelu\",\"item\":\"https:\/\/kymenpaviljonki.fi\/tilaisuudet\/\"},{\"@type\":\"ListItem\",\"position\":3,\"name\":\"Noutop\u00f6yt\u00e4vaihtoehdot\"}]},{\"@type\":\"WebSite\",\"@id\":\"https:\/\/kymenpaviljonki.fi\/#website\",\"url\":\"https:\/\/kymenpaviljonki.fi\/\",\"name\":\"Kymen Paviljonki\",\"description\":\"Kymen Paviljonki\",\"publisher\":{\"@id\":\"https:\/\/kymenpaviljonki.fi\/#organization\"},\"potentialAction\":[{\"@type\":\"SearchAction\",\"target\":{\"@type\":\"EntryPoint\",\"urlTemplate\":\"https:\/\/kymenpaviljonki.fi\/?s={search_term_string}\"},\"query-input\":{\"@type\":\"PropertyValueSpecification\",\"valueRequired\":true,\"valueName\":\"search_term_string\"}}],\"inLanguage\":\"en-GB\"},{\"@type\":\"Organization\",\"@id\":\"https:\/\/kymenpaviljonki.fi\/#organization\",\"name\":\"Kymen Paviljonki\",\"url\":\"https:\/\/kymenpaviljonki.fi\/\",\"logo\":{\"@type\":\"ImageObject\",\"inLanguage\":\"en-GB\",\"@id\":\"https:\/\/kymenpaviljonki.fi\/#\/schema\/logo\/image\/\",\"url\":\"https:\/\/kymenpaviljonki.fi\/wp-content\/uploads\/2022\/05\/cropped-Pavil-logo-valkoinen-vaaka2.png\",\"contentUrl\":\"https:\/\/kymenpaviljonki.fi\/wp-content\/uploads\/2022\/05\/cropped-Pavil-logo-valkoinen-vaaka2.png\",\"width\":1671,\"height\":225,\"caption\":\"Kymen Paviljonki\"},\"image\":{\"@id\":\"https:\/\/kymenpaviljonki.fi\/#\/schema\/logo\/image\/\"}}]}<\/script>\n<!-- \/ Yoast SEO plugin. -->","yoast_head_json":{"title":"Takeaway options for parties","description":"Ready-made buffet options for parties and various occasions. Options for a lighter or more comprehensive buffet. Ordered for a minimum of 15 people.","robots":{"index":"index","follow":"follow","max-snippet":"max-snippet:-1","max-image-preview":"max-image-preview:large","max-video-preview":"max-video-preview:-1"},"canonical":"https:\/\/kymenpaviljonki.fi\/en\/tilaisuudet\/noutopoytavaihtoehdot\/","og_locale":"en_GB","og_type":"article","og_title":"Noutop\u00f6yt\u00e4vaihtoehdot juhliin","og_description":"Valmiit noutop\u00f6yt\u00e4vaihtoehdot juhliin ja erilaisiin tilaisuuksiin. Vaihtoehtoina kevyemp\u00e4\u00e4 tai kattavampaa noutop\u00f6yt\u00e4\u00e4. Tilataan v\u00e4hint\u00e4\u00e4n 15 henkil\u00f6lle.","og_url":"https:\/\/kymenpaviljonki.fi\/en\/tilaisuudet\/noutopoytavaihtoehdot\/","og_site_name":"Kymen Paviljonki","article_modified_time":"2024-08-23T13:31:49+00:00","og_image":[{"url":"https:\/\/kymenpaviljonki.fi\/wp-content\/uploads\/2021\/03\/noutopoyta-300x84.jpg","type":"","width":"","height":""}],"twitter_card":"summary_large_image","twitter_misc":{"Estimated reading time":"3 minutes"},"schema":{"@context":"https:\/\/schema.org","@graph":[{"@type":"WebPage","@id":"https:\/\/kymenpaviljonki.fi\/tilaisuudet\/noutopoytavaihtoehdot\/","url":"https:\/\/kymenpaviljonki.fi\/tilaisuudet\/noutopoytavaihtoehdot\/","name":"Takeaway options for parties","isPartOf":{"@id":"https:\/\/kymenpaviljonki.fi\/#website"},"primaryImageOfPage":{"@id":"https:\/\/kymenpaviljonki.fi\/tilaisuudet\/noutopoytavaihtoehdot\/#primaryimage"},"image":{"@id":"https:\/\/kymenpaviljonki.fi\/tilaisuudet\/noutopoytavaihtoehdot\/#primaryimage"},"thumbnailUrl":"https:\/\/kymenpaviljonki.fi\/wp-content\/uploads\/2021\/03\/noutopoyta-300x84.jpg","datePublished":"2021-03-02T10:55:12+00:00","dateModified":"2024-08-23T13:31:49+00:00","description":"Ready-made buffet options for parties and various occasions. Options for a lighter or more comprehensive buffet. Ordered for a minimum of 15 people.","breadcrumb":{"@id":"https:\/\/kymenpaviljonki.fi\/tilaisuudet\/noutopoytavaihtoehdot\/#breadcrumb"},"inLanguage":"en-GB","potentialAction":[{"@type":"ReadAction","target":["https:\/\/kymenpaviljonki.fi\/tilaisuudet\/noutopoytavaihtoehdot\/"]}]},{"@type":"ImageObject","inLanguage":"en-GB","@id":"https:\/\/kymenpaviljonki.fi\/tilaisuudet\/noutopoytavaihtoehdot\/#primaryimage","url":"https:\/\/kymenpaviljonki.fi\/wp-content\/uploads\/2021\/03\/noutopoyta-300x84.jpg","contentUrl":"https:\/\/kymenpaviljonki.fi\/wp-content\/uploads\/2021\/03\/noutopoyta-300x84.jpg"},{"@type":"BreadcrumbList","@id":"https:\/\/kymenpaviljonki.fi\/tilaisuudet\/noutopoytavaihtoehdot\/#breadcrumb","itemListElement":[{"@type":"ListItem","position":1,"name":"Etusivu","item":"https:\/\/kymenpaviljonki.fi\/"},{"@type":"ListItem","position":2,"name":"Juhlapalvelu","item":"https:\/\/kymenpaviljonki.fi\/tilaisuudet\/"},{"@type":"ListItem","position":3,"name":"Noutop\u00f6yt\u00e4vaihtoehdot"}]},{"@type":"WebSite","@id":"https:\/\/kymenpaviljonki.fi\/#website","url":"https:\/\/kymenpaviljonki.fi\/","name":"Kymen Pavilion","description":"Kymen Pavilion","publisher":{"@id":"https:\/\/kymenpaviljonki.fi\/#organization"},"potentialAction":[{"@type":"SearchAction","target":{"@type":"EntryPoint","urlTemplate":"https:\/\/kymenpaviljonki.fi\/?s={search_term_string}"},"query-input":{"@type":"PropertyValueSpecification","valueRequired":true,"valueName":"search_term_string"}}],"inLanguage":"en-GB"},{"@type":"Organization","@id":"https:\/\/kymenpaviljonki.fi\/#organization","name":"Kymen Pavilion","url":"https:\/\/kymenpaviljonki.fi\/","logo":{"@type":"ImageObject","inLanguage":"en-GB","@id":"https:\/\/kymenpaviljonki.fi\/#\/schema\/logo\/image\/","url":"https:\/\/kymenpaviljonki.fi\/wp-content\/uploads\/2022\/05\/cropped-Pavil-logo-valkoinen-vaaka2.png","contentUrl":"https:\/\/kymenpaviljonki.fi\/wp-content\/uploads\/2022\/05\/cropped-Pavil-logo-valkoinen-vaaka2.png","width":1671,"height":225,"caption":"Kymen Paviljonki"},"image":{"@id":"https:\/\/kymenpaviljonki.fi\/#\/schema\/logo\/image\/"}}]}},"_links":{"self":[{"href":"https:\/\/kymenpaviljonki.fi\/en\/wp-json\/wp\/v2\/pages\/419","targetHints":{"allow":["GET"]}}],"collection":[{"href":"https:\/\/kymenpaviljonki.fi\/en\/wp-json\/wp\/v2\/pages"}],"about":[{"href":"https:\/\/kymenpaviljonki.fi\/en\/wp-json\/wp\/v2\/types\/page"}],"author":[{"embeddable":true,"href":"https:\/\/kymenpaviljonki.fi\/en\/wp-json\/wp\/v2\/users\/1"}],"replies":[{"embeddable":true,"href":"https:\/\/kymenpaviljonki.fi\/en\/wp-json\/wp\/v2\/comments?post=419"}],"version-history":[{"count":14,"href":"https:\/\/kymenpaviljonki.fi\/en\/wp-json\/wp\/v2\/pages\/419\/revisions"}],"predecessor-version":[{"id":1906,"href":"https:\/\/kymenpaviljonki.fi\/en\/wp-json\/wp\/v2\/pages\/419\/revisions\/1906"}],"up":[{"embeddable":true,"href":"https:\/\/kymenpaviljonki.fi\/en\/wp-json\/wp\/v2\/pages\/141"}],"wp:attachment":[{"href":"https:\/\/kymenpaviljonki.fi\/en\/wp-json\/wp\/v2\/media?parent=419"}],"curies":[{"name":"wp","href":"https:\/\/api.w.org\/{rel}","templated":true}]}}