{"id":421,"date":"2021-03-02T12:55:26","date_gmt":"2021-03-02T10:55:26","guid":{"rendered":"https:\/\/kypa.juhodesign.fi\/?page_id=421"},"modified":"2024-08-23T16:25:11","modified_gmt":"2024-08-23T13:25:11","slug":"juomalista","status":"publish","type":"page","link":"https:\/\/kymenpaviljonki.fi\/en\/tilaisuudet\/juomalista\/","title":{"rendered":"Drinks"},"content":{"rendered":"<div data-elementor-type=\"wp-page\" data-elementor-id=\"421\" class=\"elementor elementor-421\">\n\t\t\t\t\t\t<section class=\"elementor-section elementor-top-section elementor-element elementor-element-b19dbf8 elementor-reverse-mobile elementor-section-boxed elementor-section-height-default elementor-section-height-default\" data-id=\"b19dbf8\" data-element_type=\"section\" data-e-type=\"section\">\n\t\t\t\t\t\t<div class=\"elementor-container elementor-column-gap-default\">\n\t\t\t\t\t<div class=\"elementor-column elementor-col-33 elementor-top-column elementor-element elementor-element-b526370\" data-id=\"b526370\" data-element_type=\"column\" data-e-type=\"column\">\n\t\t\t<div class=\"elementor-widget-wrap elementor-element-populated\">\n\t\t\t\t\t\t<div class=\"elementor-element elementor-element-abded55 elementor-widget elementor-widget-wp-widget-nav_menu\" data-id=\"abded55\" data-element_type=\"widget\" data-e-type=\"widget\" data-widget_type=\"wp-widget-nav_menu.default\">\n\t\t\t\t<div class=\"elementor-widget-container\">\n\t\t\t\t\t<h5>Party services<\/h5><div class=\"menu-juhlapalvelut-container\"><ul id=\"menu-juhlapalvelut\" class=\"menu\"><li id=\"menu-item-416\" class=\"menu-item menu-item-type-post_type menu-item-object-page menu-item-416\"><a href=\"https:\/\/kymenpaviljonki.fi\/en\/tilaisuudet\/poydat-ja-kattaus\/\">Tables and table setting<\/a><\/li>\n<li id=\"menu-item-415\" class=\"menu-item menu-item-type-post_type menu-item-object-page menu-item-has-children menu-item-415\"><a href=\"https:\/\/kymenpaviljonki.fi\/en\/tilaisuudet\/ruoka-ja-juoma\/\">Food and drink<\/a>\n<ul class=\"sub-menu\">\n\t<li id=\"menu-item-414\" class=\"menu-item menu-item-type-post_type menu-item-object-page menu-item-414\"><a href=\"https:\/\/kymenpaviljonki.fi\/en\/tilaisuudet\/menuvaihtoehdot\/\">Menus<\/a><\/li>\n\t<li id=\"menu-item-427\" class=\"menu-item menu-item-type-post_type menu-item-object-page menu-item-427\"><a href=\"https:\/\/kymenpaviljonki.fi\/en\/tilaisuudet\/saunaillat-ja-illanistujaiset-yms\/\">Sauna evenings and dinners, etc.<\/a><\/li>\n\t<li id=\"menu-item-428\" class=\"menu-item menu-item-type-post_type menu-item-object-page menu-item-428\"><a href=\"https:\/\/kymenpaviljonki.fi\/en\/tilaisuudet\/tarjoiluvaihtoehtoja-kokouksiin\/\">Serving options for meetings<\/a><\/li>\n\t<li id=\"menu-item-429\" class=\"menu-item menu-item-type-post_type menu-item-object-page menu-item-429\"><a href=\"https:\/\/kymenpaviljonki.fi\/en\/tilaisuudet\/juomalista\/\">Drinks<\/a><\/li>\n\t<li id=\"menu-item-430\" class=\"menu-item menu-item-type-post_type menu-item-object-page menu-item-430\"><a href=\"https:\/\/kymenpaviljonki.fi\/en\/tilaisuudet\/noutopoytavaihtoehdot\/\">Buffet options for events<\/a><\/li>\n\t<li id=\"menu-item-1262\" class=\"menu-item menu-item-type-custom menu-item-object-custom menu-item-1262\"><a>Sesong menus<\/a><\/li>\n<\/ul>\n<\/li>\n<\/ul><\/div>\t\t\t\t<\/div>\n\t\t\t\t<\/div>\n\t\t\t\t<div class=\"elementor-element elementor-element-a542497 elementor-widget-divider--view-line elementor-widget elementor-widget-divider\" data-id=\"a542497\" data-element_type=\"widget\" data-e-type=\"widget\" data-widget_type=\"divider.default\">\n\t\t\t\t<div class=\"elementor-widget-container\">\n\t\t\t\t\t\t\t<div class=\"elementor-divider\">\n\t\t\t<span class=\"elementor-divider-separator\">\n\t\t\t\t\t\t<\/span>\n\t\t<\/div>\n\t\t\t\t\t\t<\/div>\n\t\t\t\t<\/div>\n\t\t\t\t<div class=\"elementor-element elementor-element-02073a1 elementor-widget elementor-widget-wp-widget-nav_menu\" data-id=\"02073a1\" data-element_type=\"widget\" data-e-type=\"widget\" data-widget_type=\"wp-widget-nav_menu.default\">\n\t\t\t\t<div class=\"elementor-widget-container\">\n\t\t\t\t\t<h5>Print versions (PDF, JPG)<\/h5><div class=\"menu-pdf-container\"><ul id=\"menu-pdf\" class=\"menu\"><li id=\"menu-item-432\" class=\"menu-item menu-item-type-custom menu-item-object-custom menu-item-432\"><a href=\"https:\/\/kymenpaviljonki.fi\/wp-content\/uploads\/2021\/03\/tilat.pdf\">Facilities<\/a><\/li>\n<li id=\"menu-item-433\" class=\"menu-item menu-item-type-custom menu-item-object-custom menu-item-433\"><a href=\"https:\/\/kymenpaviljonki.fi\/wp-content\/uploads\/2021\/03\/poytaliinat.pdf\">Table setting, tablecloths and table designs<\/a><\/li>\n<li id=\"menu-item-434\" class=\"menu-item menu-item-type-custom menu-item-object-custom menu-item-434\"><a href=\"https:\/\/kymenpaviljonki.fi\/wp-content\/uploads\/2021\/03\/pohjapiirros.jpg\">Floor plan<\/a><\/li>\n<li id=\"menu-item-435\" class=\"menu-item menu-item-type-custom menu-item-object-custom menu-item-435\"><a href=\"https:\/\/kymenpaviljonki.fi\/wp-content\/uploads\/2022\/04\/2022Noutopoytavaihtoehtoja-juhliin.pdf\">Buffet options for events<\/a><\/li>\n<li id=\"menu-item-436\" class=\"menu-item menu-item-type-custom menu-item-object-custom menu-item-436\"><a href=\"https:\/\/kymenpaviljonki.fi\/wp-content\/uploads\/2022\/04\/2022menu.pdf\">Menus<\/a><\/li>\n<li id=\"menu-item-437\" class=\"menu-item menu-item-type-custom menu-item-object-custom menu-item-437\"><a href=\"https:\/\/kymenpaviljonki.fi\/wp-content\/uploads\/2022\/04\/2022juomia-juhliin.pdf\">Drinks<\/a><\/li>\n<li id=\"menu-item-438\" class=\"menu-item menu-item-type-custom menu-item-object-custom menu-item-438\"><a href=\"https:\/\/kymenpaviljonki.fi\/wp-content\/uploads\/2022\/02\/bussiryhmille20.pdf\">For bus groups<\/a><\/li>\n<li id=\"menu-item-439\" class=\"menu-item menu-item-type-custom menu-item-object-custom menu-item-439\"><a href=\"https:\/\/kymenpaviljonki.fi\/wp-content\/uploads\/2022\/04\/2022Tarjoiluvaihtoehtoja-kokouksiin.pdf\">Meetings<\/a><\/li>\n<li id=\"menu-item-440\" class=\"menu-item menu-item-type-custom menu-item-object-custom menu-item-440\"><a href=\"https:\/\/kymenpaviljonki.fi\/wp-content\/uploads\/2022\/03\/saunalista.pdf\">Sauna evenings and dinner parties<\/a><\/li>\n<li id=\"menu-item-1263\" class=\"menu-item menu-item-type-custom menu-item-object-custom menu-item-1263\"><a>Sesong menus<\/a><\/li>\n<\/ul><\/div>\t\t\t\t<\/div>\n\t\t\t\t<\/div>\n\t\t\t\t\t<\/div>\n\t\t<\/div>\n\t\t\t\t<div class=\"elementor-column elementor-col-66 elementor-top-column elementor-element elementor-element-7d3b31b\" data-id=\"7d3b31b\" data-element_type=\"column\" data-e-type=\"column\">\n\t\t\t<div class=\"elementor-widget-wrap elementor-element-populated\">\n\t\t\t\t\t\t<div class=\"elementor-element elementor-element-f656691 elementor-widget elementor-widget-text-editor\" data-id=\"f656691\" data-element_type=\"widget\" data-e-type=\"widget\" data-widget_type=\"text-editor.default\">\n\t\t\t\t<div class=\"elementor-widget-container\">\n\t\t\t\t\t\t\t\t\t<header>\n<header>\n<h2>Drinks<\/h2>\n<p><a href=\"https:\/\/kymenpaviljonki.fi\/wp-content\/uploads\/2021\/03\/juomat.jpg\"><img fetchpriority=\"high\" decoding=\"async\" class=\"alignnone size-medium wp-image-513\" src=\"https:\/\/kymenpaviljonki.fi\/wp-content\/uploads\/2021\/03\/juomat-300x200.jpg\" alt=\"\" width=\"300\" height=\"200\" srcset=\"https:\/\/kymenpaviljonki.fi\/wp-content\/uploads\/2021\/03\/juomat-300x200.jpg 300w, https:\/\/kymenpaviljonki.fi\/wp-content\/uploads\/2021\/03\/juomat-1024x681.jpg 1024w, https:\/\/kymenpaviljonki.fi\/wp-content\/uploads\/2021\/03\/juomat-768x511.jpg 768w, https:\/\/kymenpaviljonki.fi\/wp-content\/uploads\/2021\/03\/juomat-1536x1021.jpg 1536w, https:\/\/kymenpaviljonki.fi\/wp-content\/uploads\/2021\/03\/juomat-930x620.jpg 930w, https:\/\/kymenpaviljonki.fi\/wp-content\/uploads\/2021\/03\/juomat.jpg 1600w\" sizes=\"(max-width: 300px) 100vw, 300px\" \/><\/a><\/p>\n<\/header>\n<table>\n<tbody>\n<tr>\n<td><strong>Welcome casseroles<\/strong><\/td>\n<td><b>Price<\/b><\/td>\n<\/tr>\n<tr>\n<td><i>Sold by the bottle, 8-9 bowls per bottle<\/i><\/td>\n<td>&nbsp;<\/td>\n<\/tr>\n<tr>\n<td>Fresita <em>(strawberry sparkling wine)<\/em>, Chile<\/td>\n<td><b>39,00\/plo<\/b><\/td>\n<\/tr>\n<tr>\n<td>Elysee <em>(semi-dry)<\/em>, Finland<\/td>\n<td><b>39,00\/plo<\/b><\/td>\n<\/tr>\n<tr>\n<td>An ode to freedom <em>(Cava, semi-sweet)<\/em>, Spain<\/td>\n<td><b>40,00\/plo<\/b><\/td>\n<\/tr>\n<tr>\n<td>Veuve du Vernay Ice Rose <em>(semi-sweet)<\/em>, France<\/td>\n<td><b>42,00\/plo<\/b><\/td>\n<\/tr>\n<tr>\n<td>Sparkling apple wine, house style (by the glass only)<\/td>\n<td><b>3,50\/glass<\/b><\/td>\n<\/tr>\n<tr>\n<td><strong>Non-alcoholic<\/strong><\/td>\n<td>&nbsp;<\/td>\n<\/tr>\n<tr>\n<td>Pommac<\/td>\n<td><b>2,50\/glass<\/b><\/td>\n<\/tr>\n<tr>\n<td>Non-alcoholic cider<\/td>\n<td><b>3,00\/glass<\/b><\/td>\n<\/tr>\n<tr>\n<td>Leaflet threat<\/td>\n<td><b>30,00\/plo<\/b><\/td>\n<\/tr>\n<tr>\n<td><strong>Beers<\/strong><\/td>\n<td>&nbsp;<\/td>\n<\/tr>\n<tr>\n<td>III-olut<\/td>\n<td><b>5,20<\/b><\/td>\n<\/tr>\n<tr>\n<td>IV-olut<\/td>\n<td><b>6,50<\/b><\/td>\n<\/tr>\n<tr>\n<td>Cider<\/td>\n<td><b>6,50<\/b><\/td>\n<\/tr>\n<tr>\n<td>Tentacle<\/td>\n<td><b>6,50<\/b><\/td>\n<\/tr>\n<tr>\n<td><strong>White wines<\/strong><\/td>\n<td>&nbsp;<\/td>\n<\/tr>\n<tr>\n<td>BIN 141, Australia<\/td>\n<td><b>34,00<\/b><\/td>\n<\/tr>\n<tr>\n<td>Santa Helena, Chile<\/td>\n<td><b>38,00<\/b><\/td>\n<\/tr>\n<tr>\n<td>Yellow Tail, Australia<\/td>\n<td><b>40,00<\/b><\/td>\n<\/tr>\n<tr>\n<td><strong>Red wines<\/strong><\/td>\n<td>&nbsp;<\/td>\n<\/tr>\n<tr>\n<td>Robertson Ruby Cabernet, South Africa<\/td>\n<td><b>36,00<\/b><\/td>\n<\/tr>\n<tr>\n<td>Santiago 1541 Syrah Cabernet Malbec, Chile<\/td>\n<td><b>38,00<\/b><\/td>\n<\/tr>\n<tr>\n<td>Yellow Tail Shiraz, Australia<\/td>\n<td><b>40,00<\/b><\/td>\n<\/tr>\n<tr>\n<td>Roodeberg Red, South Africa<\/td>\n<td><b>42,00<\/b><\/td>\n<\/tr>\n<tr>\n<td><strong>Dessert wines<\/strong><\/td>\n<td>&nbsp;<\/td>\n<\/tr>\n<tr>\n<td>Lenz Moser, Austria<\/td>\n<td><b>6,50\/glass<\/b><\/td>\n<\/tr>\n<tr>\n<td><strong>Cognacs and liqueurs<\/strong><\/td>\n<td>&nbsp;<\/td>\n<\/tr>\n<tr>\n<td>VS-conjac Monnet<\/td>\n<td><b>8,00\/glass<\/b><\/td>\n<\/tr>\n<tr>\n<td>VSOP cognac (Monnet, Black Monopol)<\/td>\n<td><b>8,80\/glass<\/b><\/td>\n<\/tr>\n<tr>\n<td>Liqueurs (e.g. Lakka, Cranberry, Coffee, Almond, Cream)<\/td>\n<td><b>4,50\/glass<\/b><\/td>\n<\/tr>\n<\/tbody>\n<\/table>\n<hr>\n<p>Our restaurant is A-rated.<\/p>\n<\/header>\t\t\t\t\t\t\t\t<\/div>\n\t\t\t\t<\/div>\n\t\t\t\t\t<\/div>\n\t\t<\/div>\n\t\t\t\t\t<\/div>\n\t\t<\/section>\n\t\t\t\t<\/div>","protected":false},"excerpt":{"rendered":"<p>Juomalista Tervetuliaismaljat Hinta Myyd\u00e4\u00e4n pulloittain, yhdest\u00e4 pullosta 8-9 maljaa &nbsp; Fresita (mansikkakuohuviini), Chile 39,00\/plo Elysee (puolikuiva), Suomi 39,00\/plo Oodi vapaudelle (Cava, puolimakea), Espanja 40,00\/plo Veuve du Vernay Ice Rose (puolimakea), Ranska 42,00\/plo Helmeilev\u00e4 omenaviini talon tapaan (vain laseittain) 3,50\/lasi Alkoholittomat &nbsp; Pommac 2,50\/lasi Alkoholiton siideri 3,00\/lasi Lehtikuohu 30,00\/plo Oluet &nbsp; III-olut 5,20 IV-olut 6,50 Siideri&hellip;&nbsp;<a href=\"https:\/\/kymenpaviljonki.fi\/en\/tilaisuudet\/juomalista\/\" class=\"\" rel=\"bookmark\">Read More \"<span class=\"screen-reader-text\">Drinks<\/span><\/a><\/p>","protected":false},"author":1,"featured_media":0,"parent":141,"menu_order":0,"comment_status":"closed","ping_status":"closed","template":"elementor_header_footer","meta":{"inline_featured_image":false,"neve_meta_sidebar":"full-width","neve_meta_container":"","neve_meta_enable_content_width":"on","neve_meta_content_width":100,"neve_meta_title_alignment":"","neve_meta_author_avatar":"","neve_post_elements_order":"","neve_meta_disable_header":"","neve_meta_disable_footer":"","neve_meta_disable_title":"","footnotes":""},"class_list":["post-421","page","type-page","status-publish","hentry"],"yoast_head":"<!-- This site is optimized with the Yoast SEO plugin v24.8.1 - https:\/\/yoast.com\/wordpress\/plugins\/seo\/ -->\n<title>Juomalista - Lasillinen kuohuvaa tai hyv\u00e4 viini kruunaa juhlasi<\/title>\n<meta name=\"description\" content=\"Saatavilla oleva juomalista kaikkiin tapahtumiin. Listalta l\u00f6yd\u00e4t kuohuvat, viinit, oluet ja muut. Ravintolassamme on A-oikeudet.\" \/>\n<meta name=\"robots\" content=\"index, follow, max-snippet:-1, max-image-preview:large, max-video-preview:-1\" \/>\n<link rel=\"canonical\" href=\"https:\/\/kymenpaviljonki.fi\/en\/tilaisuudet\/juomalista\/\" \/>\n<meta property=\"og:locale\" content=\"en_GB\" \/>\n<meta property=\"og:type\" content=\"article\" \/>\n<meta property=\"og:title\" content=\"Juomalista - Lasillinen kuohuvaa tai hyv\u00e4 viini kruunaa juhlasi\" \/>\n<meta property=\"og:description\" content=\"Saatavilla oleva juomalista kaikkiin tapahtumiin. Listalta l\u00f6yd\u00e4t kuohuvat, viinit, oluet ja muut. Ravintolassamme on A-oikeudet.\" \/>\n<meta property=\"og:url\" content=\"https:\/\/kymenpaviljonki.fi\/en\/tilaisuudet\/juomalista\/\" \/>\n<meta property=\"og:site_name\" content=\"Kymen Paviljonki\" \/>\n<meta property=\"article:modified_time\" content=\"2024-08-23T13:25:11+00:00\" \/>\n<meta property=\"og:image\" content=\"https:\/\/kymenpaviljonki.fi\/wp-content\/uploads\/2021\/03\/juomat-300x200.jpg\" \/>\n<meta name=\"twitter:card\" content=\"summary_large_image\" \/>\n<meta name=\"twitter:label1\" content=\"Estimated reading time\" \/>\n\t<meta name=\"twitter:data1\" content=\"1 minute\" \/>\n<script type=\"application\/ld+json\" class=\"yoast-schema-graph\">{\"@context\":\"https:\/\/schema.org\",\"@graph\":[{\"@type\":\"WebPage\",\"@id\":\"https:\/\/kymenpaviljonki.fi\/tilaisuudet\/juomalista\/\",\"url\":\"https:\/\/kymenpaviljonki.fi\/tilaisuudet\/juomalista\/\",\"name\":\"Juomalista - Lasillinen kuohuvaa tai hyv\u00e4 viini kruunaa juhlasi\",\"isPartOf\":{\"@id\":\"https:\/\/kymenpaviljonki.fi\/#website\"},\"primaryImageOfPage\":{\"@id\":\"https:\/\/kymenpaviljonki.fi\/tilaisuudet\/juomalista\/#primaryimage\"},\"image\":{\"@id\":\"https:\/\/kymenpaviljonki.fi\/tilaisuudet\/juomalista\/#primaryimage\"},\"thumbnailUrl\":\"https:\/\/kymenpaviljonki.fi\/wp-content\/uploads\/2021\/03\/juomat-300x200.jpg\",\"datePublished\":\"2021-03-02T10:55:26+00:00\",\"dateModified\":\"2024-08-23T13:25:11+00:00\",\"description\":\"Saatavilla oleva juomalista kaikkiin tapahtumiin. Listalta l\u00f6yd\u00e4t kuohuvat, viinit, oluet ja muut. Ravintolassamme on A-oikeudet.\",\"breadcrumb\":{\"@id\":\"https:\/\/kymenpaviljonki.fi\/tilaisuudet\/juomalista\/#breadcrumb\"},\"inLanguage\":\"en-GB\",\"potentialAction\":[{\"@type\":\"ReadAction\",\"target\":[\"https:\/\/kymenpaviljonki.fi\/tilaisuudet\/juomalista\/\"]}]},{\"@type\":\"ImageObject\",\"inLanguage\":\"en-GB\",\"@id\":\"https:\/\/kymenpaviljonki.fi\/tilaisuudet\/juomalista\/#primaryimage\",\"url\":\"https:\/\/kymenpaviljonki.fi\/wp-content\/uploads\/2021\/03\/juomat-300x200.jpg\",\"contentUrl\":\"https:\/\/kymenpaviljonki.fi\/wp-content\/uploads\/2021\/03\/juomat-300x200.jpg\"},{\"@type\":\"BreadcrumbList\",\"@id\":\"https:\/\/kymenpaviljonki.fi\/tilaisuudet\/juomalista\/#breadcrumb\",\"itemListElement\":[{\"@type\":\"ListItem\",\"position\":1,\"name\":\"Etusivu\",\"item\":\"https:\/\/kymenpaviljonki.fi\/\"},{\"@type\":\"ListItem\",\"position\":2,\"name\":\"Juhlapalvelu\",\"item\":\"https:\/\/kymenpaviljonki.fi\/tilaisuudet\/\"},{\"@type\":\"ListItem\",\"position\":3,\"name\":\"Juomalista\"}]},{\"@type\":\"WebSite\",\"@id\":\"https:\/\/kymenpaviljonki.fi\/#website\",\"url\":\"https:\/\/kymenpaviljonki.fi\/\",\"name\":\"Kymen Paviljonki\",\"description\":\"Kymen Paviljonki\",\"publisher\":{\"@id\":\"https:\/\/kymenpaviljonki.fi\/#organization\"},\"potentialAction\":[{\"@type\":\"SearchAction\",\"target\":{\"@type\":\"EntryPoint\",\"urlTemplate\":\"https:\/\/kymenpaviljonki.fi\/?s={search_term_string}\"},\"query-input\":{\"@type\":\"PropertyValueSpecification\",\"valueRequired\":true,\"valueName\":\"search_term_string\"}}],\"inLanguage\":\"en-GB\"},{\"@type\":\"Organization\",\"@id\":\"https:\/\/kymenpaviljonki.fi\/#organization\",\"name\":\"Kymen Paviljonki\",\"url\":\"https:\/\/kymenpaviljonki.fi\/\",\"logo\":{\"@type\":\"ImageObject\",\"inLanguage\":\"en-GB\",\"@id\":\"https:\/\/kymenpaviljonki.fi\/#\/schema\/logo\/image\/\",\"url\":\"https:\/\/kymenpaviljonki.fi\/wp-content\/uploads\/2022\/05\/cropped-Pavil-logo-valkoinen-vaaka2.png\",\"contentUrl\":\"https:\/\/kymenpaviljonki.fi\/wp-content\/uploads\/2022\/05\/cropped-Pavil-logo-valkoinen-vaaka2.png\",\"width\":1671,\"height\":225,\"caption\":\"Kymen Paviljonki\"},\"image\":{\"@id\":\"https:\/\/kymenpaviljonki.fi\/#\/schema\/logo\/image\/\"}}]}<\/script>\n<!-- \/ Yoast SEO plugin. -->","yoast_head_json":{"title":"Juomalista - Lasillinen kuohuvaa tai hyv\u00e4 viini kruunaa juhlasi","description":"Saatavilla oleva juomalista kaikkiin tapahtumiin. Listalta l\u00f6yd\u00e4t kuohuvat, viinit, oluet ja muut. Ravintolassamme on A-oikeudet.","robots":{"index":"index","follow":"follow","max-snippet":"max-snippet:-1","max-image-preview":"max-image-preview:large","max-video-preview":"max-video-preview:-1"},"canonical":"https:\/\/kymenpaviljonki.fi\/en\/tilaisuudet\/juomalista\/","og_locale":"en_GB","og_type":"article","og_title":"Juomalista - Lasillinen kuohuvaa tai hyv\u00e4 viini kruunaa juhlasi","og_description":"Saatavilla oleva juomalista kaikkiin tapahtumiin. Listalta l\u00f6yd\u00e4t kuohuvat, viinit, oluet ja muut. Ravintolassamme on A-oikeudet.","og_url":"https:\/\/kymenpaviljonki.fi\/en\/tilaisuudet\/juomalista\/","og_site_name":"Kymen Paviljonki","article_modified_time":"2024-08-23T13:25:11+00:00","og_image":[{"url":"https:\/\/kymenpaviljonki.fi\/wp-content\/uploads\/2021\/03\/juomat-300x200.jpg","type":"","width":"","height":""}],"twitter_card":"summary_large_image","twitter_misc":{"Estimated reading time":"1 minute"},"schema":{"@context":"https:\/\/schema.org","@graph":[{"@type":"WebPage","@id":"https:\/\/kymenpaviljonki.fi\/tilaisuudet\/juomalista\/","url":"https:\/\/kymenpaviljonki.fi\/tilaisuudet\/juomalista\/","name":"Juomalista - Lasillinen kuohuvaa tai hyv\u00e4 viini kruunaa juhlasi","isPartOf":{"@id":"https:\/\/kymenpaviljonki.fi\/#website"},"primaryImageOfPage":{"@id":"https:\/\/kymenpaviljonki.fi\/tilaisuudet\/juomalista\/#primaryimage"},"image":{"@id":"https:\/\/kymenpaviljonki.fi\/tilaisuudet\/juomalista\/#primaryimage"},"thumbnailUrl":"https:\/\/kymenpaviljonki.fi\/wp-content\/uploads\/2021\/03\/juomat-300x200.jpg","datePublished":"2021-03-02T10:55:26+00:00","dateModified":"2024-08-23T13:25:11+00:00","description":"Saatavilla oleva juomalista kaikkiin tapahtumiin. Listalta l\u00f6yd\u00e4t kuohuvat, viinit, oluet ja muut. Ravintolassamme on A-oikeudet.","breadcrumb":{"@id":"https:\/\/kymenpaviljonki.fi\/tilaisuudet\/juomalista\/#breadcrumb"},"inLanguage":"en-GB","potentialAction":[{"@type":"ReadAction","target":["https:\/\/kymenpaviljonki.fi\/tilaisuudet\/juomalista\/"]}]},{"@type":"ImageObject","inLanguage":"en-GB","@id":"https:\/\/kymenpaviljonki.fi\/tilaisuudet\/juomalista\/#primaryimage","url":"https:\/\/kymenpaviljonki.fi\/wp-content\/uploads\/2021\/03\/juomat-300x200.jpg","contentUrl":"https:\/\/kymenpaviljonki.fi\/wp-content\/uploads\/2021\/03\/juomat-300x200.jpg"},{"@type":"BreadcrumbList","@id":"https:\/\/kymenpaviljonki.fi\/tilaisuudet\/juomalista\/#breadcrumb","itemListElement":[{"@type":"ListItem","position":1,"name":"Etusivu","item":"https:\/\/kymenpaviljonki.fi\/"},{"@type":"ListItem","position":2,"name":"Juhlapalvelu","item":"https:\/\/kymenpaviljonki.fi\/tilaisuudet\/"},{"@type":"ListItem","position":3,"name":"Juomalista"}]},{"@type":"WebSite","@id":"https:\/\/kymenpaviljonki.fi\/#website","url":"https:\/\/kymenpaviljonki.fi\/","name":"Kymen Pavilion","description":"Kymen Pavilion","publisher":{"@id":"https:\/\/kymenpaviljonki.fi\/#organization"},"potentialAction":[{"@type":"SearchAction","target":{"@type":"EntryPoint","urlTemplate":"https:\/\/kymenpaviljonki.fi\/?s={search_term_string}"},"query-input":{"@type":"PropertyValueSpecification","valueRequired":true,"valueName":"search_term_string"}}],"inLanguage":"en-GB"},{"@type":"Organization","@id":"https:\/\/kymenpaviljonki.fi\/#organization","name":"Kymen Pavilion","url":"https:\/\/kymenpaviljonki.fi\/","logo":{"@type":"ImageObject","inLanguage":"en-GB","@id":"https:\/\/kymenpaviljonki.fi\/#\/schema\/logo\/image\/","url":"https:\/\/kymenpaviljonki.fi\/wp-content\/uploads\/2022\/05\/cropped-Pavil-logo-valkoinen-vaaka2.png","contentUrl":"https:\/\/kymenpaviljonki.fi\/wp-content\/uploads\/2022\/05\/cropped-Pavil-logo-valkoinen-vaaka2.png","width":1671,"height":225,"caption":"Kymen Paviljonki"},"image":{"@id":"https:\/\/kymenpaviljonki.fi\/#\/schema\/logo\/image\/"}}]}},"_links":{"self":[{"href":"https:\/\/kymenpaviljonki.fi\/en\/wp-json\/wp\/v2\/pages\/421","targetHints":{"allow":["GET"]}}],"collection":[{"href":"https:\/\/kymenpaviljonki.fi\/en\/wp-json\/wp\/v2\/pages"}],"about":[{"href":"https:\/\/kymenpaviljonki.fi\/en\/wp-json\/wp\/v2\/types\/page"}],"author":[{"embeddable":true,"href":"https:\/\/kymenpaviljonki.fi\/en\/wp-json\/wp\/v2\/users\/1"}],"replies":[{"embeddable":true,"href":"https:\/\/kymenpaviljonki.fi\/en\/wp-json\/wp\/v2\/comments?post=421"}],"version-history":[{"count":23,"href":"https:\/\/kymenpaviljonki.fi\/en\/wp-json\/wp\/v2\/pages\/421\/revisions"}],"predecessor-version":[{"id":2858,"href":"https:\/\/kymenpaviljonki.fi\/en\/wp-json\/wp\/v2\/pages\/421\/revisions\/2858"}],"up":[{"embeddable":true,"href":"https:\/\/kymenpaviljonki.fi\/en\/wp-json\/wp\/v2\/pages\/141"}],"wp:attachment":[{"href":"https:\/\/kymenpaviljonki.fi\/en\/wp-json\/wp\/v2\/media?parent=421"}],"curies":[{"name":"wp","href":"https:\/\/api.w.org\/{rel}","templated":true}]}}