{"id":423,"date":"2021-03-02T12:56:08","date_gmt":"2021-03-02T10:56:08","guid":{"rendered":"https:\/\/kypa.juhodesign.fi\/?page_id=423"},"modified":"2024-08-23T16:43:45","modified_gmt":"2024-08-23T13:43:45","slug":"tarjoiluvaihtoehtoja-kokouksiin","status":"publish","type":"page","link":"https:\/\/kymenpaviljonki.fi\/en\/tilaisuudet\/tarjoiluvaihtoehtoja-kokouksiin\/","title":{"rendered":"Serving options for meetings"},"content":{"rendered":"<div data-elementor-type=\"wp-page\" data-elementor-id=\"423\" class=\"elementor elementor-423\">\n\t\t\t\t\t\t<section class=\"elementor-section elementor-top-section elementor-element elementor-element-9e352d3 elementor-reverse-mobile elementor-section-boxed elementor-section-height-default elementor-section-height-default\" data-id=\"9e352d3\" data-element_type=\"section\" data-e-type=\"section\">\n\t\t\t\t\t\t<div class=\"elementor-container elementor-column-gap-default\">\n\t\t\t\t\t<div class=\"elementor-column elementor-col-33 elementor-top-column elementor-element elementor-element-39e242a\" data-id=\"39e242a\" data-element_type=\"column\" data-e-type=\"column\">\n\t\t\t<div class=\"elementor-widget-wrap elementor-element-populated\">\n\t\t\t\t\t\t<div class=\"elementor-element elementor-element-ff9fbeb elementor-widget elementor-widget-wp-widget-nav_menu\" data-id=\"ff9fbeb\" data-element_type=\"widget\" data-e-type=\"widget\" data-widget_type=\"wp-widget-nav_menu.default\">\n\t\t\t\t<div class=\"elementor-widget-container\">\n\t\t\t\t\t<h5>Party services<\/h5><div class=\"menu-juhlapalvelut-container\"><ul id=\"menu-juhlapalvelut\" class=\"menu\"><li id=\"menu-item-416\" class=\"menu-item menu-item-type-post_type menu-item-object-page menu-item-416\"><a href=\"https:\/\/kymenpaviljonki.fi\/en\/tilaisuudet\/poydat-ja-kattaus\/\">Tables and table setting<\/a><\/li>\n<li id=\"menu-item-415\" class=\"menu-item menu-item-type-post_type menu-item-object-page menu-item-has-children menu-item-415\"><a href=\"https:\/\/kymenpaviljonki.fi\/en\/tilaisuudet\/ruoka-ja-juoma\/\">Food and drink<\/a>\n<ul class=\"sub-menu\">\n\t<li id=\"menu-item-414\" class=\"menu-item menu-item-type-post_type menu-item-object-page menu-item-414\"><a href=\"https:\/\/kymenpaviljonki.fi\/en\/tilaisuudet\/menuvaihtoehdot\/\">Menus<\/a><\/li>\n\t<li id=\"menu-item-427\" class=\"menu-item menu-item-type-post_type menu-item-object-page menu-item-427\"><a href=\"https:\/\/kymenpaviljonki.fi\/en\/tilaisuudet\/saunaillat-ja-illanistujaiset-yms\/\">Sauna evenings and dinners, etc.<\/a><\/li>\n\t<li id=\"menu-item-428\" class=\"menu-item menu-item-type-post_type menu-item-object-page menu-item-428\"><a href=\"https:\/\/kymenpaviljonki.fi\/en\/tilaisuudet\/tarjoiluvaihtoehtoja-kokouksiin\/\">Serving options for meetings<\/a><\/li>\n\t<li id=\"menu-item-429\" class=\"menu-item menu-item-type-post_type menu-item-object-page menu-item-429\"><a href=\"https:\/\/kymenpaviljonki.fi\/en\/tilaisuudet\/juomalista\/\">Drinks<\/a><\/li>\n\t<li id=\"menu-item-430\" class=\"menu-item menu-item-type-post_type menu-item-object-page menu-item-430\"><a href=\"https:\/\/kymenpaviljonki.fi\/en\/tilaisuudet\/noutopoytavaihtoehdot\/\">Buffet options for events<\/a><\/li>\n\t<li id=\"menu-item-1262\" class=\"menu-item menu-item-type-custom menu-item-object-custom menu-item-1262\"><a>Sesong menus<\/a><\/li>\n<\/ul>\n<\/li>\n<\/ul><\/div>\t\t\t\t<\/div>\n\t\t\t\t<\/div>\n\t\t\t\t<div class=\"elementor-element elementor-element-b1655ce elementor-widget-divider--view-line elementor-widget elementor-widget-divider\" data-id=\"b1655ce\" data-element_type=\"widget\" data-e-type=\"widget\" data-widget_type=\"divider.default\">\n\t\t\t\t<div class=\"elementor-widget-container\">\n\t\t\t\t\t\t\t<div class=\"elementor-divider\">\n\t\t\t<span class=\"elementor-divider-separator\">\n\t\t\t\t\t\t<\/span>\n\t\t<\/div>\n\t\t\t\t\t\t<\/div>\n\t\t\t\t<\/div>\n\t\t\t\t<div class=\"elementor-element elementor-element-6eeeec4 elementor-widget elementor-widget-wp-widget-nav_menu\" data-id=\"6eeeec4\" data-element_type=\"widget\" data-e-type=\"widget\" data-widget_type=\"wp-widget-nav_menu.default\">\n\t\t\t\t<div class=\"elementor-widget-container\">\n\t\t\t\t\t<h5>Print versions (PDF, JPG)<\/h5><div class=\"menu-pdf-container\"><ul id=\"menu-pdf\" class=\"menu\"><li id=\"menu-item-432\" class=\"menu-item menu-item-type-custom menu-item-object-custom menu-item-432\"><a href=\"https:\/\/kymenpaviljonki.fi\/wp-content\/uploads\/2021\/03\/tilat.pdf\">Facilities<\/a><\/li>\n<li id=\"menu-item-433\" class=\"menu-item menu-item-type-custom menu-item-object-custom menu-item-433\"><a href=\"https:\/\/kymenpaviljonki.fi\/wp-content\/uploads\/2021\/03\/poytaliinat.pdf\">Table setting, tablecloths and table designs<\/a><\/li>\n<li id=\"menu-item-434\" class=\"menu-item menu-item-type-custom menu-item-object-custom menu-item-434\"><a href=\"https:\/\/kymenpaviljonki.fi\/wp-content\/uploads\/2021\/03\/pohjapiirros.jpg\">Floor plan<\/a><\/li>\n<li id=\"menu-item-435\" class=\"menu-item menu-item-type-custom menu-item-object-custom menu-item-435\"><a href=\"https:\/\/kymenpaviljonki.fi\/wp-content\/uploads\/2022\/04\/2022Noutopoytavaihtoehtoja-juhliin.pdf\">Buffet options for events<\/a><\/li>\n<li id=\"menu-item-436\" class=\"menu-item menu-item-type-custom menu-item-object-custom menu-item-436\"><a href=\"https:\/\/kymenpaviljonki.fi\/wp-content\/uploads\/2022\/04\/2022menu.pdf\">Menus<\/a><\/li>\n<li id=\"menu-item-437\" class=\"menu-item menu-item-type-custom menu-item-object-custom menu-item-437\"><a href=\"https:\/\/kymenpaviljonki.fi\/wp-content\/uploads\/2022\/04\/2022juomia-juhliin.pdf\">Drinks<\/a><\/li>\n<li id=\"menu-item-438\" class=\"menu-item menu-item-type-custom menu-item-object-custom menu-item-438\"><a href=\"https:\/\/kymenpaviljonki.fi\/wp-content\/uploads\/2022\/02\/bussiryhmille20.pdf\">For bus groups<\/a><\/li>\n<li id=\"menu-item-439\" class=\"menu-item menu-item-type-custom menu-item-object-custom menu-item-439\"><a href=\"https:\/\/kymenpaviljonki.fi\/wp-content\/uploads\/2022\/04\/2022Tarjoiluvaihtoehtoja-kokouksiin.pdf\">Meetings<\/a><\/li>\n<li id=\"menu-item-440\" class=\"menu-item menu-item-type-custom menu-item-object-custom menu-item-440\"><a href=\"https:\/\/kymenpaviljonki.fi\/wp-content\/uploads\/2022\/03\/saunalista.pdf\">Sauna evenings and dinner parties<\/a><\/li>\n<li id=\"menu-item-1263\" class=\"menu-item menu-item-type-custom menu-item-object-custom menu-item-1263\"><a>Sesong menus<\/a><\/li>\n<\/ul><\/div>\t\t\t\t<\/div>\n\t\t\t\t<\/div>\n\t\t\t\t\t<\/div>\n\t\t<\/div>\n\t\t\t\t<div class=\"elementor-column elementor-col-66 elementor-top-column elementor-element elementor-element-f4eeb45\" data-id=\"f4eeb45\" data-element_type=\"column\" data-e-type=\"column\">\n\t\t\t<div class=\"elementor-widget-wrap elementor-element-populated\">\n\t\t\t\t\t\t<div class=\"elementor-element elementor-element-0468cb3 elementor-widget elementor-widget-text-editor\" data-id=\"0468cb3\" data-element_type=\"widget\" data-e-type=\"widget\" data-widget_type=\"text-editor.default\">\n\t\t\t\t<div class=\"elementor-widget-container\">\n\t\t\t\t\t\t\t\t\t<header>\n<header>\n<h2>Catering options for meetings<\/h2>\n<p><a href=\"https:\/\/kymenpaviljonki.fi\/wp-content\/uploads\/2021\/03\/nouto1-1.jpg\"><img decoding=\"async\" class=\"alignnone size-medium wp-image-504\" src=\"https:\/\/kymenpaviljonki.fi\/wp-content\/uploads\/2021\/03\/nouto1-1-300x84.jpg\" alt=\"\" width=\"300\" height=\"84\" srcset=\"https:\/\/kymenpaviljonki.fi\/wp-content\/uploads\/2021\/03\/nouto1-1-300x84.jpg 300w, https:\/\/kymenpaviljonki.fi\/wp-content\/uploads\/2021\/03\/nouto1-1-1024x288.jpg 1024w, https:\/\/kymenpaviljonki.fi\/wp-content\/uploads\/2021\/03\/nouto1-1-768x216.jpg 768w, https:\/\/kymenpaviljonki.fi\/wp-content\/uploads\/2021\/03\/nouto1-1-1536x432.jpg 1536w, https:\/\/kymenpaviljonki.fi\/wp-content\/uploads\/2021\/03\/nouto1-1.jpg 1600w\" sizes=\"(max-width: 300px) 100vw, 300px\" \/><\/a><\/p>\n<\/header>\n<table>\n<tbody>\n<tr>\n<td><strong>Lunch from the buffet in the hall from 11-16<\/strong><\/td>\n<td><b>Price<\/b><\/td>\n<\/tr>\n<tr>\n<td>Mon-Fri<\/td>\n<td><b>11,50<\/b><\/td>\n<\/tr>\n<tr>\n<td>Sat-Sun<\/td>\n<td><b>12,50<\/b><\/td>\n<\/tr>\n<tr>\n<td><strong>Soup of the day<\/strong><\/td>\n<td><b>6,80<\/b><\/td>\n<\/tr>\n<tr>\n<td>+ salad<\/td>\n<td><b>2,20<\/b><\/td>\n<\/tr>\n<tr>\n<td><strong>Steak of the week<\/strong><\/td>\n<td>&nbsp;<\/td>\n<\/tr>\n<tr>\n<td>Weekly changing steak<\/td>\n<td><b>13,90<\/b><\/td>\n<\/tr>\n<tr>\n<td><strong>Savoury options and coffee\/tea brought to the meeting room<\/strong><\/td>\n<td>&nbsp;<\/td>\n<\/tr>\n<tr>\n<td>Feta triangle<\/td>\n<td><b>9,50<\/b><\/td>\n<\/tr>\n<tr>\n<td>House Plough or cheese horn<\/td>\n<td><b>9,50<\/b><\/td>\n<\/tr>\n<tr>\n<td>Karelian pie and egg butter<\/td>\n<td><b>10,00<\/b><\/td>\n<\/tr>\n<tr>\n<td>Ham and cheese sandwich<\/td>\n<td><b>11,50<\/b><\/td>\n<\/tr>\n<tr>\n<td>Warm tomato and goat cheese sandwich<\/td>\n<td><b>11,50<\/b><\/td>\n<\/tr>\n<tr>\n<td>Talon quichepiiras (meat, fish, vegetable or chicken filling)<\/td>\n<td><b>13,50<\/b><\/td>\n<\/tr>\n<tr>\n<td>Egg and anchovy bread<\/td>\n<td><b>14,50<\/b><\/td>\n<\/tr>\n<tr>\n<td>Rye square (incl. ham, cheese, fried egg)<\/td>\n<td><b>14,50<\/b><\/td>\n<\/tr>\n<tr>\n<td>Grain sandwich<\/td>\n<td><b>14,50<\/b><\/td>\n<\/tr>\n<tr>\n<td>Breakfast at the House (includes organic porridge, berries, jam, milk, scrambled eggs, bacon, fresh rolls, rye bread, butter, cheese, cold cuts, vegetables, assorted fruits, fresh juice, coffee, brewed tea)<\/td>\n<td><b>16,50<\/b><\/td>\n<\/tr>\n<tr>\n<td><i>For more savoury options, see the sauna menu!<\/i><\/td>\n<td>&nbsp;<\/td>\n<\/tr>\n<tr>\n<td><strong>Sweet options and coffee\/tea brought to the meeting room<\/strong><\/td>\n<td>&nbsp;<\/td>\n<\/tr>\n<tr>\n<td>Roll cake<\/td>\n<td><b>9,50<\/b><\/td>\n<\/tr>\n<tr>\n<td>Earwig, butterball or doughnut<\/td>\n<td><b>9,50<\/b><\/td>\n<\/tr>\n<tr>\n<td>House pie (<i>Peach, apple or apple cream pie, berry or berry cream pie, chocolate or toffee pie<\/i><\/td>\n<td><b>10,50<\/b><\/td>\n<\/tr>\n<tr>\n<td>Mango or cranberry cheesecake<\/td>\n<td><b>11,00<\/b><\/td>\n<\/tr>\n<tr>\n<td>Filling cake<\/td>\n<td><b>11,50<\/b><\/td>\n<\/tr>\n<tr>\n<td><strong>Additional services<\/strong><i>&nbsp;(conference room with ice water)<\/i><\/td>\n<td>&nbsp;<\/td>\n<\/tr>\n<tr>\n<td>Extra coffee in the meeting room<\/td>\n<td><b>3,00<\/b><\/td>\n<\/tr>\n<tr>\n<td>Smoothie (e.g. first thing in the morning)<\/td>\n<td><b>4,80<\/b><\/td>\n<\/tr>\n<tr>\n<td>Soft drinks<\/td>\n<td><b>3,80\/plo<\/b><\/td>\n<\/tr>\n<tr>\n<td>Fruit<\/td>\n<td><b>4,00\/person<\/b><\/td>\n<\/tr>\n<tr>\n<td><strong>Meeting packages<\/strong><\/td>\n<td>&nbsp;<\/td>\n<\/tr>\n<tr>\n<td>Meeting package Mon-Fri<\/td>\n<td><b>30,50\/person<\/b><\/td>\n<\/tr>\n<tr>\n<td>Meeting package Sat-Sun<\/td>\n<td><b>31,50\/person<\/b><\/td>\n<\/tr>\n<tr>\n<td>Includes:<\/td>\n<td>&nbsp;<\/td>\n<\/tr>\n<tr>\n<td>Morning coffee in the meeting room from the buffet table<br><i>Coffee\/tea and cheese horns<\/i><\/td>\n<td><b>9,50\/person<\/b><\/td>\n<\/tr>\n<tr>\n<td>Lunch of the day from the buffet in the hall<br><i>Two warm options<\/i><\/td>\n<td><b>11,50\/12,50\/person<\/b><\/td>\n<\/tr>\n<tr>\n<td>Coffee in the meeting room from the buffet table<br><i>Coffee\/tea and butter eye bun<\/i><\/td>\n<td><b>9,50\/person<\/b><\/td>\n<\/tr>\n<\/tbody>\n<\/table>\n<hr>\n<p>All dishes are&nbsp;<strong>lactose-free.<\/strong><br>We also cater for other special dietary requirements where necessary.<br>We do not charge a separate rent for the premises.<br>We charge according to the number of persons indicated when ordering. The number of persons must be indicated one week before the event. You can still specify the number of persons, binding confirmation of the number of persons two days before the event.<\/p>\n<p>Meeting facilities available in the conference rooms<\/p>\n<ul>\n<li>video wall<\/li>\n<li>White screen<\/li>\n<li>video gun<\/li>\n<li>flipchart<\/li>\n<li>Ejector<\/li>\n<li>wireless fibre-optic data connection<\/li>\n<li>Induction loop (in the Little Pavilion)<\/li>\n<\/ul>\n<\/header>\t\t\t\t\t\t\t\t<\/div>\n\t\t\t\t<\/div>\n\t\t\t\t\t<\/div>\n\t\t<\/div>\n\t\t\t\t\t<\/div>\n\t\t<\/section>\n\t\t\t\t<\/div>","protected":false},"excerpt":{"rendered":"<p>Tarjoiluvaihtoehdot kokouksiin P\u00e4iv\u00e4n lounas salin noutop\u00f6yd\u00e4st\u00e4 klo 11-16 Hinta Ma-pe 11,50 La-su 12,50 P\u00e4iv\u00e4n keitto 6,80 + salaatti 2,20 Viikon pihvi &nbsp; Viikoittain vaihtuva pihvi 13,90 Suolaiset vaihtoehdot ja kahvi\/tee tuotuna kokoustilaan &nbsp; Fetakolmio 9,50 Talon Aura- tai juustosarvi 9,50 Karjalanpiirakka ja munavoi 10,00 Kinkku-juustos\u00e4mpyl\u00e4 11,50 L\u00e4mmin tomaatti-vuohenjuustoleip\u00e4nen 11,50 Talon quichepiiras (liha- kala- kasvis- tai&hellip;&nbsp;<a href=\"https:\/\/kymenpaviljonki.fi\/en\/tilaisuudet\/tarjoiluvaihtoehtoja-kokouksiin\/\" class=\"\" rel=\"bookmark\">Read More \"<span class=\"screen-reader-text\">Serving options for meetings<\/span><\/a><\/p>","protected":false},"author":1,"featured_media":0,"parent":141,"menu_order":0,"comment_status":"closed","ping_status":"closed","template":"elementor_header_footer","meta":{"inline_featured_image":false,"neve_meta_sidebar":"full-width","neve_meta_container":"","neve_meta_enable_content_width":"on","neve_meta_content_width":100,"neve_meta_title_alignment":"","neve_meta_author_avatar":"","neve_post_elements_order":"","neve_meta_disable_header":"","neve_meta_disable_footer":"","neve_meta_disable_title":"","footnotes":""},"class_list":["post-423","page","type-page","status-publish","hentry"],"yoast_head":"<!-- This site is optimized with the Yoast SEO plugin v24.8.1 - https:\/\/yoast.com\/wordpress\/plugins\/seo\/ -->\n<title>Kokouksien tarjoilu ja tekniikka<\/title>\n<meta name=\"description\" content=\"Kokouksen yhteydess\u00e4 on hyv\u00e4 olla tarjolla juomaa ja purtavaa. T\u00e4\u00e4lt\u00e4 n\u00e4et erilaisia tarjoiluvaihtoehtoja kokousiin sek\u00e4 tiloissa olevan kokoustekniikan\" \/>\n<meta name=\"robots\" content=\"index, follow, max-snippet:-1, max-image-preview:large, max-video-preview:-1\" \/>\n<link rel=\"canonical\" href=\"https:\/\/kymenpaviljonki.fi\/en\/tilaisuudet\/tarjoiluvaihtoehtoja-kokouksiin\/\" \/>\n<meta property=\"og:locale\" content=\"en_GB\" \/>\n<meta property=\"og:type\" content=\"article\" \/>\n<meta property=\"og:title\" content=\"Kokouksien tarjoilu ja tekniikka\" \/>\n<meta property=\"og:description\" content=\"Kokouksen yhteydess\u00e4 on hyv\u00e4 olla tarjolla juomaa ja purtavaa. T\u00e4\u00e4lt\u00e4 n\u00e4et erilaisia tarjoiluvaihtoehtoja kokousiin sek\u00e4 tiloissa olevan kokoustekniikan\" \/>\n<meta property=\"og:url\" content=\"https:\/\/kymenpaviljonki.fi\/en\/tilaisuudet\/tarjoiluvaihtoehtoja-kokouksiin\/\" \/>\n<meta property=\"og:site_name\" content=\"Kymen Paviljonki\" \/>\n<meta property=\"article:modified_time\" content=\"2024-08-23T13:43:45+00:00\" \/>\n<meta property=\"og:image\" content=\"https:\/\/kymenpaviljonki.fi\/wp-content\/uploads\/2021\/03\/nouto1-1-300x84.jpg\" \/>\n<meta name=\"twitter:card\" content=\"summary_large_image\" \/>\n<meta name=\"twitter:label1\" content=\"Estimated reading time\" \/>\n\t<meta name=\"twitter:data1\" content=\"2 minutes\" \/>\n<script type=\"application\/ld+json\" class=\"yoast-schema-graph\">{\"@context\":\"https:\/\/schema.org\",\"@graph\":[{\"@type\":\"WebPage\",\"@id\":\"https:\/\/kymenpaviljonki.fi\/tilaisuudet\/tarjoiluvaihtoehtoja-kokouksiin\/\",\"url\":\"https:\/\/kymenpaviljonki.fi\/tilaisuudet\/tarjoiluvaihtoehtoja-kokouksiin\/\",\"name\":\"Kokouksien tarjoilu ja tekniikka\",\"isPartOf\":{\"@id\":\"https:\/\/kymenpaviljonki.fi\/#website\"},\"primaryImageOfPage\":{\"@id\":\"https:\/\/kymenpaviljonki.fi\/tilaisuudet\/tarjoiluvaihtoehtoja-kokouksiin\/#primaryimage\"},\"image\":{\"@id\":\"https:\/\/kymenpaviljonki.fi\/tilaisuudet\/tarjoiluvaihtoehtoja-kokouksiin\/#primaryimage\"},\"thumbnailUrl\":\"https:\/\/kymenpaviljonki.fi\/wp-content\/uploads\/2021\/03\/nouto1-1-300x84.jpg\",\"datePublished\":\"2021-03-02T10:56:08+00:00\",\"dateModified\":\"2024-08-23T13:43:45+00:00\",\"description\":\"Kokouksen yhteydess\u00e4 on hyv\u00e4 olla tarjolla juomaa ja purtavaa. T\u00e4\u00e4lt\u00e4 n\u00e4et erilaisia tarjoiluvaihtoehtoja kokousiin sek\u00e4 tiloissa olevan kokoustekniikan\",\"breadcrumb\":{\"@id\":\"https:\/\/kymenpaviljonki.fi\/tilaisuudet\/tarjoiluvaihtoehtoja-kokouksiin\/#breadcrumb\"},\"inLanguage\":\"en-GB\",\"potentialAction\":[{\"@type\":\"ReadAction\",\"target\":[\"https:\/\/kymenpaviljonki.fi\/tilaisuudet\/tarjoiluvaihtoehtoja-kokouksiin\/\"]}]},{\"@type\":\"ImageObject\",\"inLanguage\":\"en-GB\",\"@id\":\"https:\/\/kymenpaviljonki.fi\/tilaisuudet\/tarjoiluvaihtoehtoja-kokouksiin\/#primaryimage\",\"url\":\"https:\/\/kymenpaviljonki.fi\/wp-content\/uploads\/2021\/03\/nouto1-1-300x84.jpg\",\"contentUrl\":\"https:\/\/kymenpaviljonki.fi\/wp-content\/uploads\/2021\/03\/nouto1-1-300x84.jpg\"},{\"@type\":\"BreadcrumbList\",\"@id\":\"https:\/\/kymenpaviljonki.fi\/tilaisuudet\/tarjoiluvaihtoehtoja-kokouksiin\/#breadcrumb\",\"itemListElement\":[{\"@type\":\"ListItem\",\"position\":1,\"name\":\"Etusivu\",\"item\":\"https:\/\/kymenpaviljonki.fi\/\"},{\"@type\":\"ListItem\",\"position\":2,\"name\":\"Juhlapalvelu\",\"item\":\"https:\/\/kymenpaviljonki.fi\/tilaisuudet\/\"},{\"@type\":\"ListItem\",\"position\":3,\"name\":\"Tarjoiluvaihtoehtoja kokouksiin\"}]},{\"@type\":\"WebSite\",\"@id\":\"https:\/\/kymenpaviljonki.fi\/#website\",\"url\":\"https:\/\/kymenpaviljonki.fi\/\",\"name\":\"Kymen Paviljonki\",\"description\":\"Kymen Paviljonki\",\"publisher\":{\"@id\":\"https:\/\/kymenpaviljonki.fi\/#organization\"},\"potentialAction\":[{\"@type\":\"SearchAction\",\"target\":{\"@type\":\"EntryPoint\",\"urlTemplate\":\"https:\/\/kymenpaviljonki.fi\/?s={search_term_string}\"},\"query-input\":{\"@type\":\"PropertyValueSpecification\",\"valueRequired\":true,\"valueName\":\"search_term_string\"}}],\"inLanguage\":\"en-GB\"},{\"@type\":\"Organization\",\"@id\":\"https:\/\/kymenpaviljonki.fi\/#organization\",\"name\":\"Kymen Paviljonki\",\"url\":\"https:\/\/kymenpaviljonki.fi\/\",\"logo\":{\"@type\":\"ImageObject\",\"inLanguage\":\"en-GB\",\"@id\":\"https:\/\/kymenpaviljonki.fi\/#\/schema\/logo\/image\/\",\"url\":\"https:\/\/kymenpaviljonki.fi\/wp-content\/uploads\/2022\/05\/cropped-Pavil-logo-valkoinen-vaaka2.png\",\"contentUrl\":\"https:\/\/kymenpaviljonki.fi\/wp-content\/uploads\/2022\/05\/cropped-Pavil-logo-valkoinen-vaaka2.png\",\"width\":1671,\"height\":225,\"caption\":\"Kymen Paviljonki\"},\"image\":{\"@id\":\"https:\/\/kymenpaviljonki.fi\/#\/schema\/logo\/image\/\"}}]}<\/script>\n<!-- \/ Yoast SEO plugin. -->","yoast_head_json":{"title":"Kokouksien tarjoilu ja tekniikka","description":"Kokouksen yhteydess\u00e4 on hyv\u00e4 olla tarjolla juomaa ja purtavaa. T\u00e4\u00e4lt\u00e4 n\u00e4et erilaisia tarjoiluvaihtoehtoja kokousiin sek\u00e4 tiloissa olevan kokoustekniikan","robots":{"index":"index","follow":"follow","max-snippet":"max-snippet:-1","max-image-preview":"max-image-preview:large","max-video-preview":"max-video-preview:-1"},"canonical":"https:\/\/kymenpaviljonki.fi\/en\/tilaisuudet\/tarjoiluvaihtoehtoja-kokouksiin\/","og_locale":"en_GB","og_type":"article","og_title":"Kokouksien tarjoilu ja tekniikka","og_description":"Kokouksen yhteydess\u00e4 on hyv\u00e4 olla tarjolla juomaa ja purtavaa. T\u00e4\u00e4lt\u00e4 n\u00e4et erilaisia tarjoiluvaihtoehtoja kokousiin sek\u00e4 tiloissa olevan kokoustekniikan","og_url":"https:\/\/kymenpaviljonki.fi\/en\/tilaisuudet\/tarjoiluvaihtoehtoja-kokouksiin\/","og_site_name":"Kymen Paviljonki","article_modified_time":"2024-08-23T13:43:45+00:00","og_image":[{"url":"https:\/\/kymenpaviljonki.fi\/wp-content\/uploads\/2021\/03\/nouto1-1-300x84.jpg","type":"","width":"","height":""}],"twitter_card":"summary_large_image","twitter_misc":{"Estimated reading time":"2 minutes"},"schema":{"@context":"https:\/\/schema.org","@graph":[{"@type":"WebPage","@id":"https:\/\/kymenpaviljonki.fi\/tilaisuudet\/tarjoiluvaihtoehtoja-kokouksiin\/","url":"https:\/\/kymenpaviljonki.fi\/tilaisuudet\/tarjoiluvaihtoehtoja-kokouksiin\/","name":"Kokouksien tarjoilu ja tekniikka","isPartOf":{"@id":"https:\/\/kymenpaviljonki.fi\/#website"},"primaryImageOfPage":{"@id":"https:\/\/kymenpaviljonki.fi\/tilaisuudet\/tarjoiluvaihtoehtoja-kokouksiin\/#primaryimage"},"image":{"@id":"https:\/\/kymenpaviljonki.fi\/tilaisuudet\/tarjoiluvaihtoehtoja-kokouksiin\/#primaryimage"},"thumbnailUrl":"https:\/\/kymenpaviljonki.fi\/wp-content\/uploads\/2021\/03\/nouto1-1-300x84.jpg","datePublished":"2021-03-02T10:56:08+00:00","dateModified":"2024-08-23T13:43:45+00:00","description":"Kokouksen yhteydess\u00e4 on hyv\u00e4 olla tarjolla juomaa ja purtavaa. T\u00e4\u00e4lt\u00e4 n\u00e4et erilaisia tarjoiluvaihtoehtoja kokousiin sek\u00e4 tiloissa olevan kokoustekniikan","breadcrumb":{"@id":"https:\/\/kymenpaviljonki.fi\/tilaisuudet\/tarjoiluvaihtoehtoja-kokouksiin\/#breadcrumb"},"inLanguage":"en-GB","potentialAction":[{"@type":"ReadAction","target":["https:\/\/kymenpaviljonki.fi\/tilaisuudet\/tarjoiluvaihtoehtoja-kokouksiin\/"]}]},{"@type":"ImageObject","inLanguage":"en-GB","@id":"https:\/\/kymenpaviljonki.fi\/tilaisuudet\/tarjoiluvaihtoehtoja-kokouksiin\/#primaryimage","url":"https:\/\/kymenpaviljonki.fi\/wp-content\/uploads\/2021\/03\/nouto1-1-300x84.jpg","contentUrl":"https:\/\/kymenpaviljonki.fi\/wp-content\/uploads\/2021\/03\/nouto1-1-300x84.jpg"},{"@type":"BreadcrumbList","@id":"https:\/\/kymenpaviljonki.fi\/tilaisuudet\/tarjoiluvaihtoehtoja-kokouksiin\/#breadcrumb","itemListElement":[{"@type":"ListItem","position":1,"name":"Etusivu","item":"https:\/\/kymenpaviljonki.fi\/"},{"@type":"ListItem","position":2,"name":"Juhlapalvelu","item":"https:\/\/kymenpaviljonki.fi\/tilaisuudet\/"},{"@type":"ListItem","position":3,"name":"Tarjoiluvaihtoehtoja kokouksiin"}]},{"@type":"WebSite","@id":"https:\/\/kymenpaviljonki.fi\/#website","url":"https:\/\/kymenpaviljonki.fi\/","name":"Kymen Pavilion","description":"Kymen Pavilion","publisher":{"@id":"https:\/\/kymenpaviljonki.fi\/#organization"},"potentialAction":[{"@type":"SearchAction","target":{"@type":"EntryPoint","urlTemplate":"https:\/\/kymenpaviljonki.fi\/?s={search_term_string}"},"query-input":{"@type":"PropertyValueSpecification","valueRequired":true,"valueName":"search_term_string"}}],"inLanguage":"en-GB"},{"@type":"Organization","@id":"https:\/\/kymenpaviljonki.fi\/#organization","name":"Kymen Pavilion","url":"https:\/\/kymenpaviljonki.fi\/","logo":{"@type":"ImageObject","inLanguage":"en-GB","@id":"https:\/\/kymenpaviljonki.fi\/#\/schema\/logo\/image\/","url":"https:\/\/kymenpaviljonki.fi\/wp-content\/uploads\/2022\/05\/cropped-Pavil-logo-valkoinen-vaaka2.png","contentUrl":"https:\/\/kymenpaviljonki.fi\/wp-content\/uploads\/2022\/05\/cropped-Pavil-logo-valkoinen-vaaka2.png","width":1671,"height":225,"caption":"Kymen Paviljonki"},"image":{"@id":"https:\/\/kymenpaviljonki.fi\/#\/schema\/logo\/image\/"}}]}},"_links":{"self":[{"href":"https:\/\/kymenpaviljonki.fi\/en\/wp-json\/wp\/v2\/pages\/423","targetHints":{"allow":["GET"]}}],"collection":[{"href":"https:\/\/kymenpaviljonki.fi\/en\/wp-json\/wp\/v2\/pages"}],"about":[{"href":"https:\/\/kymenpaviljonki.fi\/en\/wp-json\/wp\/v2\/types\/page"}],"author":[{"embeddable":true,"href":"https:\/\/kymenpaviljonki.fi\/en\/wp-json\/wp\/v2\/users\/1"}],"replies":[{"embeddable":true,"href":"https:\/\/kymenpaviljonki.fi\/en\/wp-json\/wp\/v2\/comments?post=423"}],"version-history":[{"count":14,"href":"https:\/\/kymenpaviljonki.fi\/en\/wp-json\/wp\/v2\/pages\/423\/revisions"}],"predecessor-version":[{"id":1903,"href":"https:\/\/kymenpaviljonki.fi\/en\/wp-json\/wp\/v2\/pages\/423\/revisions\/1903"}],"up":[{"embeddable":true,"href":"https:\/\/kymenpaviljonki.fi\/en\/wp-json\/wp\/v2\/pages\/141"}],"wp:attachment":[{"href":"https:\/\/kymenpaviljonki.fi\/en\/wp-json\/wp\/v2\/media?parent=423"}],"curies":[{"name":"wp","href":"https:\/\/api.w.org\/{rel}","templated":true}]}}