{"id":425,"date":"2021-03-02T12:56:15","date_gmt":"2021-03-02T10:56:15","guid":{"rendered":"https:\/\/kypa.juhodesign.fi\/?page_id=425"},"modified":"2024-08-23T16:37:31","modified_gmt":"2024-08-23T13:37:31","slug":"saunaillat-ja-illanistujaiset-yms","status":"publish","type":"page","link":"https:\/\/kymenpaviljonki.fi\/en\/tilaisuudet\/saunaillat-ja-illanistujaiset-yms\/","title":{"rendered":"Sauna evenings and dinners, etc."},"content":{"rendered":"<div data-elementor-type=\"wp-page\" data-elementor-id=\"425\" class=\"elementor elementor-425\">\n\t\t\t\t\t\t<section class=\"elementor-section elementor-top-section elementor-element elementor-element-9d047a7 elementor-reverse-mobile elementor-section-boxed elementor-section-height-default elementor-section-height-default\" data-id=\"9d047a7\" data-element_type=\"section\" data-e-type=\"section\">\n\t\t\t\t\t\t<div class=\"elementor-container elementor-column-gap-default\">\n\t\t\t\t\t<div class=\"elementor-column elementor-col-33 elementor-top-column elementor-element elementor-element-ff56430\" data-id=\"ff56430\" data-element_type=\"column\" data-e-type=\"column\">\n\t\t\t<div class=\"elementor-widget-wrap elementor-element-populated\">\n\t\t\t\t\t\t<div class=\"elementor-element elementor-element-d259ad6 elementor-widget elementor-widget-wp-widget-nav_menu\" data-id=\"d259ad6\" data-element_type=\"widget\" data-e-type=\"widget\" data-widget_type=\"wp-widget-nav_menu.default\">\n\t\t\t\t<div class=\"elementor-widget-container\">\n\t\t\t\t\t<h5>Party services<\/h5><div class=\"menu-juhlapalvelut-container\"><ul id=\"menu-juhlapalvelut\" class=\"menu\"><li id=\"menu-item-416\" class=\"menu-item menu-item-type-post_type menu-item-object-page menu-item-416\"><a href=\"https:\/\/kymenpaviljonki.fi\/en\/tilaisuudet\/poydat-ja-kattaus\/\">Tables and table setting<\/a><\/li>\n<li id=\"menu-item-415\" class=\"menu-item menu-item-type-post_type menu-item-object-page menu-item-has-children menu-item-415\"><a href=\"https:\/\/kymenpaviljonki.fi\/en\/tilaisuudet\/ruoka-ja-juoma\/\">Food and drink<\/a>\n<ul class=\"sub-menu\">\n\t<li id=\"menu-item-414\" class=\"menu-item menu-item-type-post_type menu-item-object-page menu-item-414\"><a href=\"https:\/\/kymenpaviljonki.fi\/en\/tilaisuudet\/menuvaihtoehdot\/\">Menus<\/a><\/li>\n\t<li id=\"menu-item-427\" class=\"menu-item menu-item-type-post_type menu-item-object-page menu-item-427\"><a href=\"https:\/\/kymenpaviljonki.fi\/en\/tilaisuudet\/saunaillat-ja-illanistujaiset-yms\/\">Sauna evenings and dinners, etc.<\/a><\/li>\n\t<li id=\"menu-item-428\" class=\"menu-item menu-item-type-post_type menu-item-object-page menu-item-428\"><a href=\"https:\/\/kymenpaviljonki.fi\/en\/tilaisuudet\/tarjoiluvaihtoehtoja-kokouksiin\/\">Serving options for meetings<\/a><\/li>\n\t<li id=\"menu-item-429\" class=\"menu-item menu-item-type-post_type menu-item-object-page menu-item-429\"><a href=\"https:\/\/kymenpaviljonki.fi\/en\/tilaisuudet\/juomalista\/\">Drinks<\/a><\/li>\n\t<li id=\"menu-item-430\" class=\"menu-item menu-item-type-post_type menu-item-object-page menu-item-430\"><a href=\"https:\/\/kymenpaviljonki.fi\/en\/tilaisuudet\/noutopoytavaihtoehdot\/\">Buffet options for events<\/a><\/li>\n\t<li id=\"menu-item-1262\" class=\"menu-item menu-item-type-custom menu-item-object-custom menu-item-1262\"><a>Sesong menus<\/a><\/li>\n<\/ul>\n<\/li>\n<\/ul><\/div>\t\t\t\t<\/div>\n\t\t\t\t<\/div>\n\t\t\t\t<div class=\"elementor-element elementor-element-995d016 elementor-widget-divider--view-line elementor-widget elementor-widget-divider\" data-id=\"995d016\" data-element_type=\"widget\" data-e-type=\"widget\" data-widget_type=\"divider.default\">\n\t\t\t\t<div class=\"elementor-widget-container\">\n\t\t\t\t\t\t\t<div class=\"elementor-divider\">\n\t\t\t<span class=\"elementor-divider-separator\">\n\t\t\t\t\t\t<\/span>\n\t\t<\/div>\n\t\t\t\t\t\t<\/div>\n\t\t\t\t<\/div>\n\t\t\t\t<div class=\"elementor-element elementor-element-46cf9e1 elementor-widget elementor-widget-wp-widget-nav_menu\" data-id=\"46cf9e1\" data-element_type=\"widget\" data-e-type=\"widget\" data-widget_type=\"wp-widget-nav_menu.default\">\n\t\t\t\t<div class=\"elementor-widget-container\">\n\t\t\t\t\t<h5>Print versions (PDF, JPG)<\/h5><div class=\"menu-pdf-container\"><ul id=\"menu-pdf\" class=\"menu\"><li id=\"menu-item-432\" class=\"menu-item menu-item-type-custom menu-item-object-custom menu-item-432\"><a href=\"https:\/\/kymenpaviljonki.fi\/wp-content\/uploads\/2021\/03\/tilat.pdf\">Facilities<\/a><\/li>\n<li id=\"menu-item-433\" class=\"menu-item menu-item-type-custom menu-item-object-custom menu-item-433\"><a href=\"https:\/\/kymenpaviljonki.fi\/wp-content\/uploads\/2021\/03\/poytaliinat.pdf\">Table setting, tablecloths and table designs<\/a><\/li>\n<li id=\"menu-item-434\" class=\"menu-item menu-item-type-custom menu-item-object-custom menu-item-434\"><a href=\"https:\/\/kymenpaviljonki.fi\/wp-content\/uploads\/2021\/03\/pohjapiirros.jpg\">Floor plan<\/a><\/li>\n<li id=\"menu-item-435\" class=\"menu-item menu-item-type-custom menu-item-object-custom menu-item-435\"><a href=\"https:\/\/kymenpaviljonki.fi\/wp-content\/uploads\/2022\/04\/2022Noutopoytavaihtoehtoja-juhliin.pdf\">Buffet options for events<\/a><\/li>\n<li id=\"menu-item-436\" class=\"menu-item menu-item-type-custom menu-item-object-custom menu-item-436\"><a href=\"https:\/\/kymenpaviljonki.fi\/wp-content\/uploads\/2022\/04\/2022menu.pdf\">Menus<\/a><\/li>\n<li id=\"menu-item-437\" class=\"menu-item menu-item-type-custom menu-item-object-custom menu-item-437\"><a href=\"https:\/\/kymenpaviljonki.fi\/wp-content\/uploads\/2022\/04\/2022juomia-juhliin.pdf\">Drinks<\/a><\/li>\n<li id=\"menu-item-438\" class=\"menu-item menu-item-type-custom menu-item-object-custom menu-item-438\"><a href=\"https:\/\/kymenpaviljonki.fi\/wp-content\/uploads\/2022\/02\/bussiryhmille20.pdf\">For bus groups<\/a><\/li>\n<li id=\"menu-item-439\" class=\"menu-item menu-item-type-custom menu-item-object-custom menu-item-439\"><a href=\"https:\/\/kymenpaviljonki.fi\/wp-content\/uploads\/2022\/04\/2022Tarjoiluvaihtoehtoja-kokouksiin.pdf\">Meetings<\/a><\/li>\n<li id=\"menu-item-440\" class=\"menu-item menu-item-type-custom menu-item-object-custom menu-item-440\"><a href=\"https:\/\/kymenpaviljonki.fi\/wp-content\/uploads\/2022\/03\/saunalista.pdf\">Sauna evenings and dinner parties<\/a><\/li>\n<li id=\"menu-item-1263\" class=\"menu-item menu-item-type-custom menu-item-object-custom menu-item-1263\"><a>Sesong menus<\/a><\/li>\n<\/ul><\/div>\t\t\t\t<\/div>\n\t\t\t\t<\/div>\n\t\t\t\t\t<\/div>\n\t\t<\/div>\n\t\t\t\t<div class=\"elementor-column elementor-col-66 elementor-top-column elementor-element elementor-element-12c0079\" data-id=\"12c0079\" data-element_type=\"column\" data-e-type=\"column\">\n\t\t\t<div class=\"elementor-widget-wrap elementor-element-populated\">\n\t\t\t\t\t\t<div class=\"elementor-element elementor-element-e4fdb36 elementor-widget elementor-widget-text-editor\" data-id=\"e4fdb36\" data-element_type=\"widget\" data-e-type=\"widget\" data-widget_type=\"text-editor.default\">\n\t\t\t\t<div class=\"elementor-widget-container\">\n\t\t\t\t\t\t\t\t\t<header><div id=\"content\"><article><header><h2>Sauna evenings and dinners, etc.<\/h2><p><a href=\"https:\/\/kymenpaviljonki.fi\/wp-content\/uploads\/2021\/03\/sauna.jpg\"><img decoding=\"async\" class=\"alignnone size-medium wp-image-474\" src=\"https:\/\/kymenpaviljonki.fi\/wp-content\/uploads\/2021\/03\/sauna-300x84.jpg\" alt=\"\" width=\"300\" height=\"84\" srcset=\"https:\/\/kymenpaviljonki.fi\/wp-content\/uploads\/2021\/03\/sauna-300x84.jpg 300w, https:\/\/kymenpaviljonki.fi\/wp-content\/uploads\/2021\/03\/sauna-1024x288.jpg 1024w, https:\/\/kymenpaviljonki.fi\/wp-content\/uploads\/2021\/03\/sauna-768x216.jpg 768w, https:\/\/kymenpaviljonki.fi\/wp-content\/uploads\/2021\/03\/sauna-1536x432.jpg 1536w, https:\/\/kymenpaviljonki.fi\/wp-content\/uploads\/2021\/03\/sauna.jpg 1600w\" sizes=\"(max-width: 300px) 100vw, 300px\" \/><\/a><\/p><\/header><h3>Sauna price<\/h3><p>Basic price 100 \u20ac\/1,5h<br \/>Price per person 5,00\u20ac<br \/><i>Price includes towels and detergents. The sauna has a terrace.<\/i><\/p><\/article><\/div><h3>Food options<\/h3><table><tbody><tr><td>\u00a0<\/td><td><strong>Price<\/strong><\/td><\/tr><tr><td><div class=\"piilo\"><b>1.<\/b>\u00a0Sausages (4 pieces\/person) and potato salad, garlic tomato<\/div><\/td><td><b>15,00<\/b><\/td><\/tr><tr><td><div class=\"piilo\"><b>2.<\/b>\u00a0Meat, fish, chicken or vegetarian quiche (you can choose between two types) and green salad<\/div><\/td><td><b>15,00<\/b><\/td><\/tr><tr><td><div class=\"piilo\"><b>3.<\/b>\u00a0Hunter's or chicken sandwich and salad<\/div><\/td><td><b>15,50<\/b><\/td><\/tr><tr><td><div class=\"piilo\"><b>4.<\/b>\u00a0House ham pizza on a baking sheet and green salad<\/div><\/td><td><b>16,00<\/b><\/td><\/tr><tr><td><div class=\"piilo\"><b>5.<\/b>\u00a0House creamy salmon soup and toasted rye bread<\/div><\/td><td><b>16,50<\/b><\/td><\/tr><tr><td><div class=\"piilo\"><b>6.<\/b>\u00a0Warm chicken salad with aura cheese and melon, crispy kiwifruit-wheat bread and butter<\/div><\/td><td><b>15,50<\/b><\/td><\/tr><tr><td><div class=\"piilo\"><b>7.<\/b>\u00a0Salmon and ham soup, beetroot salad, green salad and house dressing, rolls and butter<\/div><\/td><td><b>16,50<\/b><\/td><\/tr><tr><td>Coffee\/tea for dessert<\/td><td><b>3,00\/person<\/b><\/td><\/tr><\/tbody><\/table><p>You can also choose from the a'la carte menu or alternatively we can build the service according to your wishes.<\/p><p><strong>Bringing your own alcoholic beverages is not allowed.<\/strong><br \/>Our house has A-rights.<\/p><p>All foods are lactose-free.<br \/>If necessary, we can also accommodate other special dietary requirements.<\/p><h3>Drinks for the sauna<\/h3><p>Liquorice - 3,50<br \/>III - beer - 5,20<br \/>IV - beer - 6,50<br \/>Lonkero - 6,50<br \/>Ciders - 6,50<\/p><\/header>\t\t\t\t\t\t\t\t<\/div>\n\t\t\t\t<\/div>\n\t\t\t\t\t<\/div>\n\t\t<\/div>\n\t\t\t\t\t<\/div>\n\t\t<\/section>\n\t\t\t\t<\/div>","protected":false},"excerpt":{"rendered":"<p>Saunaillat ja illanistujaiset yms. Saunan hinta Perushinta 100 \u20ac\/1,5hHenkil\u00f6hinta 5,00\u20acHinta sis\u00e4lt\u00e4\u00e4 pyyhkeet ja pesuaineet. Saunan yhteydess\u00e4 terassi. Ruokavaihtoehdot \u00a0 Hinta 1.\u00a0Nakkeja (4 kpl\/hl\u00f6) ja perunasalaattia, valkosipulipatonkia 15,00 2.\u00a0Liha-, kala-, broileri- tai kasvisquichea (voi valita kahta lajia) ja vihre\u00e4\u00e4 salaattia 15,00 3.\u00a0Mets\u00e4st\u00e4j\u00e4nleip\u00e4 tai broilerileip\u00e4 ja salaattia 15,50 4.\u00a0Talon kinkkupizzaa pellilt\u00e4 ja vihersalaattia 16,00 5.\u00a0Talon kermaista lohikeittoa&hellip;&nbsp;<a href=\"https:\/\/kymenpaviljonki.fi\/en\/tilaisuudet\/saunaillat-ja-illanistujaiset-yms\/\" class=\"\" rel=\"bookmark\">Read More \"<span class=\"screen-reader-text\">Sauna evenings and dinners, etc.<\/span><\/a><\/p>","protected":false},"author":1,"featured_media":0,"parent":141,"menu_order":0,"comment_status":"closed","ping_status":"closed","template":"elementor_header_footer","meta":{"inline_featured_image":false,"neve_meta_sidebar":"full-width","neve_meta_container":"","neve_meta_enable_content_width":"on","neve_meta_content_width":100,"neve_meta_title_alignment":"","neve_meta_author_avatar":"","neve_post_elements_order":"","neve_meta_disable_header":"","neve_meta_disable_footer":"","neve_meta_disable_title":"","footnotes":""},"class_list":["post-425","page","type-page","status-publish","hentry"],"yoast_head":"<!-- This site is optimized with the Yoast SEO plugin v24.8.1 - https:\/\/yoast.com\/wordpress\/plugins\/seo\/ -->\n<title>Saunaillat ja illanistujaiset - Rentoudu ja nauti<\/title>\n<meta name=\"description\" content=\"V\u00e4lill\u00e4 on hyv\u00e4 ottaa rennosti ja k\u00e4yd\u00e4 l\u00f6ylyihin. T\u00e4\u00e4lt\u00e4 n\u00e4et hyv\u00e4n illan t\u00e4rkeimm\u00e4t tiedot. Hinta sis\u00e4lt\u00e4\u00e4 pyyhkeet ja pesuaineet. Saunan yhteydess\u00e4 terassi.\" \/>\n<meta name=\"robots\" content=\"index, follow, max-snippet:-1, max-image-preview:large, max-video-preview:-1\" \/>\n<link rel=\"canonical\" href=\"https:\/\/kymenpaviljonki.fi\/en\/tilaisuudet\/saunaillat-ja-illanistujaiset-yms\/\" \/>\n<meta property=\"og:locale\" content=\"en_GB\" \/>\n<meta property=\"og:type\" content=\"article\" \/>\n<meta property=\"og:title\" content=\"Saunaillat ja illanistujaiset - Rentoudu ja nauti\" \/>\n<meta property=\"og:description\" content=\"V\u00e4lill\u00e4 on hyv\u00e4 ottaa rennosti ja k\u00e4yd\u00e4 l\u00f6ylyihin. T\u00e4\u00e4lt\u00e4 n\u00e4et hyv\u00e4n illan t\u00e4rkeimm\u00e4t tiedot. Hinta sis\u00e4lt\u00e4\u00e4 pyyhkeet ja pesuaineet. Saunan yhteydess\u00e4 terassi.\" \/>\n<meta property=\"og:url\" content=\"https:\/\/kymenpaviljonki.fi\/en\/tilaisuudet\/saunaillat-ja-illanistujaiset-yms\/\" \/>\n<meta property=\"og:site_name\" content=\"Kymen Paviljonki\" \/>\n<meta property=\"article:modified_time\" content=\"2024-08-23T13:37:31+00:00\" \/>\n<meta property=\"og:image\" content=\"https:\/\/kymenpaviljonki.fi\/wp-content\/uploads\/2021\/03\/sauna-300x84.jpg\" \/>\n<meta name=\"twitter:card\" content=\"summary_large_image\" \/>\n<meta name=\"twitter:label1\" content=\"Estimated reading time\" \/>\n\t<meta name=\"twitter:data1\" content=\"2 minutes\" \/>\n<script type=\"application\/ld+json\" class=\"yoast-schema-graph\">{\"@context\":\"https:\/\/schema.org\",\"@graph\":[{\"@type\":\"WebPage\",\"@id\":\"https:\/\/kymenpaviljonki.fi\/tilaisuudet\/saunaillat-ja-illanistujaiset-yms\/\",\"url\":\"https:\/\/kymenpaviljonki.fi\/tilaisuudet\/saunaillat-ja-illanistujaiset-yms\/\",\"name\":\"Saunaillat ja illanistujaiset - Rentoudu ja nauti\",\"isPartOf\":{\"@id\":\"https:\/\/kymenpaviljonki.fi\/#website\"},\"primaryImageOfPage\":{\"@id\":\"https:\/\/kymenpaviljonki.fi\/tilaisuudet\/saunaillat-ja-illanistujaiset-yms\/#primaryimage\"},\"image\":{\"@id\":\"https:\/\/kymenpaviljonki.fi\/tilaisuudet\/saunaillat-ja-illanistujaiset-yms\/#primaryimage\"},\"thumbnailUrl\":\"https:\/\/kymenpaviljonki.fi\/wp-content\/uploads\/2021\/03\/sauna-300x84.jpg\",\"datePublished\":\"2021-03-02T10:56:15+00:00\",\"dateModified\":\"2024-08-23T13:37:31+00:00\",\"description\":\"V\u00e4lill\u00e4 on hyv\u00e4 ottaa rennosti ja k\u00e4yd\u00e4 l\u00f6ylyihin. T\u00e4\u00e4lt\u00e4 n\u00e4et hyv\u00e4n illan t\u00e4rkeimm\u00e4t tiedot. Hinta sis\u00e4lt\u00e4\u00e4 pyyhkeet ja pesuaineet. Saunan yhteydess\u00e4 terassi.\",\"breadcrumb\":{\"@id\":\"https:\/\/kymenpaviljonki.fi\/tilaisuudet\/saunaillat-ja-illanistujaiset-yms\/#breadcrumb\"},\"inLanguage\":\"en-GB\",\"potentialAction\":[{\"@type\":\"ReadAction\",\"target\":[\"https:\/\/kymenpaviljonki.fi\/tilaisuudet\/saunaillat-ja-illanistujaiset-yms\/\"]}]},{\"@type\":\"ImageObject\",\"inLanguage\":\"en-GB\",\"@id\":\"https:\/\/kymenpaviljonki.fi\/tilaisuudet\/saunaillat-ja-illanistujaiset-yms\/#primaryimage\",\"url\":\"https:\/\/kymenpaviljonki.fi\/wp-content\/uploads\/2021\/03\/sauna-300x84.jpg\",\"contentUrl\":\"https:\/\/kymenpaviljonki.fi\/wp-content\/uploads\/2021\/03\/sauna-300x84.jpg\"},{\"@type\":\"BreadcrumbList\",\"@id\":\"https:\/\/kymenpaviljonki.fi\/tilaisuudet\/saunaillat-ja-illanistujaiset-yms\/#breadcrumb\",\"itemListElement\":[{\"@type\":\"ListItem\",\"position\":1,\"name\":\"Etusivu\",\"item\":\"https:\/\/kymenpaviljonki.fi\/\"},{\"@type\":\"ListItem\",\"position\":2,\"name\":\"Juhlapalvelu\",\"item\":\"https:\/\/kymenpaviljonki.fi\/tilaisuudet\/\"},{\"@type\":\"ListItem\",\"position\":3,\"name\":\"Saunaillat ja illanistujaiset yms.\"}]},{\"@type\":\"WebSite\",\"@id\":\"https:\/\/kymenpaviljonki.fi\/#website\",\"url\":\"https:\/\/kymenpaviljonki.fi\/\",\"name\":\"Kymen Paviljonki\",\"description\":\"Kymen Paviljonki\",\"publisher\":{\"@id\":\"https:\/\/kymenpaviljonki.fi\/#organization\"},\"potentialAction\":[{\"@type\":\"SearchAction\",\"target\":{\"@type\":\"EntryPoint\",\"urlTemplate\":\"https:\/\/kymenpaviljonki.fi\/?s={search_term_string}\"},\"query-input\":{\"@type\":\"PropertyValueSpecification\",\"valueRequired\":true,\"valueName\":\"search_term_string\"}}],\"inLanguage\":\"en-GB\"},{\"@type\":\"Organization\",\"@id\":\"https:\/\/kymenpaviljonki.fi\/#organization\",\"name\":\"Kymen Paviljonki\",\"url\":\"https:\/\/kymenpaviljonki.fi\/\",\"logo\":{\"@type\":\"ImageObject\",\"inLanguage\":\"en-GB\",\"@id\":\"https:\/\/kymenpaviljonki.fi\/#\/schema\/logo\/image\/\",\"url\":\"https:\/\/kymenpaviljonki.fi\/wp-content\/uploads\/2022\/05\/cropped-Pavil-logo-valkoinen-vaaka2.png\",\"contentUrl\":\"https:\/\/kymenpaviljonki.fi\/wp-content\/uploads\/2022\/05\/cropped-Pavil-logo-valkoinen-vaaka2.png\",\"width\":1671,\"height\":225,\"caption\":\"Kymen Paviljonki\"},\"image\":{\"@id\":\"https:\/\/kymenpaviljonki.fi\/#\/schema\/logo\/image\/\"}}]}<\/script>\n<!-- \/ Yoast SEO plugin. -->","yoast_head_json":{"title":"Saunaillat ja illanistujaiset - Rentoudu ja nauti","description":"V\u00e4lill\u00e4 on hyv\u00e4 ottaa rennosti ja k\u00e4yd\u00e4 l\u00f6ylyihin. T\u00e4\u00e4lt\u00e4 n\u00e4et hyv\u00e4n illan t\u00e4rkeimm\u00e4t tiedot. Hinta sis\u00e4lt\u00e4\u00e4 pyyhkeet ja pesuaineet. Saunan yhteydess\u00e4 terassi.","robots":{"index":"index","follow":"follow","max-snippet":"max-snippet:-1","max-image-preview":"max-image-preview:large","max-video-preview":"max-video-preview:-1"},"canonical":"https:\/\/kymenpaviljonki.fi\/en\/tilaisuudet\/saunaillat-ja-illanistujaiset-yms\/","og_locale":"en_GB","og_type":"article","og_title":"Saunaillat ja illanistujaiset - Rentoudu ja nauti","og_description":"V\u00e4lill\u00e4 on hyv\u00e4 ottaa rennosti ja k\u00e4yd\u00e4 l\u00f6ylyihin. T\u00e4\u00e4lt\u00e4 n\u00e4et hyv\u00e4n illan t\u00e4rkeimm\u00e4t tiedot. Hinta sis\u00e4lt\u00e4\u00e4 pyyhkeet ja pesuaineet. Saunan yhteydess\u00e4 terassi.","og_url":"https:\/\/kymenpaviljonki.fi\/en\/tilaisuudet\/saunaillat-ja-illanistujaiset-yms\/","og_site_name":"Kymen Paviljonki","article_modified_time":"2024-08-23T13:37:31+00:00","og_image":[{"url":"https:\/\/kymenpaviljonki.fi\/wp-content\/uploads\/2021\/03\/sauna-300x84.jpg","type":"","width":"","height":""}],"twitter_card":"summary_large_image","twitter_misc":{"Estimated reading time":"2 minutes"},"schema":{"@context":"https:\/\/schema.org","@graph":[{"@type":"WebPage","@id":"https:\/\/kymenpaviljonki.fi\/tilaisuudet\/saunaillat-ja-illanistujaiset-yms\/","url":"https:\/\/kymenpaviljonki.fi\/tilaisuudet\/saunaillat-ja-illanistujaiset-yms\/","name":"Saunaillat ja illanistujaiset - Rentoudu ja nauti","isPartOf":{"@id":"https:\/\/kymenpaviljonki.fi\/#website"},"primaryImageOfPage":{"@id":"https:\/\/kymenpaviljonki.fi\/tilaisuudet\/saunaillat-ja-illanistujaiset-yms\/#primaryimage"},"image":{"@id":"https:\/\/kymenpaviljonki.fi\/tilaisuudet\/saunaillat-ja-illanistujaiset-yms\/#primaryimage"},"thumbnailUrl":"https:\/\/kymenpaviljonki.fi\/wp-content\/uploads\/2021\/03\/sauna-300x84.jpg","datePublished":"2021-03-02T10:56:15+00:00","dateModified":"2024-08-23T13:37:31+00:00","description":"V\u00e4lill\u00e4 on hyv\u00e4 ottaa rennosti ja k\u00e4yd\u00e4 l\u00f6ylyihin. T\u00e4\u00e4lt\u00e4 n\u00e4et hyv\u00e4n illan t\u00e4rkeimm\u00e4t tiedot. Hinta sis\u00e4lt\u00e4\u00e4 pyyhkeet ja pesuaineet. Saunan yhteydess\u00e4 terassi.","breadcrumb":{"@id":"https:\/\/kymenpaviljonki.fi\/tilaisuudet\/saunaillat-ja-illanistujaiset-yms\/#breadcrumb"},"inLanguage":"en-GB","potentialAction":[{"@type":"ReadAction","target":["https:\/\/kymenpaviljonki.fi\/tilaisuudet\/saunaillat-ja-illanistujaiset-yms\/"]}]},{"@type":"ImageObject","inLanguage":"en-GB","@id":"https:\/\/kymenpaviljonki.fi\/tilaisuudet\/saunaillat-ja-illanistujaiset-yms\/#primaryimage","url":"https:\/\/kymenpaviljonki.fi\/wp-content\/uploads\/2021\/03\/sauna-300x84.jpg","contentUrl":"https:\/\/kymenpaviljonki.fi\/wp-content\/uploads\/2021\/03\/sauna-300x84.jpg"},{"@type":"BreadcrumbList","@id":"https:\/\/kymenpaviljonki.fi\/tilaisuudet\/saunaillat-ja-illanistujaiset-yms\/#breadcrumb","itemListElement":[{"@type":"ListItem","position":1,"name":"Etusivu","item":"https:\/\/kymenpaviljonki.fi\/"},{"@type":"ListItem","position":2,"name":"Juhlapalvelu","item":"https:\/\/kymenpaviljonki.fi\/tilaisuudet\/"},{"@type":"ListItem","position":3,"name":"Saunaillat ja illanistujaiset yms."}]},{"@type":"WebSite","@id":"https:\/\/kymenpaviljonki.fi\/#website","url":"https:\/\/kymenpaviljonki.fi\/","name":"Kymen Pavilion","description":"Kymen Pavilion","publisher":{"@id":"https:\/\/kymenpaviljonki.fi\/#organization"},"potentialAction":[{"@type":"SearchAction","target":{"@type":"EntryPoint","urlTemplate":"https:\/\/kymenpaviljonki.fi\/?s={search_term_string}"},"query-input":{"@type":"PropertyValueSpecification","valueRequired":true,"valueName":"search_term_string"}}],"inLanguage":"en-GB"},{"@type":"Organization","@id":"https:\/\/kymenpaviljonki.fi\/#organization","name":"Kymen Pavilion","url":"https:\/\/kymenpaviljonki.fi\/","logo":{"@type":"ImageObject","inLanguage":"en-GB","@id":"https:\/\/kymenpaviljonki.fi\/#\/schema\/logo\/image\/","url":"https:\/\/kymenpaviljonki.fi\/wp-content\/uploads\/2022\/05\/cropped-Pavil-logo-valkoinen-vaaka2.png","contentUrl":"https:\/\/kymenpaviljonki.fi\/wp-content\/uploads\/2022\/05\/cropped-Pavil-logo-valkoinen-vaaka2.png","width":1671,"height":225,"caption":"Kymen Paviljonki"},"image":{"@id":"https:\/\/kymenpaviljonki.fi\/#\/schema\/logo\/image\/"}}]}},"_links":{"self":[{"href":"https:\/\/kymenpaviljonki.fi\/en\/wp-json\/wp\/v2\/pages\/425","targetHints":{"allow":["GET"]}}],"collection":[{"href":"https:\/\/kymenpaviljonki.fi\/en\/wp-json\/wp\/v2\/pages"}],"about":[{"href":"https:\/\/kymenpaviljonki.fi\/en\/wp-json\/wp\/v2\/types\/page"}],"author":[{"embeddable":true,"href":"https:\/\/kymenpaviljonki.fi\/en\/wp-json\/wp\/v2\/users\/1"}],"replies":[{"embeddable":true,"href":"https:\/\/kymenpaviljonki.fi\/en\/wp-json\/wp\/v2\/comments?post=425"}],"version-history":[{"count":11,"href":"https:\/\/kymenpaviljonki.fi\/en\/wp-json\/wp\/v2\/pages\/425\/revisions"}],"predecessor-version":[{"id":1658,"href":"https:\/\/kymenpaviljonki.fi\/en\/wp-json\/wp\/v2\/pages\/425\/revisions\/1658"}],"up":[{"embeddable":true,"href":"https:\/\/kymenpaviljonki.fi\/en\/wp-json\/wp\/v2\/pages\/141"}],"wp:attachment":[{"href":"https:\/\/kymenpaviljonki.fi\/en\/wp-json\/wp\/v2\/media?parent=425"}],"curies":[{"name":"wp","href":"https:\/\/api.w.org\/{rel}","templated":true}]}}