{"id":4934,"date":"2023-05-19T12:02:46","date_gmt":"2023-05-19T09:02:46","guid":{"rendered":"https:\/\/kymenpaviljonki.fi\/?page_id=4934"},"modified":"2024-08-23T17:00:25","modified_gmt":"2024-08-23T14:00:25","slug":"nayttelytilat","status":"publish","type":"page","link":"https:\/\/kymenpaviljonki.fi\/en\/nayttelytilat\/","title":{"rendered":"Exhibition space"},"content":{"rendered":"<div data-elementor-type=\"wp-page\" data-elementor-id=\"4934\" class=\"elementor elementor-4934\">\n\t\t\t\t\t\t<section class=\"elementor-section elementor-top-section elementor-element elementor-element-9a5bef7 elementor-section-full_width elementor-section-height-min-height elementor-section-height-default elementor-section-items-middle\" data-id=\"9a5bef7\" data-element_type=\"section\" data-e-type=\"section\" data-settings=\"{&quot;animation&quot;:&quot;none&quot;}\">\n\t\t\t\t\t\t\t<div class=\"elementor-background-overlay\"><\/div>\n\t\t\t\t\t\t\t<div class=\"elementor-container elementor-column-gap-default\">\n\t\t\t\t\t<div class=\"elementor-column elementor-col-100 elementor-top-column elementor-element elementor-element-6126d97\" data-id=\"6126d97\" data-element_type=\"column\" data-e-type=\"column\">\n\t\t\t<div class=\"elementor-widget-wrap elementor-element-populated\">\n\t\t\t\t\t\t<div class=\"elementor-element elementor-element-e26d943 elementor-widget elementor-widget-heading\" data-id=\"e26d943\" data-element_type=\"widget\" data-e-type=\"widget\" data-widget_type=\"heading.default\">\n\t\t\t\t<div class=\"elementor-widget-container\">\n\t\t\t\t\t<h2 class=\"elementor-heading-title elementor-size-default\">Exhibition space\n<\/h2>\t\t\t\t<\/div>\n\t\t\t\t<\/div>\n\t\t\t\t\t<\/div>\n\t\t<\/div>\n\t\t\t\t\t<\/div>\n\t\t<\/section>\n\t\t\t\t<section class=\"elementor-section elementor-top-section elementor-element elementor-element-8722618 elementor-section-boxed elementor-section-height-default elementor-section-height-default\" data-id=\"8722618\" data-element_type=\"section\" data-e-type=\"section\">\n\t\t\t\t\t\t<div class=\"elementor-container elementor-column-gap-default\">\n\t\t\t\t\t<div class=\"elementor-column elementor-col-100 elementor-top-column elementor-element elementor-element-72decb1\" data-id=\"72decb1\" data-element_type=\"column\" data-e-type=\"column\">\n\t\t\t<div class=\"elementor-widget-wrap elementor-element-populated\">\n\t\t\t\t\t\t<div class=\"elementor-element elementor-element-3954a45 elementor-arrows-position-outside elementor-widget elementor-widget-image-carousel\" data-id=\"3954a45\" data-element_type=\"widget\" data-e-type=\"widget\" data-settings=\"{&quot;slides_to_show&quot;:&quot;1&quot;,&quot;navigation&quot;:&quot;arrows&quot;,&quot;autoplay&quot;:&quot;no&quot;,&quot;slides_to_show_mobile&quot;:&quot;1&quot;,&quot;infinite&quot;:&quot;yes&quot;,&quot;effect&quot;:&quot;slide&quot;,&quot;speed&quot;:500}\" data-widget_type=\"image-carousel.default\">\n\t\t\t\t<div class=\"elementor-widget-container\">\n\t\t\t\t\t\t\t<div class=\"elementor-image-carousel-wrapper swiper\" role=\"region\" aria-roledescription=\"carousel\" aria-label=\"Image Carousel\" dir=\"ltr\" data-no-translation-aria-label=\"\">\n\t\t\t<div class=\"elementor-image-carousel swiper-wrapper\" aria-live=\"polite\">\n\t\t\t\t\t\t\t\t<div class=\"swiper-slide\" role=\"group\" aria-roledescription=\"slide\" aria-label=\"1 of 3\" data-no-translation-aria-label=\"\"><a data-elementor-open-lightbox=\"yes\" data-elementor-lightbox-slideshow=\"3954a45\" data-elementor-lightbox-title=\"IMG_20220204_182032\" data-e-action-hash=\"#elementor-action%3Aaction%3Dlightbox%26settings%3DeyJpZCI6NDk0OCwidXJsIjoiaHR0cHM6XC9cL2t5bWVucGF2aWxqb25raS5maVwvd3AtY29udGVudFwvdXBsb2Fkc1wvMjAyM1wvMDVcL0lNR18yMDIyMDIwNF8xODIwMzItMS1zY2FsZWQuanBnIiwic2xpZGVzaG93IjoiMzk1NGE0NSJ9\" href=\"https:\/\/kymenpaviljonki.fi\/wp-content\/uploads\/2023\/05\/IMG_20220204_182032-1-scaled.jpg\"><figure class=\"swiper-slide-inner\"><img decoding=\"async\" class=\"swiper-slide-image\" src=\"https:\/\/kymenpaviljonki.fi\/wp-content\/uploads\/2023\/05\/IMG_20220204_182032-1-768x576.jpg\" alt=\"IMG_20220204_182032\" \/><\/figure><\/a><\/div><div class=\"swiper-slide\" role=\"group\" aria-roledescription=\"slide\" aria-label=\"2 of 3\" data-no-translation-aria-label=\"\"><a data-elementor-open-lightbox=\"yes\" data-elementor-lightbox-slideshow=\"3954a45\" data-elementor-lightbox-title=\"IMG_20220507_114041\" data-e-action-hash=\"#elementor-action%3Aaction%3Dlightbox%26settings%3DeyJpZCI6NDk0OSwidXJsIjoiaHR0cHM6XC9cL2t5bWVucGF2aWxqb25raS5maVwvd3AtY29udGVudFwvdXBsb2Fkc1wvMjAyM1wvMDVcL0lNR18yMDIyMDUwN18xMTQwNDEtc2NhbGVkLmpwZyIsInNsaWRlc2hvdyI6IjM5NTRhNDUifQ%3D%3D\" href=\"https:\/\/kymenpaviljonki.fi\/wp-content\/uploads\/2023\/05\/IMG_20220507_114041-scaled.jpg\"><figure class=\"swiper-slide-inner\"><img decoding=\"async\" class=\"swiper-slide-image\" src=\"https:\/\/kymenpaviljonki.fi\/wp-content\/uploads\/2023\/05\/IMG_20220507_114041-768x1024.jpg\" alt=\"IMG_20220507_114041\" \/><\/figure><\/a><\/div><div class=\"swiper-slide\" role=\"group\" aria-roledescription=\"slide\" aria-label=\"3 of 3\" data-no-translation-aria-label=\"\"><a data-elementor-open-lightbox=\"yes\" data-elementor-lightbox-slideshow=\"3954a45\" data-elementor-lightbox-title=\"IMG-20230426-WA0001\" data-e-action-hash=\"#elementor-action%3Aaction%3Dlightbox%26settings%3DeyJpZCI6NDk1MCwidXJsIjoiaHR0cHM6XC9cL2t5bWVucGF2aWxqb25raS5maVwvd3AtY29udGVudFwvdXBsb2Fkc1wvMjAyM1wvMDVcL0lNRy0yMDIzMDQyNi1XQTAwMDEuanBnIiwic2xpZGVzaG93IjoiMzk1NGE0NSJ9\" href=\"https:\/\/kymenpaviljonki.fi\/wp-content\/uploads\/2023\/05\/IMG-20230426-WA0001.jpg\"><figure class=\"swiper-slide-inner\"><img decoding=\"async\" class=\"swiper-slide-image\" src=\"https:\/\/kymenpaviljonki.fi\/wp-content\/uploads\/2023\/05\/IMG-20230426-WA0001-768x576.jpg\" alt=\"IMG-20230426-WA0001\" \/><\/figure><\/a><\/div>\t\t\t<\/div>\n\t\t\t\t\t\t\t\t\t\t\t\t<div class=\"elementor-swiper-button elementor-swiper-button-prev\" role=\"button\" tabindex=\"0\">\n\t\t\t\t\t\t<i aria-hidden=\"true\" class=\"eicon-chevron-left\"><\/i>\t\t\t\t\t<\/div>\n\t\t\t\t\t<div class=\"elementor-swiper-button elementor-swiper-button-next\" role=\"button\" tabindex=\"0\">\n\t\t\t\t\t\t<i aria-hidden=\"true\" class=\"eicon-chevron-right\"><\/i>\t\t\t\t\t<\/div>\n\t\t\t\t\n\t\t\t\t\t\t\t\t\t<\/div>\n\t\t\t\t\t\t<\/div>\n\t\t\t\t<\/div>\n\t\t\t\t\t<\/div>\n\t\t<\/div>\n\t\t\t\t\t<\/div>\n\t\t<\/section>\n\t\t\t\t<\/div>","protected":false},"excerpt":{"rendered":"<p>Exhibition spaces Previous image Next image<\/p>","protected":false},"author":1,"featured_media":0,"parent":0,"menu_order":0,"comment_status":"closed","ping_status":"closed","template":"page-templates\/template-pagebuilder-full-width.php","meta":{"inline_featured_image":false,"neve_meta_sidebar":"","neve_meta_container":"","neve_meta_enable_content_width":"","neve_meta_content_width":0,"neve_meta_title_alignment":"","neve_meta_author_avatar":"","neve_post_elements_order":"","neve_meta_disable_header":"","neve_meta_disable_footer":"","neve_meta_disable_title":"","footnotes":""},"class_list":["post-4934","page","type-page","status-publish","hentry"],"yoast_head":"<!-- This site is optimized with the Yoast SEO plugin v24.8.1 - https:\/\/yoast.com\/wordpress\/plugins\/seo\/ -->\n<title>Verso-galleria - Matalan kynnyksen taiden\u00e4yttely<\/title>\n<meta name=\"description\" content=\"Verso-galleriassa nuoret paikalliset taiteilijat p\u00e4\u00e4sev\u00e4t esittelem\u00e4\u00e4n taideteoksiaan. L\u00e4hinn\u00e4 maalauksista koostuvat n\u00e4yttelyt vaihtuvat 3 kuukauden v\u00e4lein.\" \/>\n<meta name=\"robots\" content=\"index, follow, max-snippet:-1, max-image-preview:large, max-video-preview:-1\" \/>\n<link rel=\"canonical\" href=\"https:\/\/kymenpaviljonki.fi\/en\/nayttelytilat\/\" \/>\n<meta property=\"og:locale\" content=\"en_GB\" \/>\n<meta property=\"og:type\" content=\"article\" \/>\n<meta property=\"og:title\" content=\"Verso-galleria - Matalan kynnyksen taiden\u00e4yttely\" \/>\n<meta property=\"og:description\" content=\"Verso-galleriassa nuoret paikalliset taiteilijat p\u00e4\u00e4sev\u00e4t esittelem\u00e4\u00e4n taideteoksiaan. L\u00e4hinn\u00e4 maalauksista koostuvat n\u00e4yttelyt vaihtuvat 3 kuukauden v\u00e4lein.\" \/>\n<meta property=\"og:url\" content=\"https:\/\/kymenpaviljonki.fi\/en\/nayttelytilat\/\" \/>\n<meta property=\"og:site_name\" content=\"Kymen Paviljonki\" \/>\n<meta property=\"article:modified_time\" content=\"2024-08-23T14:00:25+00:00\" \/>\n<meta property=\"og:image\" content=\"https:\/\/kymenpaviljonki.fi\/wp-content\/uploads\/2023\/05\/IMG_20220204_182032-1-768x576.jpg\" \/>\n<meta name=\"twitter:card\" content=\"summary_large_image\" \/>\n<meta name=\"twitter:label1\" content=\"Estimated reading time\" \/>\n\t<meta name=\"twitter:data1\" content=\"1 minute\" \/>\n<script type=\"application\/ld+json\" class=\"yoast-schema-graph\">{\"@context\":\"https:\/\/schema.org\",\"@graph\":[{\"@type\":\"WebPage\",\"@id\":\"https:\/\/kymenpaviljonki.fi\/nayttelytilat\/\",\"url\":\"https:\/\/kymenpaviljonki.fi\/nayttelytilat\/\",\"name\":\"Verso-galleria - Matalan kynnyksen taiden\u00e4yttely\",\"isPartOf\":{\"@id\":\"https:\/\/kymenpaviljonki.fi\/#website\"},\"primaryImageOfPage\":{\"@id\":\"https:\/\/kymenpaviljonki.fi\/nayttelytilat\/#primaryimage\"},\"image\":{\"@id\":\"https:\/\/kymenpaviljonki.fi\/nayttelytilat\/#primaryimage\"},\"thumbnailUrl\":\"https:\/\/kymenpaviljonki.fi\/wp-content\/uploads\/2023\/05\/IMG_20220204_182032-1-768x576.jpg\",\"datePublished\":\"2023-05-19T09:02:46+00:00\",\"dateModified\":\"2024-08-23T14:00:25+00:00\",\"description\":\"Verso-galleriassa nuoret paikalliset taiteilijat p\u00e4\u00e4sev\u00e4t esittelem\u00e4\u00e4n taideteoksiaan. L\u00e4hinn\u00e4 maalauksista koostuvat n\u00e4yttelyt vaihtuvat 3 kuukauden v\u00e4lein.\",\"breadcrumb\":{\"@id\":\"https:\/\/kymenpaviljonki.fi\/nayttelytilat\/#breadcrumb\"},\"inLanguage\":\"en-GB\",\"potentialAction\":[{\"@type\":\"ReadAction\",\"target\":[\"https:\/\/kymenpaviljonki.fi\/nayttelytilat\/\"]}]},{\"@type\":\"ImageObject\",\"inLanguage\":\"en-GB\",\"@id\":\"https:\/\/kymenpaviljonki.fi\/nayttelytilat\/#primaryimage\",\"url\":\"https:\/\/kymenpaviljonki.fi\/wp-content\/uploads\/2023\/05\/IMG_20220204_182032-1-768x576.jpg\",\"contentUrl\":\"https:\/\/kymenpaviljonki.fi\/wp-content\/uploads\/2023\/05\/IMG_20220204_182032-1-768x576.jpg\"},{\"@type\":\"BreadcrumbList\",\"@id\":\"https:\/\/kymenpaviljonki.fi\/nayttelytilat\/#breadcrumb\",\"itemListElement\":[{\"@type\":\"ListItem\",\"position\":1,\"name\":\"Etusivu\",\"item\":\"https:\/\/kymenpaviljonki.fi\/\"},{\"@type\":\"ListItem\",\"position\":2,\"name\":\"N\u00e4yttelytilat\"}]},{\"@type\":\"WebSite\",\"@id\":\"https:\/\/kymenpaviljonki.fi\/#website\",\"url\":\"https:\/\/kymenpaviljonki.fi\/\",\"name\":\"Kymen Paviljonki\",\"description\":\"Kymen Paviljonki\",\"publisher\":{\"@id\":\"https:\/\/kymenpaviljonki.fi\/#organization\"},\"potentialAction\":[{\"@type\":\"SearchAction\",\"target\":{\"@type\":\"EntryPoint\",\"urlTemplate\":\"https:\/\/kymenpaviljonki.fi\/?s={search_term_string}\"},\"query-input\":{\"@type\":\"PropertyValueSpecification\",\"valueRequired\":true,\"valueName\":\"search_term_string\"}}],\"inLanguage\":\"en-GB\"},{\"@type\":\"Organization\",\"@id\":\"https:\/\/kymenpaviljonki.fi\/#organization\",\"name\":\"Kymen Paviljonki\",\"url\":\"https:\/\/kymenpaviljonki.fi\/\",\"logo\":{\"@type\":\"ImageObject\",\"inLanguage\":\"en-GB\",\"@id\":\"https:\/\/kymenpaviljonki.fi\/#\/schema\/logo\/image\/\",\"url\":\"https:\/\/kymenpaviljonki.fi\/wp-content\/uploads\/2022\/05\/cropped-Pavil-logo-valkoinen-vaaka2.png\",\"contentUrl\":\"https:\/\/kymenpaviljonki.fi\/wp-content\/uploads\/2022\/05\/cropped-Pavil-logo-valkoinen-vaaka2.png\",\"width\":1671,\"height\":225,\"caption\":\"Kymen Paviljonki\"},\"image\":{\"@id\":\"https:\/\/kymenpaviljonki.fi\/#\/schema\/logo\/image\/\"}}]}<\/script>\n<!-- \/ Yoast SEO plugin. -->","yoast_head_json":{"title":"Verso-galleria - Low threshold art exhibition","description":"The Verso Gallery gives young local artists the chance to showcase their artwork. The exhibitions, mainly of paintings, change every 3 months.","robots":{"index":"index","follow":"follow","max-snippet":"max-snippet:-1","max-image-preview":"max-image-preview:large","max-video-preview":"max-video-preview:-1"},"canonical":"https:\/\/kymenpaviljonki.fi\/en\/nayttelytilat\/","og_locale":"en_GB","og_type":"article","og_title":"Verso-galleria - Matalan kynnyksen taiden\u00e4yttely","og_description":"Verso-galleriassa nuoret paikalliset taiteilijat p\u00e4\u00e4sev\u00e4t esittelem\u00e4\u00e4n taideteoksiaan. L\u00e4hinn\u00e4 maalauksista koostuvat n\u00e4yttelyt vaihtuvat 3 kuukauden v\u00e4lein.","og_url":"https:\/\/kymenpaviljonki.fi\/en\/nayttelytilat\/","og_site_name":"Kymen Paviljonki","article_modified_time":"2024-08-23T14:00:25+00:00","og_image":[{"url":"https:\/\/kymenpaviljonki.fi\/wp-content\/uploads\/2023\/05\/IMG_20220204_182032-1-768x576.jpg","type":"","width":"","height":""}],"twitter_card":"summary_large_image","twitter_misc":{"Estimated reading time":"1 minute"},"schema":{"@context":"https:\/\/schema.org","@graph":[{"@type":"WebPage","@id":"https:\/\/kymenpaviljonki.fi\/nayttelytilat\/","url":"https:\/\/kymenpaviljonki.fi\/nayttelytilat\/","name":"Verso-galleria - Low threshold art exhibition","isPartOf":{"@id":"https:\/\/kymenpaviljonki.fi\/#website"},"primaryImageOfPage":{"@id":"https:\/\/kymenpaviljonki.fi\/nayttelytilat\/#primaryimage"},"image":{"@id":"https:\/\/kymenpaviljonki.fi\/nayttelytilat\/#primaryimage"},"thumbnailUrl":"https:\/\/kymenpaviljonki.fi\/wp-content\/uploads\/2023\/05\/IMG_20220204_182032-1-768x576.jpg","datePublished":"2023-05-19T09:02:46+00:00","dateModified":"2024-08-23T14:00:25+00:00","description":"The Verso Gallery gives young local artists the chance to showcase their artwork. The exhibitions, mainly of paintings, change every 3 months.","breadcrumb":{"@id":"https:\/\/kymenpaviljonki.fi\/nayttelytilat\/#breadcrumb"},"inLanguage":"en-GB","potentialAction":[{"@type":"ReadAction","target":["https:\/\/kymenpaviljonki.fi\/nayttelytilat\/"]}]},{"@type":"ImageObject","inLanguage":"en-GB","@id":"https:\/\/kymenpaviljonki.fi\/nayttelytilat\/#primaryimage","url":"https:\/\/kymenpaviljonki.fi\/wp-content\/uploads\/2023\/05\/IMG_20220204_182032-1-768x576.jpg","contentUrl":"https:\/\/kymenpaviljonki.fi\/wp-content\/uploads\/2023\/05\/IMG_20220204_182032-1-768x576.jpg"},{"@type":"BreadcrumbList","@id":"https:\/\/kymenpaviljonki.fi\/nayttelytilat\/#breadcrumb","itemListElement":[{"@type":"ListItem","position":1,"name":"Etusivu","item":"https:\/\/kymenpaviljonki.fi\/"},{"@type":"ListItem","position":2,"name":"N\u00e4yttelytilat"}]},{"@type":"WebSite","@id":"https:\/\/kymenpaviljonki.fi\/#website","url":"https:\/\/kymenpaviljonki.fi\/","name":"Kymen Pavilion","description":"Kymen Pavilion","publisher":{"@id":"https:\/\/kymenpaviljonki.fi\/#organization"},"potentialAction":[{"@type":"SearchAction","target":{"@type":"EntryPoint","urlTemplate":"https:\/\/kymenpaviljonki.fi\/?s={search_term_string}"},"query-input":{"@type":"PropertyValueSpecification","valueRequired":true,"valueName":"search_term_string"}}],"inLanguage":"en-GB"},{"@type":"Organization","@id":"https:\/\/kymenpaviljonki.fi\/#organization","name":"Kymen Pavilion","url":"https:\/\/kymenpaviljonki.fi\/","logo":{"@type":"ImageObject","inLanguage":"en-GB","@id":"https:\/\/kymenpaviljonki.fi\/#\/schema\/logo\/image\/","url":"https:\/\/kymenpaviljonki.fi\/wp-content\/uploads\/2022\/05\/cropped-Pavil-logo-valkoinen-vaaka2.png","contentUrl":"https:\/\/kymenpaviljonki.fi\/wp-content\/uploads\/2022\/05\/cropped-Pavil-logo-valkoinen-vaaka2.png","width":1671,"height":225,"caption":"Kymen Paviljonki"},"image":{"@id":"https:\/\/kymenpaviljonki.fi\/#\/schema\/logo\/image\/"}}]}},"_links":{"self":[{"href":"https:\/\/kymenpaviljonki.fi\/en\/wp-json\/wp\/v2\/pages\/4934","targetHints":{"allow":["GET"]}}],"collection":[{"href":"https:\/\/kymenpaviljonki.fi\/en\/wp-json\/wp\/v2\/pages"}],"about":[{"href":"https:\/\/kymenpaviljonki.fi\/en\/wp-json\/wp\/v2\/types\/page"}],"author":[{"embeddable":true,"href":"https:\/\/kymenpaviljonki.fi\/en\/wp-json\/wp\/v2\/users\/1"}],"replies":[{"embeddable":true,"href":"https:\/\/kymenpaviljonki.fi\/en\/wp-json\/wp\/v2\/comments?post=4934"}],"version-history":[{"count":13,"href":"https:\/\/kymenpaviljonki.fi\/en\/wp-json\/wp\/v2\/pages\/4934\/revisions"}],"predecessor-version":[{"id":4953,"href":"https:\/\/kymenpaviljonki.fi\/en\/wp-json\/wp\/v2\/pages\/4934\/revisions\/4953"}],"wp:attachment":[{"href":"https:\/\/kymenpaviljonki.fi\/en\/wp-json\/wp\/v2\/media?parent=4934"}],"curies":[{"name":"wp","href":"https:\/\/api.w.org\/{rel}","templated":true}]}}